{"id":721118,"date":"2025-08-27T18:45:45","date_gmt":"2025-08-27T15:45:45","guid":{"rendered":"https:\/\/roveyayinevi.com.tr\/index.php\/urun\/hayat-degistiren-yiyecekler\/"},"modified":"2026-04-16T02:29:16","modified_gmt":"2026-04-15T23:29:16","slug":"hayat-degistiren-yiyecekler","status":"publish","type":"product","link":"https:\/\/roveyayinevi.com.tr\/index.php\/urun\/hayat-degistiren-yiyecekler\/","title":{"rendered":"Hayat De\u011fi\u015ftiren Yiyecekler"},"content":{"rendered":"<p>Ezber bozan kitap Medikal Medyum\u2019un yazar\u0131n\u0131n heyecanla beklenen kitab\u0131 T\u00fcrk\u00e7ede!Hastal\u0131klar\u0131n ger\u00e7ek sebeplerine y\u00f6nelik t\u00fcm detaylar\u0131n yer ald\u0131\u011f\u0131 bu kitapta, ya\u015fam\u0131m\u0131z\u0131 tehdit eden Affetmeyen D\u00f6rtl\u00fc\u2019n\u00fcn ne oldu\u011funu \u00f6\u011frenecek, yiyeceklerin mucizevi sa\u011falt\u0131m g\u00fcc\u00fcne dair ba\u015fka hi\u00e7bir yerde bulamayaca\u011f\u0131n\u0131z bilgilerle kar\u015f\u0131la\u015facaks\u0131n\u0131z.Hayat De\u011fi\u015ftiren Yiyecekler sadece sa\u011fl\u0131\u011f\u0131n\u0131z konusunda uzmanla\u015fman\u0131z\u0131 sa\u011flamayacak, size dostlar\u0131n\u0131z\u0131, ailenizi ve sevdiklerinizi de koruma yetisi kazand\u0131racak.Yabanmersininden enginara, hurmadan ku\u015fkonmaza, kedipen\u00e7esinden karahindibaya kadar \u00e7ok say\u0131da yiyece\u011fin yaratabilece\u011fi mucizeleri bu kitap sayesinde ke\u015ffedecek, b\u00f6ylece hayat\u0131n\u0131z\u0131 de\u011fi\u015ftirmenin ipu\u00e7lar\u0131na kavu\u015fmu\u015f olacaks\u0131n\u0131z!Anthony William\u2019\u0131n kitaplar\u0131 yanl\u0131\u015f ve eksik te\u015fhis koyulan, gerekti\u011fi \u015fekilde tedavi edilmeyen ya da t\u0131bb\u0131n hen\u00fcz \u00e7\u00f6zemedi\u011fi s\u0131k\u0131nt\u0131larla m\u00fccadele eden on binlerce hastaya \u00e7are oldu. William bu kitapta da elliden fazla meyvenin, sebzenin, otun ve baharat\u0131n iyile\u015ftirici g\u00fcc\u00fcne ve sa\u011fl\u0131\u011f\u0131m\u0131z \u00fczerindeki ola\u011fan\u00fcst\u00fc etkisine dair ayr\u0131nt\u0131l\u0131 bilgiler veriyor; her yiyece\u011fin \u00f6zelliklerini, rahats\u0131zl\u0131klara nas\u0131l \u00e7\u00f6z\u00fcm olabildi\u011fini ve getirdi\u011fi manevi faydalar\u0131 a\u00e7\u0131kl\u0131yor. Ayr\u0131ca yiyeceklerden maksimum fayday\u0131 alman\u0131za yard\u0131mc\u0131 olacak onlarca lezzetli tarif veriyor.Bu kitapta a\u015fa\u011f\u0131daki rahats\u0131zl\u0131klar\u0131n ger\u00e7ek nedenlerini ve iyile\u015fme yollar\u0131n\u0131 ke\u015ffedeceksiniz:Kayg\u0131Otoimm\u00fcn BozukluklarKanser\u015eeker Hastal\u0131\u011f\u0131Sindirim ProblemleriYorgunlukYiyecek AlerjisiK\u0131s\u0131rl\u0131kEnflamasyonUykusuzluk Hastal\u0131\u011f\u0131Lyme Hastal\u0131\u011f\u0131Hafiza Kayb\u0131M\u0130grenTiroit Hastal\u0131\u011f\u0131Fazla Kilolar<\/p>\n","protected":false},"excerpt":{"rendered":"<p>Ezber bozan kitap Medikal Medyum\u2019un yazar\u0131n\u0131n heyecanla beklenen kitab\u0131 T\u00fcrk\u00e7ede!Hastal\u0131klar\u0131n ger\u00e7ek sebeplerine y\u00f6nelik t\u00fcm detaylar\u0131n yer ald\u0131\u011f\u0131 bu kitapta, ya\u015fam\u0131m\u0131z\u0131 tehdit eden Affetmeyen D\u00f6rtl\u00fc\u2019n\u00fcn ne oldu\u011funu<span class=\"excerpt-hellip\"> [\u2026]<\/span><\/p>\n","protected":false},"featured_media":0,"template":"","meta":{"_monsterinsights_skip_tracking":false,"_monsterinsights_sitenote_active":false,"_monsterinsights_sitenote_note":"","_monsterinsights_sitenote_category":0},"product_brand":[],"product_cat":[20313,13365],"product_tag":[],"class_list":{"0":"post-721118","1":"product","2":"type-product","3":"status-publish","5":"product_cat-basvuru-kitaplari-saglik","6":"product_cat-saglik","7":"pa_cilt-ciltsiz","8":"pa_tur-kitap","9":"pa_yayinevi-nemesis-kitap","10":"pa_yazar-anthony-william","12":"first","13":"instock","14":"sale","15":"shipping-taxable","16":"purchasable","17":"product-type-simple"},"_links":{"self":[{"href":"https:\/\/roveyayinevi.com.tr\/index.php\/wp-json\/wp\/v2\/product\/721118","targetHints":{"allow":["GET"]}}],"collection":[{"href":"https:\/\/roveyayinevi.com.tr\/index.php\/wp-json\/wp\/v2\/product"}],"about":[{"href":"https:\/\/roveyayinevi.com.tr\/index.php\/wp-json\/wp\/v2\/types\/product"}],"wp:attachment":[{"href":"https:\/\/roveyayinevi.com.tr\/index.php\/wp-json\/wp\/v2\/media?parent=721118"}],"wp:term":[{"taxonomy":"product_brand","embeddable":true,"href":"https:\/\/roveyayinevi.com.tr\/index.php\/wp-json\/wp\/v2\/product_brand?post=721118"},{"taxonomy":"product_cat","embeddable":true,"href":"https:\/\/roveyayinevi.com.tr\/index.php\/wp-json\/wp\/v2\/product_cat?post=721118"},{"taxonomy":"product_tag","embeddable":true,"href":"https:\/\/roveyayinevi.com.tr\/index.php\/wp-json\/wp\/v2\/product_tag?post=721118"}],"curies":[{"name":"wp","href":"https:\/\/api.w.org\/{rel}","templated":true}]}}