{"id":721114,"date":"2025-08-27T18:45:42","date_gmt":"2025-08-27T15:45:42","guid":{"rendered":"https:\/\/roveyayinevi.com.tr\/index.php\/urun\/mindfulness-ve-sema-terapi-uygulama-rehberi\/"},"modified":"2026-04-16T02:29:15","modified_gmt":"2026-04-15T23:29:15","slug":"mindfulness-ve-sema-terapi-uygulama-rehberi","status":"publish","type":"product","link":"https:\/\/roveyayinevi.com.tr\/index.php\/urun\/mindfulness-ve-sema-terapi-uygulama-rehberi\/","title":{"rendered":"Mindfulness ve \u015eema Terapi Uygulama Rehberi"},"content":{"rendered":"<p>\u015eema Terapi, \u2018\u015fema\u2019 ve \u2018mod\u2019 olarak adland\u0131r\u0131lan iki kavram\u0131 kullan\u0131r. \u015eemalar insanlar\u0131n kendilerini, ba\u015fkalar\u0131n\u0131 ve kendilerini \u00e7evreleyen d\u00fcnyay\u0131 alg\u0131lama bi\u00e7imidir. Ge\u00e7mi\u015fte, \u00f6zellikle \u00e7ocukluk d\u00f6neminde deneyimlenen duyumsal alg\u0131lar, duygular ve faaliyetlerden \u00f6t\u00fcr\u00fc olu\u015furlar.Mindfulness, (bilin\u00e7li fark\u0131ndal\u0131k) e\u011fitimi ise bize \u00f6zellikle i\u00e7sel ve d\u0131\u015fsal deneyimlere anbean dikkatimizi vermeyi, sonras\u0131nda da zihnimizin ayr\u0131nt\u0131l\u0131 d\u00fc\u015f\u00fcnmeye veya ka\u00e7\u0131nmaya kendini nas\u0131l kapt\u0131rabildi\u011fini a\u00e7\u0131k bir \u015fekilde g\u00f6rmeyi \u00f6\u011fretir.Bu kitap, \u015fema terapideki son geli\u015fmelerle birlikte terapist ve dan\u0131\u015fanlar i\u00e7in kan\u0131tlara dayanan ve \u00e7ok yararl\u0131 olabilecek uygulamalar e\u015fli\u011finde de\u011ferli bir kaynak sunuyor.<\/p>\n","protected":false},"excerpt":{"rendered":"<p>\u015eema Terapi, \u2018\u015fema\u2019 ve \u2018mod\u2019 olarak adland\u0131r\u0131lan iki kavram\u0131 kullan\u0131r. \u015eemalar insanlar\u0131n kendilerini, ba\u015fkalar\u0131n\u0131 ve kendilerini \u00e7evreleyen d\u00fcnyay\u0131 alg\u0131lama bi\u00e7imidir. Ge\u00e7mi\u015fte, \u00f6zellikle \u00e7ocukluk d\u00f6neminde deneyimlenen duyumsal<span class=\"excerpt-hellip\"> [\u2026]<\/span><\/p>\n","protected":false},"featured_media":0,"template":"","meta":{"_monsterinsights_skip_tracking":false,"_monsterinsights_sitenote_active":false,"_monsterinsights_sitenote_note":"","_monsterinsights_sitenote_category":0},"product_brand":[],"product_cat":[20502,12357],"product_tag":[],"class_list":{"0":"post-721114","1":"product","2":"type-product","3":"status-publish","5":"product_cat-basvuru-kitaplari-psikoloji","6":"product_cat-psikoloji","7":"pa_cilt-ciltsiz","8":"pa_tur-kitap","9":"pa_yayinevi-psikonet-yayinlari","10":"pa_yazar-kolektif","12":"first","13":"instock","14":"sale","15":"shipping-taxable","16":"purchasable","17":"product-type-simple"},"_links":{"self":[{"href":"https:\/\/roveyayinevi.com.tr\/index.php\/wp-json\/wp\/v2\/product\/721114","targetHints":{"allow":["GET"]}}],"collection":[{"href":"https:\/\/roveyayinevi.com.tr\/index.php\/wp-json\/wp\/v2\/product"}],"about":[{"href":"https:\/\/roveyayinevi.com.tr\/index.php\/wp-json\/wp\/v2\/types\/product"}],"wp:attachment":[{"href":"https:\/\/roveyayinevi.com.tr\/index.php\/wp-json\/wp\/v2\/media?parent=721114"}],"wp:term":[{"taxonomy":"product_brand","embeddable":true,"href":"https:\/\/roveyayinevi.com.tr\/index.php\/wp-json\/wp\/v2\/product_brand?post=721114"},{"taxonomy":"product_cat","embeddable":true,"href":"https:\/\/roveyayinevi.com.tr\/index.php\/wp-json\/wp\/v2\/product_cat?post=721114"},{"taxonomy":"product_tag","embeddable":true,"href":"https:\/\/roveyayinevi.com.tr\/index.php\/wp-json\/wp\/v2\/product_tag?post=721114"}],"curies":[{"name":"wp","href":"https:\/\/api.w.org\/{rel}","templated":true}]}}