{"id":721112,"date":"2025-08-27T18:45:41","date_gmt":"2025-08-27T15:45:41","guid":{"rendered":"https:\/\/roveyayinevi.com.tr\/index.php\/urun\/leonardo-da-vinci-4\/"},"modified":"2026-04-16T02:29:15","modified_gmt":"2026-04-15T23:29:15","slug":"leonardo-da-vinci-4","status":"publish","type":"product","link":"https:\/\/roveyayinevi.com.tr\/index.php\/urun\/leonardo-da-vinci-4\/","title":{"rendered":"Leonardo Da Vinci"},"content":{"rendered":"<p>Sigmund Freud&#8217;un, Cinselli\u011fi ve \u00f6zellikle \u00e7ocuklu\u011fu \u00fczerine psikanalitik inceleme yapt\u0131\u011f\u0131 Leonardo da Vinci bir\u00e7ok eserinde hem dini hem de ki\u015fisel sembollere yer vermi\u015ftir.Leonardo da Vinci (1452-1519), \u00e7a\u011fda\u015flar\u0131 taraf\u0131ndan \u0130talyan R\u00f6nesans\u0131n\u0131n en b\u00fcy\u00fck adamlar\u0131ndan biri olarak be\u011fenilen \u00e7ok y\u00f6nl\u00fc bir dahi.Freud&#8217;a g\u00f6re Leonardo Da Vinci herkesin uyudu\u011fu bir karanl\u0131kta erken uyanm\u0131\u015f bir adamd\u0131. Sanat d\u00fcnyas\u0131na say\u0131s\u0131z eser b\u0131rak\u0131p R\u00f6nesans Adam\u0131 olarak an\u0131lan Leonardo&#8217;nun sava\u015f y\u0131llar\u0131nda bir\u00e7ok eseri kaybolmu\u015f veya hasar g\u00f6rm\u00fc\u015ft\u00fcr.Bir\u00e7ok ki\u015fiyi yeni bir \u00e7a\u011fa uyand\u0131ran Leonardo&#8217;nun, resim, heykel, mimarl\u0131k, m\u00fchendislik ve ayn\u0131 zamanda fizik, biyoloji, matematikle de ilgilendi\u011fini Freud&#8217;un kaleminden okuyaca\u011f\u0131z bu eserinde.<\/p>\n","protected":false},"excerpt":{"rendered":"<p>Sigmund Freud&#8217;un, Cinselli\u011fi ve \u00f6zellikle \u00e7ocuklu\u011fu \u00fczerine psikanalitik inceleme yapt\u0131\u011f\u0131 Leonardo da Vinci bir\u00e7ok eserinde hem dini hem de ki\u015fisel sembollere yer vermi\u015ftir.Leonardo da Vinci (1452-1519),<span class=\"excerpt-hellip\"> [\u2026]<\/span><\/p>\n","protected":false},"featured_media":0,"template":"","meta":{"_monsterinsights_skip_tracking":false,"_monsterinsights_sitenote_active":false,"_monsterinsights_sitenote_note":"","_monsterinsights_sitenote_category":0},"product_brand":[],"product_cat":[14009,12291],"product_tag":[],"class_list":{"0":"post-721112","1":"product","2":"type-product","3":"status-publish","5":"product_cat-biyografi-otobiyografi-edebiyat","6":"product_cat-edebiyat","7":"pa_cilt-ciltsiz","8":"pa_tur-kitap","9":"pa_yayinevi-oda-yayinlari","10":"pa_yazar-sigmund-freud","12":"first","13":"instock","14":"sale","15":"shipping-taxable","16":"purchasable","17":"product-type-simple"},"_links":{"self":[{"href":"https:\/\/roveyayinevi.com.tr\/index.php\/wp-json\/wp\/v2\/product\/721112","targetHints":{"allow":["GET"]}}],"collection":[{"href":"https:\/\/roveyayinevi.com.tr\/index.php\/wp-json\/wp\/v2\/product"}],"about":[{"href":"https:\/\/roveyayinevi.com.tr\/index.php\/wp-json\/wp\/v2\/types\/product"}],"wp:attachment":[{"href":"https:\/\/roveyayinevi.com.tr\/index.php\/wp-json\/wp\/v2\/media?parent=721112"}],"wp:term":[{"taxonomy":"product_brand","embeddable":true,"href":"https:\/\/roveyayinevi.com.tr\/index.php\/wp-json\/wp\/v2\/product_brand?post=721112"},{"taxonomy":"product_cat","embeddable":true,"href":"https:\/\/roveyayinevi.com.tr\/index.php\/wp-json\/wp\/v2\/product_cat?post=721112"},{"taxonomy":"product_tag","embeddable":true,"href":"https:\/\/roveyayinevi.com.tr\/index.php\/wp-json\/wp\/v2\/product_tag?post=721112"}],"curies":[{"name":"wp","href":"https:\/\/api.w.org\/{rel}","templated":true}]}}