{"id":721110,"date":"2025-08-27T18:45:39","date_gmt":"2025-08-27T15:45:39","guid":{"rendered":"https:\/\/roveyayinevi.com.tr\/index.php\/urun\/avrupa-turk-hun-imparatorlugu\/"},"modified":"2026-04-16T02:29:15","modified_gmt":"2026-04-15T23:29:15","slug":"avrupa-turk-hun-imparatorlugu","status":"publish","type":"product","link":"https:\/\/roveyayinevi.com.tr\/index.php\/urun\/avrupa-turk-hun-imparatorlugu\/","title":{"rendered":"Avrupa T\u00fcrk Hun \u0130mparatorlu\u011fu"},"content":{"rendered":"<p>D\u00fcnya tarihine damga vuran Attila, Avrupal\u0131lar\u0131n her daim haf\u0131zas\u0131nda yer etmi\u015ftir. Attila\u2019n\u0131n etraf\u0131nda \u015fekillenen Avrupa Hun tarihi bat\u0131l\u0131lar\u0131n \u00e7ok ilgisini \u00e7ekmi\u015f ve y\u00fczlerce kitap, roman ve makalelere konu olmu\u015ftur. Ne yaz\u0131k ki, \u00fclkemizde, bu T\u00fcrk h\u00fck\u00fcmdar Attila ile ilgili yaz\u0131lm\u0131\u015f bir iki kitap haricinde bir kaynak yoktur. \u0130\u015fte bu ihtiya\u00e7la yola \u00e7\u0131k\u0131lm\u0131\u015f ve Avrupa Hunlar\u0131\u2019n\u0131n en \u00f6zg\u00fcn y\u00f6nleri bilimsel kaynaklara dayan\u0131larak sade bir dille anlat\u0131lm\u0131\u015ft\u0131r. <\/p>\n","protected":false},"excerpt":{"rendered":"<p>D\u00fcnya tarihine damga vuran Attila, Avrupal\u0131lar\u0131n her daim haf\u0131zas\u0131nda yer etmi\u015ftir. Attila\u2019n\u0131n etraf\u0131nda \u015fekillenen Avrupa Hun tarihi bat\u0131l\u0131lar\u0131n \u00e7ok ilgisini \u00e7ekmi\u015f ve y\u00fczlerce kitap, roman ve<span class=\"excerpt-hellip\"> [\u2026]<\/span><\/p>\n","protected":false},"featured_media":0,"template":"","meta":{"_monsterinsights_skip_tracking":false,"_monsterinsights_sitenote_active":false,"_monsterinsights_sitenote_note":"","_monsterinsights_sitenote_category":0},"product_brand":[],"product_cat":[12370,12304],"product_tag":[],"class_list":{"0":"post-721110","1":"product","2":"type-product","3":"status-publish","5":"product_cat-arastirma-inceleme","6":"product_cat-tarih","7":"pa_cilt-ciltsiz","8":"pa_tur-kitap","9":"pa_yayinevi-altinordu-yayinlari","10":"pa_yazar-erkan-hacifazlioglu","12":"first","13":"instock","14":"sale","15":"shipping-taxable","16":"purchasable","17":"product-type-simple"},"_links":{"self":[{"href":"https:\/\/roveyayinevi.com.tr\/index.php\/wp-json\/wp\/v2\/product\/721110","targetHints":{"allow":["GET"]}}],"collection":[{"href":"https:\/\/roveyayinevi.com.tr\/index.php\/wp-json\/wp\/v2\/product"}],"about":[{"href":"https:\/\/roveyayinevi.com.tr\/index.php\/wp-json\/wp\/v2\/types\/product"}],"wp:attachment":[{"href":"https:\/\/roveyayinevi.com.tr\/index.php\/wp-json\/wp\/v2\/media?parent=721110"}],"wp:term":[{"taxonomy":"product_brand","embeddable":true,"href":"https:\/\/roveyayinevi.com.tr\/index.php\/wp-json\/wp\/v2\/product_brand?post=721110"},{"taxonomy":"product_cat","embeddable":true,"href":"https:\/\/roveyayinevi.com.tr\/index.php\/wp-json\/wp\/v2\/product_cat?post=721110"},{"taxonomy":"product_tag","embeddable":true,"href":"https:\/\/roveyayinevi.com.tr\/index.php\/wp-json\/wp\/v2\/product_tag?post=721110"}],"curies":[{"name":"wp","href":"https:\/\/api.w.org\/{rel}","templated":true}]}}