{"id":721109,"date":"2025-08-27T18:45:39","date_gmt":"2025-08-27T15:45:39","guid":{"rendered":"https:\/\/roveyayinevi.com.tr\/index.php\/urun\/felsefi-dusun-akademik-felsefe-dergisi-sayi-13-ekim-2019\/"},"modified":"2026-04-16T02:29:15","modified_gmt":"2026-04-15T23:29:15","slug":"felsefi-dusun-akademik-felsefe-dergisi-sayi-13-ekim-2019","status":"publish","type":"product","link":"https:\/\/roveyayinevi.com.tr\/index.php\/urun\/felsefi-dusun-akademik-felsefe-dergisi-sayi-13-ekim-2019\/","title":{"rendered":"Felsefi D\u00fc\u015f\u00fcn Akademik Felsefe Dergisi Say\u0131: 13 Ekim 2019"},"content":{"rendered":"<p>Hatice Nur Beyaz Erk\u0131zanSunu\u015fMakalelerSebile Ba\u015fok Di\u015fAntik Yunan Felsefesinde Logos, D\u00fczen Ve KozmosE. Burak \u015eaman\u0130slam Felsefe Tarihi Yaz\u0131m\u0131nda Presokratikler: El-Milel Ve\u2019n-Nihal \u00d6rne\u011fiTufan \u00c7\u00f6tok &amp; \u00d6zge KaraAnaximandros\u2019un Felsefesinde ApeironBar\u0131\u015fcan DemirAristoteles\u2019in B\u00fcy\u00fck Rakibi Zenon Ve Dynamis\u2019le Gelen ZaferBurak SaytekinPresokratik D\u00f6nemde Bili\u015fin Yeri \u00dczerine Bir Ara\u015ft\u0131rmaSelena \u00d6zba\u015f Anaksagoras\u2019ta Nous Kavram\u0131C. Cengiz \u00c7evikHerakleitos\u2019un Do\u011fa \u00dczerine Kitab\u0131yla \u0130lgili Kaynaklar Ve YorumlarErhan Atag\u00fclHerakleitos\u2019ta S\u00f6ylem Ve Hakikat \u0130li\u015fkisiSeyda Kesiko\u011fluHerakleitos Felsefesinde De\u011fi\u015fimin Olas\u0131 S\u0131n\u0131rlar\u0131 \u00dczerine Bir \u0130ncelemeBar\u0131\u015f MutluSokrates \u00d6ncesi Felsefede Eti\u011fin Yeri Ve \u0130mkan\u0131Y. Gurur SevParmenides\u2019ten Gen\u00e7 Sokrates\u2019e: Aman Boynun Tutulmas\u0131n!Melike Molac\u0131Herakleitos\u2019un \u0112thos\u2019u: Marcus Aurelius\u2019un Daim\u014dn\u2019u\u015eule Gece\u2018Ayd\u0131nl\u0131k G\u00f6r\u00fc\u015fl\u00fc\u2019 Herakleitos\u2019un Sanata, Sanat\u00e7\u0131ya Ve G\u00fczelli\u011fe Dair D\u00fc\u015f\u00fcnceleriFatma Berfu KutluHerakleitos\u2019ta TrajediAli Timu\u00e7inHerakleitos\u2019un Stoa Felsefesine EtkisiG\u00f6khan MurtezaDemokritos\u2019ta Atomculuk Ve Siyaset \u0130li\u015fkisiFatma Ayperi Tu\u011f\u00e7e \u00d6zdemir &amp; Ekin Kaynak IltarDemokritos\u2019un Ahlaka \u0130li\u015fkin G\u00f6r\u00fc\u015fleri \u00dczerine Bir De\u011ferlendirme: Evlat Edinme \u00d6rne\u011fiGamze KeskinEsteti\u011fi Ege\u2019de Aramak: Demokritos Ve Mousik\u00eaOgan YumluProtagoras Ve Demokratik TeoriCemile Bar\u0131\u015fanAristoteles\u2019e Giden Yolda Presokratik Filozoflar Ve PhilosophiaSever I\u015f\u0131kAkl\u0131n Yaralar\u0131n\u0131 Sarmak, Do\u011faya D\u00f6nmek Ve Metafizi\u011fi A\u015fmak: Nietzsche Ve Presokratiklere D\u00f6n\u00fc\u015f \u0130dealiKitap \u0130ncelemesiAy\u015fe \u0130lden Tepe- Friedrich N\u0131etzsche: Platon \u00d6ncesi Filozoflar<\/p>\n","protected":false},"excerpt":{"rendered":"<p>Hatice Nur Beyaz Erk\u0131zanSunu\u015fMakalelerSebile Ba\u015fok Di\u015fAntik Yunan Felsefesinde Logos, D\u00fczen Ve KozmosE. Burak \u015eaman\u0130slam Felsefe Tarihi Yaz\u0131m\u0131nda Presokratikler: El-Milel Ve\u2019n-Nihal \u00d6rne\u011fiTufan \u00c7\u00f6tok &amp; \u00d6zge KaraAnaximandros\u2019un Felsefesinde<span class=\"excerpt-hellip\"> [\u2026]<\/span><\/p>\n","protected":false},"featured_media":0,"template":"","meta":{"_monsterinsights_skip_tracking":false,"_monsterinsights_sitenote_active":false,"_monsterinsights_sitenote_note":"","_monsterinsights_sitenote_category":0},"product_brand":[],"product_cat":[13527],"product_tag":[],"class_list":{"0":"post-721109","1":"product","2":"type-product","3":"status-publish","5":"product_cat-sureli-yayinlar","6":"pa_cilt-ciltsiz","7":"pa_tur-dergi","8":"pa_yayinevi-pinhan-yayincilik","9":"pa_yazar-kolektif","11":"first","12":"instock","13":"sale","14":"shipping-taxable","15":"purchasable","16":"product-type-simple"},"_links":{"self":[{"href":"https:\/\/roveyayinevi.com.tr\/index.php\/wp-json\/wp\/v2\/product\/721109","targetHints":{"allow":["GET"]}}],"collection":[{"href":"https:\/\/roveyayinevi.com.tr\/index.php\/wp-json\/wp\/v2\/product"}],"about":[{"href":"https:\/\/roveyayinevi.com.tr\/index.php\/wp-json\/wp\/v2\/types\/product"}],"wp:attachment":[{"href":"https:\/\/roveyayinevi.com.tr\/index.php\/wp-json\/wp\/v2\/media?parent=721109"}],"wp:term":[{"taxonomy":"product_brand","embeddable":true,"href":"https:\/\/roveyayinevi.com.tr\/index.php\/wp-json\/wp\/v2\/product_brand?post=721109"},{"taxonomy":"product_cat","embeddable":true,"href":"https:\/\/roveyayinevi.com.tr\/index.php\/wp-json\/wp\/v2\/product_cat?post=721109"},{"taxonomy":"product_tag","embeddable":true,"href":"https:\/\/roveyayinevi.com.tr\/index.php\/wp-json\/wp\/v2\/product_tag?post=721109"}],"curies":[{"name":"wp","href":"https:\/\/api.w.org\/{rel}","templated":true}]}}