{"id":721106,"date":"2025-08-27T18:45:36","date_gmt":"2025-08-27T15:45:36","guid":{"rendered":"https:\/\/roveyayinevi.com.tr\/index.php\/urun\/tanik\/"},"modified":"2026-04-16T02:29:15","modified_gmt":"2026-04-15T23:29:15","slug":"tanik","status":"publish","type":"product","link":"https:\/\/roveyayinevi.com.tr\/index.php\/urun\/tanik\/","title":{"rendered":"Tan\u0131k"},"content":{"rendered":"<p>25 y\u0131ll\u0131k gazetecilik kariyerinde Afganistan, Irak, Sudan, Suriye, Kenya ve Somali gibi s\u0131cak b\u00f6lgelerde aylarca g\u00f6rev yapan; Bolu, D\u00fczce ve Van depremlerinde ya\u015fanan ac\u0131lara ve h\u00fcz\u00fcnlere tan\u0131kl\u0131k eden bir gazeteci\u2026 Kimi zaman sava\u015f b\u00f6lgelerinde, kimi zaman depremle y\u0131k\u0131lan bir binan\u0131n enkaz\u0131nda ya da a\u00e7l\u0131kla m\u00fccadele eden Afrika\u2019da ac\u0131 ve g\u00f6zya\u015f\u0131na tan\u0131kl\u0131k eden bir gazeteci\u2026 Yunan SAT komandolar\u0131n\u0131n, Gazze&#8217;ye uygulanan insanl\u0131k d\u0131\u015f\u0131 ablukay\u0131 k\u0131rmak i\u00e7in Yunanistan\u2019\u0131n Girit adas\u0131ndan Gazze\u2019ye do\u011fru yola \u00e7\u0131kmaya haz\u0131rlanan Kanada gemisi Tahrir\u2019e m\u00fcdahalesini g\u00f6r\u00fcnt\u00fcleyen tek T\u00fcrk gazeteci\u2026 \u201cTan\u0131k: Bir Gazetecinin Tan\u0131kl\u0131\u011f\u0131yla Ac\u0131 ve G\u00f6zya\u015f\u0131\u201d, zaman zaman \u00f6l\u00fcmle burun buruna gelen Gazeteci Kenan G\u00fcrb\u00fcz\u2019\u00fcn tan\u0131k oldu\u011fu ac\u0131 ve g\u00f6zya\u015f\u0131 hikayelerinden olu\u015fuyor. Ne yaz\u0131k ki, insan var olduk\u00e7a ac\u0131lar ya\u015fanmaya ve g\u00f6zya\u015flar\u0131 akmaya devam edecek. Tan\u0131k olduklar\u0131m\u0131z kar\u015f\u0131s\u0131nda baz\u0131lar\u0131m\u0131z h\u00fcz\u00fcnlenecek, g\u00f6zlerimiz ya\u015faracak. Ancak ac\u0131ya ve g\u00f6zya\u015f\u0131na kar\u015f\u0131 duyarl\u0131l\u0131\u011f\u0131m\u0131z\u0131 kaybetti\u011fimiz g\u00fcn insanl\u0131k da bitmi\u015f olacak. <\/p>\n","protected":false},"excerpt":{"rendered":"<p>25 y\u0131ll\u0131k gazetecilik kariyerinde Afganistan, Irak, Sudan, Suriye, Kenya ve Somali gibi s\u0131cak b\u00f6lgelerde aylarca g\u00f6rev yapan; Bolu, D\u00fczce ve Van depremlerinde ya\u015fanan ac\u0131lara ve h\u00fcz\u00fcnlere<span class=\"excerpt-hellip\"> [\u2026]<\/span><\/p>\n","protected":false},"featured_media":0,"template":"","meta":{"_monsterinsights_skip_tracking":false,"_monsterinsights_sitenote_active":false,"_monsterinsights_sitenote_note":"","_monsterinsights_sitenote_category":0},"product_brand":[],"product_cat":[13072,12291],"product_tag":[],"class_list":{"0":"post-721106","1":"product","2":"type-product","3":"status-publish","5":"product_cat-arastirma-inceleme-referans","6":"product_cat-edebiyat","7":"pa_cilt-ciltsiz","8":"pa_tur-kitap","9":"pa_yayinevi-cinaralti-yayinlari","10":"pa_yazar-kenan-gurbuz","12":"first","13":"instock","14":"sale","15":"shipping-taxable","16":"purchasable","17":"product-type-simple"},"_links":{"self":[{"href":"https:\/\/roveyayinevi.com.tr\/index.php\/wp-json\/wp\/v2\/product\/721106","targetHints":{"allow":["GET"]}}],"collection":[{"href":"https:\/\/roveyayinevi.com.tr\/index.php\/wp-json\/wp\/v2\/product"}],"about":[{"href":"https:\/\/roveyayinevi.com.tr\/index.php\/wp-json\/wp\/v2\/types\/product"}],"wp:attachment":[{"href":"https:\/\/roveyayinevi.com.tr\/index.php\/wp-json\/wp\/v2\/media?parent=721106"}],"wp:term":[{"taxonomy":"product_brand","embeddable":true,"href":"https:\/\/roveyayinevi.com.tr\/index.php\/wp-json\/wp\/v2\/product_brand?post=721106"},{"taxonomy":"product_cat","embeddable":true,"href":"https:\/\/roveyayinevi.com.tr\/index.php\/wp-json\/wp\/v2\/product_cat?post=721106"},{"taxonomy":"product_tag","embeddable":true,"href":"https:\/\/roveyayinevi.com.tr\/index.php\/wp-json\/wp\/v2\/product_tag?post=721106"}],"curies":[{"name":"wp","href":"https:\/\/api.w.org\/{rel}","templated":true}]}}