{"id":721100,"date":"2025-08-27T18:45:32","date_gmt":"2025-08-27T15:45:32","guid":{"rendered":"https:\/\/roveyayinevi.com.tr\/index.php\/urun\/erkek-kulubunde-siyaset\/"},"modified":"2026-03-23T02:35:07","modified_gmt":"2026-03-22T23:35:07","slug":"erkek-kulubunde-siyaset","status":"publish","type":"product","link":"https:\/\/roveyayinevi.com.tr\/index.php\/urun\/erkek-kulubunde-siyaset\/","title":{"rendered":"Erkek Kul\u00fcb\u00fcnde Siyaset"},"content":{"rendered":"<p>Kad\u0131n \u00e7al\u0131\u015fmalar\u0131 alan\u0131nda T\u00fcrkiye&#8217;nin \u00f6nde gelen isimlerinden kad\u0131n tarih\u00e7i ve siyaset bilimci Serpil \u00c7ak\u0131r, Erkek Kul\u00fcb\u00fcnde Siyaset isimli \u00e7al\u0131\u015fmas\u0131n\u0131n geni\u015fletilmi\u015f ve g\u00fcncellenmi\u015f yeni bask\u0131s\u0131nda, kad\u0131n, yurtta\u015fl\u0131k ve parlamenterlik ili\u015fkisine siyasetin yap\u0131s\u0131, kurumlar\u0131 ve kad\u0131nlar\u0131n deneyimleri \u00fczerinden bak\u0131yor. Feminist siyaset kuramc\u0131lar\u0131n i\u015faret etti\u011fi saptamalar \u0131\u015f\u0131\u011f\u0131nda kad\u0131nlar\u0131n \u00e7e\u015fitli \u00fclkelerde y\u00fcr\u00fctt\u00fckleri oy hakk\u0131 m\u00fccadelelerini \u00f6rnekliyor.D\u00fcnyada ve T\u00fcrkiye&#8217;de, parlamentoda kad\u0131n kat\u0131l\u0131m oranlar\u0131n\u0131, dinamikleri ve kat\u0131l\u0131m\u0131 art\u0131rmaya y\u00f6nelik stratejileri s\u0131ral\u0131yor, politik bir tasar\u0131m olarak T\u00fcrkiye&#8217;deki cinsiyet rejiminin kurumlar\u0131n\u0131, siyasal partilerin kad\u0131nlara bak\u0131\u015f\u0131n\u0131\u0131 ve kad\u0131n hareketinin taleplerini ortaya koyuyor.Meclis&#8217;te d\u00f6rt d\u00f6nem kad\u0131n milletvekilleriyle yap\u0131lan s\u00f6zl\u00fc tarih g\u00f6r\u00fc\u015fmelerinin oda\u011fa al\u0131nd\u0131\u011f\u0131 kitapta, kad\u0131n siyaset\u00e7ilerin partileriyle, se\u00e7menle ve aileleriyle ili\u015fkilerinin niteli\u011fi analiz edilirken ya\u015fad\u0131\u011f\u0131 sorunlar ortaya konularak siyaset yaparken kar\u015f\u0131la\u015ft\u0131klar\u0131 ayr\u0131mc\u0131l\u0131\u011f\u0131n g\u00f6r\u00fcnmez y\u00fcz\u00fc if\u015fa ediliyor. Kad\u0131nlar\u0131 parlamentoya ta\u015f\u0131yan s\u00fcrecin arka plan\u0131ndaki ger\u00e7ekleri, feminist teorinin, feminist y\u00f6ntemin ve \u00f6zellikle de kad\u0131n s\u00f6zl\u00fc tarihinin sundu\u011fu avantajlardan yararlanarak sunan Serpil \u00c7ak\u0131r, bu anlamda ara\u015ft\u0131rmac\u0131lara yol g\u00f6sterici ve ilham verici bir ilk ad\u0131m olu\u015fturuyor.<\/p>\n","protected":false},"excerpt":{"rendered":"<p>Kad\u0131n \u00e7al\u0131\u015fmalar\u0131 alan\u0131nda T\u00fcrkiye&#8217;nin \u00f6nde gelen isimlerinden kad\u0131n tarih\u00e7i ve siyaset bilimci Serpil \u00c7ak\u0131r, Erkek Kul\u00fcb\u00fcnde Siyaset isimli \u00e7al\u0131\u015fmas\u0131n\u0131n geni\u015fletilmi\u015f ve g\u00fcncellenmi\u015f yeni bask\u0131s\u0131nda, kad\u0131n, yurtta\u015fl\u0131k<span class=\"excerpt-hellip\"> [\u2026]<\/span><\/p>\n","protected":false},"featured_media":0,"template":"","meta":{"_monsterinsights_skip_tracking":false,"_monsterinsights_sitenote_active":false,"_monsterinsights_sitenote_note":"","_monsterinsights_sitenote_category":0},"product_brand":[],"product_cat":[13059,12337],"product_tag":[],"class_list":{"0":"post-721100","1":"product","2":"type-product","3":"status-publish","5":"product_cat-diger-politika-siyaset","6":"product_cat-politika-siyaset","7":"pa_cilt-ciltsiz","8":"pa_tur-kitap","9":"pa_yayinevi-sel-yayincilik","10":"pa_yazar-serpil-cakir","12":"first","13":"instock","14":"sale","15":"shipping-taxable","16":"purchasable","17":"product-type-simple"},"_links":{"self":[{"href":"https:\/\/roveyayinevi.com.tr\/index.php\/wp-json\/wp\/v2\/product\/721100","targetHints":{"allow":["GET"]}}],"collection":[{"href":"https:\/\/roveyayinevi.com.tr\/index.php\/wp-json\/wp\/v2\/product"}],"about":[{"href":"https:\/\/roveyayinevi.com.tr\/index.php\/wp-json\/wp\/v2\/types\/product"}],"wp:attachment":[{"href":"https:\/\/roveyayinevi.com.tr\/index.php\/wp-json\/wp\/v2\/media?parent=721100"}],"wp:term":[{"taxonomy":"product_brand","embeddable":true,"href":"https:\/\/roveyayinevi.com.tr\/index.php\/wp-json\/wp\/v2\/product_brand?post=721100"},{"taxonomy":"product_cat","embeddable":true,"href":"https:\/\/roveyayinevi.com.tr\/index.php\/wp-json\/wp\/v2\/product_cat?post=721100"},{"taxonomy":"product_tag","embeddable":true,"href":"https:\/\/roveyayinevi.com.tr\/index.php\/wp-json\/wp\/v2\/product_tag?post=721100"}],"curies":[{"name":"wp","href":"https:\/\/api.w.org\/{rel}","templated":true}]}}