{"id":721097,"date":"2025-08-27T18:45:30","date_gmt":"2025-08-27T15:45:30","guid":{"rendered":"https:\/\/roveyayinevi.com.tr\/index.php\/urun\/katip-bartleby-6\/"},"modified":"2026-04-16T02:29:15","modified_gmt":"2026-04-15T23:29:15","slug":"katip-bartleby-6","status":"publish","type":"product","link":"https:\/\/roveyayinevi.com.tr\/index.php\/urun\/katip-bartleby-6\/","title":{"rendered":"Katip Bartleby"},"content":{"rendered":"<p>Modern insan\u0131n i\u00e7sel \u00e7eli\u015fkilerini konu etti\u011fi eserleriyle Amerikan edebiyat\u0131n\u0131n ba\u015fkald\u0131ran say\u0131l\u0131 kalemlerinden Herman Melville, Yapmamay\u0131 tercih ederim c\u00fcmlesini edebiyat tarihine ve okurlar\u0131n haf\u0131zas\u0131na kaz\u0131yan Katip Bartleby novellas\u0131nda \u00f6l\u00fcms\u00fcz bir karakter yarat\u0131r.Avukatl\u0131k b\u00fcrosunda katiplik yapan Bartleby&#8217;nin naif bir reddedi\u015fle ba\u015flatt\u0131\u011f\u0131 direni\u015f sarmal\u0131, d\u00fcnyaya dair esasl\u0131 bir bak\u0131\u015f a\u00e7\u0131s\u0131na d\u00f6n\u00fc\u015f\u00fcr. Son derece basit g\u00f6r\u00fcnen bu tercihin al\u0131\u015f\u0131lm\u0131\u015f davran\u0131\u015flar b\u00fct\u00fcn\u00fcn\u00fc u\u011fratt\u0131\u011f\u0131 \u00e7aresizlik kar\u015f\u0131s\u0131nda duyulan haz, b\u00fcy\u00fck de\u011fi\u015fimlere yol a\u00e7an yang\u0131nlar\u0131n k\u00fc\u00e7\u00fck k\u0131v\u0131lc\u0131mlarla alevlendi\u011fi ger\u00e7e\u011fini de bir kez daha hat\u0131rlat\u0131r. Modern d\u00fcnyaya kar\u015f\u0131 pasif direni\u015fin simgesi olan Bartleby karakteriyle Melille, \u00f6zg\u00fcr iradenin \u00f6l\u00fcms\u00fcz an\u0131t\u0131n\u0131 s\u00f6zc\u00fcklerle dikiyor.<\/p>\n","protected":false},"excerpt":{"rendered":"<p>Modern insan\u0131n i\u00e7sel \u00e7eli\u015fkilerini konu etti\u011fi eserleriyle Amerikan edebiyat\u0131n\u0131n ba\u015fkald\u0131ran say\u0131l\u0131 kalemlerinden Herman Melville, Yapmamay\u0131 tercih ederim c\u00fcmlesini edebiyat tarihine ve okurlar\u0131n haf\u0131zas\u0131na kaz\u0131yan Katip Bartleby<span class=\"excerpt-hellip\"> [\u2026]<\/span><\/p>\n","protected":false},"featured_media":0,"template":"","meta":{"_monsterinsights_skip_tracking":false,"_monsterinsights_sitenote_active":false,"_monsterinsights_sitenote_note":"","_monsterinsights_sitenote_category":0},"product_brand":[],"product_cat":[12291,12711],"product_tag":[],"class_list":{"0":"post-721097","1":"product","2":"type-product","3":"status-publish","5":"product_cat-edebiyat","6":"product_cat-roman-oyku","7":"pa_cilt-ciltsiz","8":"pa_tur-kitap","9":"pa_yayinevi-sel-yayincilik","10":"pa_yazar-herman-melville","12":"first","13":"instock","14":"sale","15":"shipping-taxable","16":"purchasable","17":"product-type-simple"},"_links":{"self":[{"href":"https:\/\/roveyayinevi.com.tr\/index.php\/wp-json\/wp\/v2\/product\/721097","targetHints":{"allow":["GET"]}}],"collection":[{"href":"https:\/\/roveyayinevi.com.tr\/index.php\/wp-json\/wp\/v2\/product"}],"about":[{"href":"https:\/\/roveyayinevi.com.tr\/index.php\/wp-json\/wp\/v2\/types\/product"}],"wp:attachment":[{"href":"https:\/\/roveyayinevi.com.tr\/index.php\/wp-json\/wp\/v2\/media?parent=721097"}],"wp:term":[{"taxonomy":"product_brand","embeddable":true,"href":"https:\/\/roveyayinevi.com.tr\/index.php\/wp-json\/wp\/v2\/product_brand?post=721097"},{"taxonomy":"product_cat","embeddable":true,"href":"https:\/\/roveyayinevi.com.tr\/index.php\/wp-json\/wp\/v2\/product_cat?post=721097"},{"taxonomy":"product_tag","embeddable":true,"href":"https:\/\/roveyayinevi.com.tr\/index.php\/wp-json\/wp\/v2\/product_tag?post=721097"}],"curies":[{"name":"wp","href":"https:\/\/api.w.org\/{rel}","templated":true}]}}