{"id":721095,"date":"2025-08-27T18:45:29","date_gmt":"2025-08-27T15:45:29","guid":{"rendered":"https:\/\/roveyayinevi.com.tr\/index.php\/urun\/nietzsche-anti-felsefe-seminerleri\/"},"modified":"2025-08-31T16:14:37","modified_gmt":"2025-08-31T13:14:37","slug":"nietzsche-anti-felsefe-seminerleri","status":"publish","type":"product","link":"https:\/\/roveyayinevi.com.tr\/index.php\/urun\/nietzsche-anti-felsefe-seminerleri\/","title":{"rendered":"Nietzsche Anti Felsefe Seminerleri"},"content":{"rendered":"<p>Nietzsche bir filozof mudur, yoksa anti-filozof mu? Nietzsche&#8217;nin, d\u00fcnya tarihini k\u0131r\u0131p ikiye b\u00f6lmeyi ama\u00e7layan anti-felsefi ediminde sanat\u0131n i\u015flevi nedir? Kendini bir sanat eseri olarak yaratmak nas\u0131l m\u00fcmk\u00fcnd\u00fcr? Filozofu su\u00e7lular su\u00e7lusu olarak g\u00f6ren anti-felsefenin g\u00fcc\u00fc nedir?Anti-Felsefe seminerini bu sorular \u00e7er\u00e7evesinde kurgulayan Alain Badiou, anti-filozof olarak and\u0131\u011f\u0131 Nietzsche&#8217;nin e\u015fi benzeri g\u00f6r\u00fclmemi\u015f bir giri\u015fimle felsefeyi yerle bir etme ve b\u00f6ylelikle yepyeni bir felsefe kurma tasar\u0131s\u0131n\u0131 irdeliyor. Bat\u0131 d\u00fcnyas\u0131n\u0131n en ayk\u0131r\u0131 filozofunun d\u00fc\u015f\u00fcncesinin derinliklerine inerken, onun kendini hem bir filozof olarak tan\u0131mlama iste\u011finin hem de bu kimli\u011fe sert bir bi\u00e7imde kar\u015f\u0131 duru\u015funun a\u00e7\u0131\u011fa \u00e7\u0131kar d\u0131\u011f\u0131 m\u00fccadele alan\u0131nda, d\u00fc\u015f\u00fcnsel g\u00fc\u00e7lerin \u00e7arp\u0131\u015fmas\u0131na m\u00fcsaade eden bir filozofun hangi kap\u0131lar\u0131 aralad\u0131\u011f\u0131n\u0131 sorguluyor.Badiou&#8217;nun anti-felsefe gelene\u011fine yolculu\u011fu \u00e7eki\u00e7le ba\u015fl\u0131yor&#8230;<\/p>\n","protected":false},"excerpt":{"rendered":"<p>Nietzsche bir filozof mudur, yoksa anti-filozof mu? Nietzsche&#8217;nin, d\u00fcnya tarihini k\u0131r\u0131p ikiye b\u00f6lmeyi ama\u00e7layan anti-felsefi ediminde sanat\u0131n i\u015flevi nedir? Kendini bir sanat eseri olarak yaratmak nas\u0131l<span class=\"excerpt-hellip\"> [\u2026]<\/span><\/p>\n","protected":false},"featured_media":0,"template":"","meta":{"_monsterinsights_skip_tracking":false,"_monsterinsights_sitenote_active":false,"_monsterinsights_sitenote_note":"","_monsterinsights_sitenote_category":0},"product_brand":[],"product_cat":[16038,12388],"product_tag":[],"class_list":{"0":"post-721095","1":"product","2":"type-product","3":"status-publish","5":"product_cat-arastirma-inceleme-referans-felsefe","6":"product_cat-felsefe","7":"pa_cilt-ciltsiz","8":"pa_tur-kitap","9":"pa_yayinevi-sel-yayincilik","10":"pa_yazar-alain-badiou","12":"first","13":"instock","14":"sale","15":"shipping-taxable","16":"purchasable","17":"product-type-simple"},"_links":{"self":[{"href":"https:\/\/roveyayinevi.com.tr\/index.php\/wp-json\/wp\/v2\/product\/721095","targetHints":{"allow":["GET"]}}],"collection":[{"href":"https:\/\/roveyayinevi.com.tr\/index.php\/wp-json\/wp\/v2\/product"}],"about":[{"href":"https:\/\/roveyayinevi.com.tr\/index.php\/wp-json\/wp\/v2\/types\/product"}],"wp:attachment":[{"href":"https:\/\/roveyayinevi.com.tr\/index.php\/wp-json\/wp\/v2\/media?parent=721095"}],"wp:term":[{"taxonomy":"product_brand","embeddable":true,"href":"https:\/\/roveyayinevi.com.tr\/index.php\/wp-json\/wp\/v2\/product_brand?post=721095"},{"taxonomy":"product_cat","embeddable":true,"href":"https:\/\/roveyayinevi.com.tr\/index.php\/wp-json\/wp\/v2\/product_cat?post=721095"},{"taxonomy":"product_tag","embeddable":true,"href":"https:\/\/roveyayinevi.com.tr\/index.php\/wp-json\/wp\/v2\/product_tag?post=721095"}],"curies":[{"name":"wp","href":"https:\/\/api.w.org\/{rel}","templated":true}]}}