{"id":721094,"date":"2025-08-27T18:45:28","date_gmt":"2025-08-27T15:45:28","guid":{"rendered":"https:\/\/roveyayinevi.com.tr\/index.php\/urun\/john-locke\/"},"modified":"2026-04-16T02:29:15","modified_gmt":"2026-04-15T23:29:15","slug":"john-locke","status":"publish","type":"product","link":"https:\/\/roveyayinevi.com.tr\/index.php\/urun\/john-locke\/","title":{"rendered":"John Locke"},"content":{"rendered":"<p>\u0130ngiliz ampirizminin ve liberal siyaset doktrininin b\u00fcy\u00fck teorisyeni John Locke\u2019un felsefesi, bir\u00e7ok filozofun kendi d\u00fc\u015f\u00fcncelerini geli\u015ftirirken ilham ald\u0131\u011f\u0131 veya hesapla\u015ft\u0131\u011f\u0131 bir mahre\u00e7tir. Locke, kaleme ald\u0131\u011f\u0131 eserlerinde ortaya koydu\u011fu g\u00f6r\u00fc\u015fleriyle felsefe tarihinde m\u00fcmtaz bir yer edinmi\u015ftir. Jean Didier\u2019nin terc\u00fcmesini sundu\u011fumuz bu kitab\u0131, Locke\u2019un ele ald\u0131\u011f\u0131 felsef\u00ee meseleleri ve getirdi\u011fi \u00e7\u00f6z\u00fcmleri a\u00e7\u0131k ve anla\u015f\u0131l\u0131r bir \u00fcslupla tan\u0131t\u0131yor. Bilgi teorisinden siyasete, etikten din felsefesine kadar, Locke\u2019un farkl\u0131 konulardaki g\u00f6r\u00fc\u015flerini tarihsel ve ele\u015ftirel bir bak\u0131\u015f a\u00e7\u0131s\u0131yla g\u00f6zler \u00f6n\u00fcne seriyor.<\/p>\n","protected":false},"excerpt":{"rendered":"<p>\u0130ngiliz ampirizminin ve liberal siyaset doktrininin b\u00fcy\u00fck teorisyeni John Locke\u2019un felsefesi, bir\u00e7ok filozofun kendi d\u00fc\u015f\u00fcncelerini geli\u015ftirirken ilham ald\u0131\u011f\u0131 veya hesapla\u015ft\u0131\u011f\u0131 bir mahre\u00e7tir. Locke, kaleme ald\u0131\u011f\u0131 eserlerinde<span class=\"excerpt-hellip\"> [\u2026]<\/span><\/p>\n","protected":false},"featured_media":0,"template":"","meta":{"_monsterinsights_skip_tracking":false,"_monsterinsights_sitenote_active":false,"_monsterinsights_sitenote_note":"","_monsterinsights_sitenote_category":0},"product_brand":[],"product_cat":[12389,12388],"product_tag":[],"class_list":{"0":"post-721094","1":"product","2":"type-product","3":"status-publish","5":"product_cat-diger-felsefe","6":"product_cat-felsefe","7":"pa_cilt-ciltsiz","8":"pa_tur-kitap","9":"pa_yayinevi-pinhan-yayincilik","10":"pa_yazar-jean-didier","12":"first","13":"instock","14":"sale","15":"shipping-taxable","16":"purchasable","17":"product-type-simple"},"_links":{"self":[{"href":"https:\/\/roveyayinevi.com.tr\/index.php\/wp-json\/wp\/v2\/product\/721094","targetHints":{"allow":["GET"]}}],"collection":[{"href":"https:\/\/roveyayinevi.com.tr\/index.php\/wp-json\/wp\/v2\/product"}],"about":[{"href":"https:\/\/roveyayinevi.com.tr\/index.php\/wp-json\/wp\/v2\/types\/product"}],"wp:attachment":[{"href":"https:\/\/roveyayinevi.com.tr\/index.php\/wp-json\/wp\/v2\/media?parent=721094"}],"wp:term":[{"taxonomy":"product_brand","embeddable":true,"href":"https:\/\/roveyayinevi.com.tr\/index.php\/wp-json\/wp\/v2\/product_brand?post=721094"},{"taxonomy":"product_cat","embeddable":true,"href":"https:\/\/roveyayinevi.com.tr\/index.php\/wp-json\/wp\/v2\/product_cat?post=721094"},{"taxonomy":"product_tag","embeddable":true,"href":"https:\/\/roveyayinevi.com.tr\/index.php\/wp-json\/wp\/v2\/product_tag?post=721094"}],"curies":[{"name":"wp","href":"https:\/\/api.w.org\/{rel}","templated":true}]}}