{"id":721093,"date":"2025-08-27T18:45:28","date_gmt":"2025-08-27T15:45:28","guid":{"rendered":"https:\/\/roveyayinevi.com.tr\/index.php\/urun\/osmanli-arsiv-vesikalari\/"},"modified":"2026-04-16T02:29:15","modified_gmt":"2026-04-15T23:29:15","slug":"osmanli-arsiv-vesikalari","status":"publish","type":"product","link":"https:\/\/roveyayinevi.com.tr\/index.php\/urun\/osmanli-arsiv-vesikalari\/","title":{"rendered":"Osmanl\u0131 Ar\u015fiv Vesikalar\u0131"},"content":{"rendered":"<p>Toplumlar, ge\u00e7mi\u015flerini hat\u0131rlad\u0131klar\u0131, onlar\u0131 toplum yapan k\u00fclt\u00fcrel de\u011ferlerini koruduklar\u0131 s\u00fcrece sa\u011fl\u0131kl\u0131 olabilirler. Toplumsal haf\u0131zan\u0131n ya\u015fat\u0131lmas\u0131, ancak yaz\u0131l\u0131 metinlerin okunup anla\u015f\u0131lmas\u0131yla m\u00fcmk\u00fcn olabilir. Edebiyat Fak\u00fcltelerinin Tarih b\u00f6l\u00fcmleri ba\u015fta olmak \u00fczere, T\u00fcrk Dili ve Edebiyat\u0131, Bilgi ve Belge Y\u00f6netimi,Sanat Tarihi vb. b\u00f6l\u00fcmleri ile di\u011fer fak\u00fcltelerin (\u0130lahiyat ve \u0130ktisat) ilgili b\u00f6l\u00fcmlerindeki lisans ve lisans\u00fcst\u00fc e\u011fitim-\u00f6\u011fretim faaliyetleriyle \u00f6\u011frencilere Osmanl\u0131 T\u00fcrk\u00e7esi \u00e7e\u015fitli d\u00fczeylerde \u00f6\u011fretilmektedir. Bu eser, \u00f6ncelikle \u00f6\u011frencilerin Osmanl\u0131 Ar\u015fiv Vesikalar\u0131 derslerinde ar\u015fiv vesikalar\u0131n\u0131 rahat\u00e7a okuyabilme ve anlayabilmelerine yard\u0131mc\u0131 olmay\u0131 hedefleyen bir ders kitab\u0131 olmas\u0131n\u0131n yan\u0131nda, bu alan\u0131n merakl\u0131lar\u0131na hitap edebilmek \u00fczere haz\u0131rlanm\u0131\u015ft\u0131r. <\/p>\n","protected":false},"excerpt":{"rendered":"<p>Toplumlar, ge\u00e7mi\u015flerini hat\u0131rlad\u0131klar\u0131, onlar\u0131 toplum yapan k\u00fclt\u00fcrel de\u011ferlerini koruduklar\u0131 s\u00fcrece sa\u011fl\u0131kl\u0131 olabilirler. Toplumsal haf\u0131zan\u0131n ya\u015fat\u0131lmas\u0131, ancak yaz\u0131l\u0131 metinlerin okunup anla\u015f\u0131lmas\u0131yla m\u00fcmk\u00fcn olabilir. Edebiyat Fak\u00fcltelerinin Tarih b\u00f6l\u00fcmleri<span class=\"excerpt-hellip\"> [\u2026]<\/span><\/p>\n","protected":false},"featured_media":0,"template":"","meta":{"_monsterinsights_skip_tracking":false,"_monsterinsights_sitenote_active":false,"_monsterinsights_sitenote_note":"","_monsterinsights_sitenote_category":0},"product_brand":[],"product_cat":[13517,12304],"product_tag":[],"class_list":{"0":"post-721093","1":"product","2":"type-product","3":"status-publish","5":"product_cat-osmanli-tarihi","6":"product_cat-tarih","7":"pa_cilt-ciltsiz","8":"pa_tur-kitap","9":"pa_yayinevi-ideal-kultur-yayincilik","10":"pa_yazar-recep-karacakaya-ismail-yucedag","12":"first","13":"instock","14":"sale","15":"shipping-taxable","16":"purchasable","17":"product-type-simple"},"_links":{"self":[{"href":"https:\/\/roveyayinevi.com.tr\/index.php\/wp-json\/wp\/v2\/product\/721093","targetHints":{"allow":["GET"]}}],"collection":[{"href":"https:\/\/roveyayinevi.com.tr\/index.php\/wp-json\/wp\/v2\/product"}],"about":[{"href":"https:\/\/roveyayinevi.com.tr\/index.php\/wp-json\/wp\/v2\/types\/product"}],"wp:attachment":[{"href":"https:\/\/roveyayinevi.com.tr\/index.php\/wp-json\/wp\/v2\/media?parent=721093"}],"wp:term":[{"taxonomy":"product_brand","embeddable":true,"href":"https:\/\/roveyayinevi.com.tr\/index.php\/wp-json\/wp\/v2\/product_brand?post=721093"},{"taxonomy":"product_cat","embeddable":true,"href":"https:\/\/roveyayinevi.com.tr\/index.php\/wp-json\/wp\/v2\/product_cat?post=721093"},{"taxonomy":"product_tag","embeddable":true,"href":"https:\/\/roveyayinevi.com.tr\/index.php\/wp-json\/wp\/v2\/product_tag?post=721093"}],"curies":[{"name":"wp","href":"https:\/\/api.w.org\/{rel}","templated":true}]}}