{"id":721091,"date":"2025-08-27T18:45:26","date_gmt":"2025-08-27T15:45:26","guid":{"rendered":"https:\/\/roveyayinevi.com.tr\/index.php\/urun\/arinmalar\/"},"modified":"2026-04-16T02:29:15","modified_gmt":"2026-04-15T23:29:15","slug":"arinmalar","status":"publish","type":"product","link":"https:\/\/roveyayinevi.com.tr\/index.php\/urun\/arinmalar\/","title":{"rendered":"Ar\u0131nmalar"},"content":{"rendered":"<p>aman\u0131n\u0131n me\u015fhur, \u015fimdilerde g\u00f6zden d\u00fc\u015fm\u00fc\u015f bir Hollywood bar\u0131nda \u00e7al\u0131\u015fan bir barmen. \u00c7evresindeki \u00e7\u00fcr\u00fcmeyi, m\u00fc\u015fterilerin her gece hi\u00e7li\u011fe tekrar tekrar yuvarlan\u0131\u015f\u0131n\u0131 hastal\u0131kl\u0131 bir keyifle izlerken, roman\u0131 i\u00e7in notlar al\u0131r. S\u0131rlar\u0131n\u0131 duymak, gayelerini anlamak i\u00e7in birbirinden ar\u0131zal\u0131 m\u00fcdavimlerle yak\u0131nla\u015f\u0131r ve yak\u0131nla\u015ft\u0131k\u00e7a kendi barda\u011f\u0131na m\u00fc\u015fterilerine verdi\u011finden fazlas\u0131n\u0131 doldurmaya ba\u015flar. Evlili\u011fini, amac\u0131n\u0131 ve sonunda kendini yitirir. Ba\u011f\u0131ml\u0131l\u0131k ve yaln\u0131zl\u0131\u011f\u0131n k\u0131skac\u0131nda, kurtulu\u015f i\u00e7in bir plan yapar: feci ama gerekli bir plan.Ar\u0131nmalar okuru bara, tezg\u00e2h\u0131n arkas\u0131na, dibin de dibine ve bilindik \u00f6yk\u00fc anlat\u0131m\u0131n\u0131n \u00f6tesine s\u00fcr\u00fckl\u00fcyor.Kasvetin en g\u00f6rkemli hali.- IndependetVarolu\u015fun bulan\u0131k s\u0131n\u0131rlar\u0131nda gezinen, k\u0131sa, tesirli, ustaca bir i\u015f.- GuardianNefis.- Times<\/p>\n","protected":false},"excerpt":{"rendered":"<p>aman\u0131n\u0131n me\u015fhur, \u015fimdilerde g\u00f6zden d\u00fc\u015fm\u00fc\u015f bir Hollywood bar\u0131nda \u00e7al\u0131\u015fan bir barmen. \u00c7evresindeki \u00e7\u00fcr\u00fcmeyi, m\u00fc\u015fterilerin her gece hi\u00e7li\u011fe tekrar tekrar yuvarlan\u0131\u015f\u0131n\u0131 hastal\u0131kl\u0131 bir keyifle izlerken, roman\u0131 i\u00e7in<span class=\"excerpt-hellip\"> [\u2026]<\/span><\/p>\n","protected":false},"featured_media":0,"template":"","meta":{"_monsterinsights_skip_tracking":false,"_monsterinsights_sitenote_active":false,"_monsterinsights_sitenote_note":"","_monsterinsights_sitenote_category":0},"product_brand":[],"product_cat":[12291,12711],"product_tag":[],"class_list":{"0":"post-721091","1":"product","2":"type-product","3":"status-publish","5":"product_cat-edebiyat","6":"product_cat-roman-oyku","7":"pa_cilt-ciltsiz","8":"pa_tur-kitap","9":"pa_yayinevi-domingo-yayinevi","10":"pa_yazar-patrick-dewitt","12":"first","13":"instock","14":"sale","15":"shipping-taxable","16":"purchasable","17":"product-type-simple"},"_links":{"self":[{"href":"https:\/\/roveyayinevi.com.tr\/index.php\/wp-json\/wp\/v2\/product\/721091","targetHints":{"allow":["GET"]}}],"collection":[{"href":"https:\/\/roveyayinevi.com.tr\/index.php\/wp-json\/wp\/v2\/product"}],"about":[{"href":"https:\/\/roveyayinevi.com.tr\/index.php\/wp-json\/wp\/v2\/types\/product"}],"wp:attachment":[{"href":"https:\/\/roveyayinevi.com.tr\/index.php\/wp-json\/wp\/v2\/media?parent=721091"}],"wp:term":[{"taxonomy":"product_brand","embeddable":true,"href":"https:\/\/roveyayinevi.com.tr\/index.php\/wp-json\/wp\/v2\/product_brand?post=721091"},{"taxonomy":"product_cat","embeddable":true,"href":"https:\/\/roveyayinevi.com.tr\/index.php\/wp-json\/wp\/v2\/product_cat?post=721091"},{"taxonomy":"product_tag","embeddable":true,"href":"https:\/\/roveyayinevi.com.tr\/index.php\/wp-json\/wp\/v2\/product_tag?post=721091"}],"curies":[{"name":"wp","href":"https:\/\/api.w.org\/{rel}","templated":true}]}}