{"id":721090,"date":"2025-08-27T18:45:26","date_gmt":"2025-08-27T15:45:26","guid":{"rendered":"https:\/\/roveyayinevi.com.tr\/index.php\/urun\/haydi-banyoya\/"},"modified":"2026-04-16T02:29:15","modified_gmt":"2026-04-15T23:29:15","slug":"haydi-banyoya","status":"publish","type":"product","link":"https:\/\/roveyayinevi.com.tr\/index.php\/urun\/haydi-banyoya\/","title":{"rendered":"Haydi Banyoya!"},"content":{"rendered":"<p>Ahmet k\u00f6pe\u011fiyle birlikte \u00c7amur Canavarlar\u0131 oyunu oynuyor. Ba\u015ftan aya\u011fa kadar \u00e7amura bulanm\u0131\u015f. \u015eimdi k\u00f6p\u00fckl\u00fc banyo zaman\u0131! \u00c7amurdan ar\u0131nmak i\u00e7in bol k\u00f6p\u00fckl\u00fc bir banyo yap\u0131yor. Ahmet, yemek masas\u0131na oturdu\u011funda mikropsuz b\u00f6lgede oldu\u011fundan emin oluyor. Ak\u015fam uyumadan \u00f6nce di\u015flerini de f\u0131r\u00e7alamay\u0131 unutmuyor. G\u00fcle g\u00fcle gidin mikroplar, bir daha da gelmeyin!   Sa\u011fl\u0131kl\u0131 Ya\u015fam Kurallar\u0131 Serisi ile nas\u0131l mutlu, sa\u011fl\u0131kl\u0131 ve g\u00fcvende olaca\u011f\u0131n\u0131 \u00f6\u011fren.  <\/p>\n","protected":false},"excerpt":{"rendered":"<p>Ahmet k\u00f6pe\u011fiyle birlikte \u00c7amur Canavarlar\u0131 oyunu oynuyor. Ba\u015ftan aya\u011fa kadar \u00e7amura bulanm\u0131\u015f. \u015eimdi k\u00f6p\u00fckl\u00fc banyo zaman\u0131! \u00c7amurdan ar\u0131nmak i\u00e7in bol k\u00f6p\u00fckl\u00fc bir banyo yap\u0131yor. Ahmet, yemek<span class=\"excerpt-hellip\"> [\u2026]<\/span><\/p>\n","protected":false},"featured_media":0,"template":"","meta":{"_monsterinsights_skip_tracking":false,"_monsterinsights_sitenote_active":false,"_monsterinsights_sitenote_note":"","_monsterinsights_sitenote_category":0},"product_brand":[],"product_cat":[12274,12518],"product_tag":[],"class_list":{"0":"post-721090","1":"product","2":"type-product","3":"status-publish","5":"product_cat-cocuk-ve-genclik-kitaplari","6":"product_cat-okul-oncesi-kitaplar","7":"pa_cilt-ciltsiz","8":"pa_tur-kitap","9":"pa_yayinevi-the-cocuk","10":"pa_yazar-gina-bellisario","12":"first","13":"instock","14":"sale","15":"shipping-taxable","16":"purchasable","17":"product-type-simple"},"_links":{"self":[{"href":"https:\/\/roveyayinevi.com.tr\/index.php\/wp-json\/wp\/v2\/product\/721090","targetHints":{"allow":["GET"]}}],"collection":[{"href":"https:\/\/roveyayinevi.com.tr\/index.php\/wp-json\/wp\/v2\/product"}],"about":[{"href":"https:\/\/roveyayinevi.com.tr\/index.php\/wp-json\/wp\/v2\/types\/product"}],"wp:attachment":[{"href":"https:\/\/roveyayinevi.com.tr\/index.php\/wp-json\/wp\/v2\/media?parent=721090"}],"wp:term":[{"taxonomy":"product_brand","embeddable":true,"href":"https:\/\/roveyayinevi.com.tr\/index.php\/wp-json\/wp\/v2\/product_brand?post=721090"},{"taxonomy":"product_cat","embeddable":true,"href":"https:\/\/roveyayinevi.com.tr\/index.php\/wp-json\/wp\/v2\/product_cat?post=721090"},{"taxonomy":"product_tag","embeddable":true,"href":"https:\/\/roveyayinevi.com.tr\/index.php\/wp-json\/wp\/v2\/product_tag?post=721090"}],"curies":[{"name":"wp","href":"https:\/\/api.w.org\/{rel}","templated":true}]}}