{"id":721089,"date":"2025-08-27T18:45:25","date_gmt":"2025-08-27T15:45:25","guid":{"rendered":"https:\/\/roveyayinevi.com.tr\/index.php\/urun\/dikkat-zehirli-olabilir\/"},"modified":"2026-04-16T02:29:15","modified_gmt":"2026-04-15T23:29:15","slug":"dikkat-zehirli-olabilir","status":"publish","type":"product","link":"https:\/\/roveyayinevi.com.tr\/index.php\/urun\/dikkat-zehirli-olabilir\/","title":{"rendered":"Dikkat! Zehirli Olabilir"},"content":{"rendered":"<p>Mustafa\u2019n\u0131n karde\u015fi zararl\u0131 maddelerin ne oldu\u011funu bilmez ama S\u00fcper Mustafa bilir. Karde\u015fini evdeki zararl\u0131 maddelerden korur. Evdeki zararl\u0131 maddeler nedir? Temizlik malzemeleri, deterjanlar ve ev bitkileri. Ayn\u0131 zamanda garaj ve bah\u00e7edeki \u00e7imenler gibi evin d\u0131\u015f\u0131nda kalan alanlarda da zehirli maddeler vard\u0131r. Mustafa bu zararl\u0131 maddelerden nas\u0131l ka\u00e7\u0131naca\u011f\u0131n\u0131 bilir!   Sa\u011fl\u0131kl\u0131 Ya\u015fam Kurallar\u0131 Serisi ile nas\u0131l mutlu, sa\u011fl\u0131kl\u0131 ve g\u00fcvende olaca\u011f\u0131n\u0131 \u00f6\u011fren.<\/p>\n","protected":false},"excerpt":{"rendered":"<p>Mustafa\u2019n\u0131n karde\u015fi zararl\u0131 maddelerin ne oldu\u011funu bilmez ama S\u00fcper Mustafa bilir. Karde\u015fini evdeki zararl\u0131 maddelerden korur. Evdeki zararl\u0131 maddeler nedir? Temizlik malzemeleri, deterjanlar ve ev bitkileri.<span class=\"excerpt-hellip\"> [\u2026]<\/span><\/p>\n","protected":false},"featured_media":0,"template":"","meta":{"_monsterinsights_skip_tracking":false,"_monsterinsights_sitenote_active":false,"_monsterinsights_sitenote_note":"","_monsterinsights_sitenote_category":0},"product_brand":[],"product_cat":[12274,12518],"product_tag":[],"class_list":{"0":"post-721089","1":"product","2":"type-product","3":"status-publish","5":"product_cat-cocuk-ve-genclik-kitaplari","6":"product_cat-okul-oncesi-kitaplar","7":"pa_cilt-ciltsiz","8":"pa_tur-kitap","9":"pa_yayinevi-the-cocuk","10":"pa_yazar-gina-bellisario","12":"first","13":"instock","14":"sale","15":"shipping-taxable","16":"purchasable","17":"product-type-simple"},"_links":{"self":[{"href":"https:\/\/roveyayinevi.com.tr\/index.php\/wp-json\/wp\/v2\/product\/721089","targetHints":{"allow":["GET"]}}],"collection":[{"href":"https:\/\/roveyayinevi.com.tr\/index.php\/wp-json\/wp\/v2\/product"}],"about":[{"href":"https:\/\/roveyayinevi.com.tr\/index.php\/wp-json\/wp\/v2\/types\/product"}],"wp:attachment":[{"href":"https:\/\/roveyayinevi.com.tr\/index.php\/wp-json\/wp\/v2\/media?parent=721089"}],"wp:term":[{"taxonomy":"product_brand","embeddable":true,"href":"https:\/\/roveyayinevi.com.tr\/index.php\/wp-json\/wp\/v2\/product_brand?post=721089"},{"taxonomy":"product_cat","embeddable":true,"href":"https:\/\/roveyayinevi.com.tr\/index.php\/wp-json\/wp\/v2\/product_cat?post=721089"},{"taxonomy":"product_tag","embeddable":true,"href":"https:\/\/roveyayinevi.com.tr\/index.php\/wp-json\/wp\/v2\/product_tag?post=721089"}],"curies":[{"name":"wp","href":"https:\/\/api.w.org\/{rel}","templated":true}]}}