{"id":721087,"date":"2025-08-27T18:45:24","date_gmt":"2025-08-27T15:45:24","guid":{"rendered":"https:\/\/roveyayinevi.com.tr\/index.php\/urun\/isletmelerde-kurumsal-yonetim-anlayisi-kapsaminda-ic-denetim\/"},"modified":"2026-04-16T02:29:15","modified_gmt":"2026-04-15T23:29:15","slug":"isletmelerde-kurumsal-yonetim-anlayisi-kapsaminda-ic-denetim","status":"publish","type":"product","link":"https:\/\/roveyayinevi.com.tr\/index.php\/urun\/isletmelerde-kurumsal-yonetim-anlayisi-kapsaminda-ic-denetim\/","title":{"rendered":"\u0130\u015fletmelerde Kurumsal Y\u00f6netim Anlay\u0131\u015f\u0131 Kapsam\u0131nda \u0130\u00e7 Denetim"},"content":{"rendered":"<p>1.      KURUMSAL Y\u00d6NET\u0130M ANLAYI\u015eI VE GEL\u0130\u015e\u0130M S\u00dcREC\u0130 2.    KURUMSAL Y\u00d6NET\u0130M ANLAYI\u015eI DO\u011eRULTUSUNDA YAPILAN D\u00dcZENLEMELER 3.    KURUMSAL Y\u00d6NET\u0130M ANLAYI\u015eININ KAR\u015eILA\u015eTIRMALI HUKUK S\u0130STEM\u0130 \u0130\u00c7ER\u0130S\u0130NDEK\u0130 YER\u0130 VE T\u00dcRK HUKUK S\u0130STEM\u0130 4.    KURUMSAL Y\u00d6NET\u0130M ANLAYI\u015eI KAPSAMINDA \u0130\u00c7 DENET\u0130M 1.    B\u0130ST\u2013100 ENDEKS\u0130NE KAYITLI \u015e\u0130RKETLERDE KURUMSAL Y\u00d6NET\u0130M ANLAYI\u015eI KAPSAMINDA \u0130\u00c7 DENET\u0130M\u0130N ROL\u00dcN\u00dc BEL\u0130RLEMEYE Y\u00d6NEL\u0130K AMP\u0130R\u0130K B\u0130R ARA\u015eTIRMA   <\/p>\n","protected":false},"excerpt":{"rendered":"<p>1. KURUMSAL Y\u00d6NET\u0130M ANLAYI\u015eI VE GEL\u0130\u015e\u0130M S\u00dcREC\u0130 2. KURUMSAL Y\u00d6NET\u0130M ANLAYI\u015eI DO\u011eRULTUSUNDA YAPILAN D\u00dcZENLEMELER 3. KURUMSAL Y\u00d6NET\u0130M ANLAYI\u015eININ KAR\u015eILA\u015eTIRMALI HUKUK S\u0130STEM\u0130 \u0130\u00c7ER\u0130S\u0130NDEK\u0130 YER\u0130 VE T\u00dcRK HUKUK<span class=\"excerpt-hellip\"> [\u2026]<\/span><\/p>\n","protected":false},"featured_media":0,"template":"","meta":{"_monsterinsights_skip_tracking":false,"_monsterinsights_sitenote_active":false,"_monsterinsights_sitenote_note":"","_monsterinsights_sitenote_category":0},"product_brand":[],"product_cat":[13043,14381],"product_tag":[],"class_list":{"0":"post-721087","1":"product","2":"type-product","3":"status-publish","5":"product_cat-ekonomi","6":"product_cat-isletme-muhasebe-maliye","7":"pa_cilt-ciltsiz","8":"pa_tur-kitap","9":"pa_yayinevi-gazi-kitabevi","10":"pa_yazar-hasan-abdioglu","12":"first","13":"instock","14":"sale","15":"shipping-taxable","16":"purchasable","17":"product-type-simple"},"_links":{"self":[{"href":"https:\/\/roveyayinevi.com.tr\/index.php\/wp-json\/wp\/v2\/product\/721087","targetHints":{"allow":["GET"]}}],"collection":[{"href":"https:\/\/roveyayinevi.com.tr\/index.php\/wp-json\/wp\/v2\/product"}],"about":[{"href":"https:\/\/roveyayinevi.com.tr\/index.php\/wp-json\/wp\/v2\/types\/product"}],"wp:attachment":[{"href":"https:\/\/roveyayinevi.com.tr\/index.php\/wp-json\/wp\/v2\/media?parent=721087"}],"wp:term":[{"taxonomy":"product_brand","embeddable":true,"href":"https:\/\/roveyayinevi.com.tr\/index.php\/wp-json\/wp\/v2\/product_brand?post=721087"},{"taxonomy":"product_cat","embeddable":true,"href":"https:\/\/roveyayinevi.com.tr\/index.php\/wp-json\/wp\/v2\/product_cat?post=721087"},{"taxonomy":"product_tag","embeddable":true,"href":"https:\/\/roveyayinevi.com.tr\/index.php\/wp-json\/wp\/v2\/product_tag?post=721087"}],"curies":[{"name":"wp","href":"https:\/\/api.w.org\/{rel}","templated":true}]}}