{"id":721086,"date":"2025-08-27T18:45:23","date_gmt":"2025-08-27T15:45:23","guid":{"rendered":"https:\/\/roveyayinevi.com.tr\/index.php\/urun\/muzik-yapiminda-mastering\/"},"modified":"2026-04-16T02:29:15","modified_gmt":"2026-04-15T23:29:15","slug":"muzik-yapiminda-mastering","status":"publish","type":"product","link":"https:\/\/roveyayinevi.com.tr\/index.php\/urun\/muzik-yapiminda-mastering\/","title":{"rendered":"M\u00fczik Yap\u0131m\u0131nda Mastering"},"content":{"rendered":"<p>B\u00fct\u00fcn d\u00fcnyada her t\u00fcrl\u00fc m\u00fczik \u00e7alar ya da medya cihaz\u0131 arac\u0131l\u0131\u011f\u0131yla dinledi\u011fimiz m\u00fcziklerin kulaklar\u0131m\u0131za ula\u015fmadan \u00f6nceki ser\u00fcveni \u00fc\u00e7 a\u015famadan olu\u015fmaktad\u0131r. Bunlar\u0131n ilki icran\u0131n saklanmas\u0131n\u0131 sa\u011flayan kay\u0131t s\u00fcrecidir. Bunu kaydedilen m\u00fczik eserinin dinleyiciye daha cazip duyurulmas\u0131 i\u00e7in yap\u0131lan miks i\u015flemi izler. Bu kitap ise ser\u00fcvenin son a\u015famas\u0131 olan \u201cmastering\u201d k\u0131sm\u0131n\u0131 ele almaktad\u0131r. Kitab\u0131n yazar\u0131 ve deneyimli mastering uzman\u0131 Erman Ayd\u00f6ner, bu i\u015fin teknik oldu\u011fu kadar sanatsal ve yarat\u0131c\u0131 bir s\u00fcre\u00e7 oldu\u011funun da alt\u0131n\u0131 \u00e7izmektedir. Yazar\u0131m\u0131z kitapta teknik bilgilerin detayl\u0131 anlat\u0131m\u0131ndan \u00e7ok mastering i\u015fiyle ilgili olarak y\u0131llar i\u00e7inde edindi\u011fi kendi tecr\u00fcbelerini, bildiklerini ve bir\u00e7ok pratik bilgiyi okurla payla\u015fmaktad\u0131r. Kitapta yer alan \u00e7o\u011fu terim ve kelime hen\u00fcz T\u00fcrk\u00e7e kar\u015f\u0131l\u0131\u011f\u0131 bulunmad\u0131\u011f\u0131 i\u00e7in orijinal isimleriyle kullan\u0131lm\u0131\u015ft\u0131r. Bu konuyla ilgili T\u00fcrkiye\u2019de bir ilk olan kitab\u0131m\u0131z\u0131n b\u00fct\u00fcn ilgililere yard\u0131mc\u0131 ve yararl\u0131 olmas\u0131n\u0131 umut ediyoruz.<\/p>\n","protected":false},"excerpt":{"rendered":"<p>B\u00fct\u00fcn d\u00fcnyada her t\u00fcrl\u00fc m\u00fczik \u00e7alar ya da medya cihaz\u0131 arac\u0131l\u0131\u011f\u0131yla dinledi\u011fimiz m\u00fcziklerin kulaklar\u0131m\u0131za ula\u015fmadan \u00f6nceki ser\u00fcveni \u00fc\u00e7 a\u015famadan olu\u015fmaktad\u0131r. Bunlar\u0131n ilki icran\u0131n saklanmas\u0131n\u0131 sa\u011flayan kay\u0131t<span class=\"excerpt-hellip\"> [\u2026]<\/span><\/p>\n","protected":false},"featured_media":0,"template":"","meta":{"_monsterinsights_skip_tracking":false,"_monsterinsights_sitenote_active":false,"_monsterinsights_sitenote_note":"","_monsterinsights_sitenote_category":0},"product_brand":[],"product_cat":[14556,20810],"product_tag":[],"class_list":{"0":"post-721086","1":"product","2":"type-product","3":"status-publish","5":"product_cat-muzik","6":"product_cat-ogrenim-kitaplari","7":"pa_cilt-ciltsiz","8":"pa_tur-kitap","9":"pa_yayinevi-muzik-egitimi-yayinlari","10":"pa_yazar-erman-aydoner","12":"first","13":"instock","14":"sale","15":"shipping-taxable","16":"purchasable","17":"product-type-simple"},"_links":{"self":[{"href":"https:\/\/roveyayinevi.com.tr\/index.php\/wp-json\/wp\/v2\/product\/721086","targetHints":{"allow":["GET"]}}],"collection":[{"href":"https:\/\/roveyayinevi.com.tr\/index.php\/wp-json\/wp\/v2\/product"}],"about":[{"href":"https:\/\/roveyayinevi.com.tr\/index.php\/wp-json\/wp\/v2\/types\/product"}],"wp:attachment":[{"href":"https:\/\/roveyayinevi.com.tr\/index.php\/wp-json\/wp\/v2\/media?parent=721086"}],"wp:term":[{"taxonomy":"product_brand","embeddable":true,"href":"https:\/\/roveyayinevi.com.tr\/index.php\/wp-json\/wp\/v2\/product_brand?post=721086"},{"taxonomy":"product_cat","embeddable":true,"href":"https:\/\/roveyayinevi.com.tr\/index.php\/wp-json\/wp\/v2\/product_cat?post=721086"},{"taxonomy":"product_tag","embeddable":true,"href":"https:\/\/roveyayinevi.com.tr\/index.php\/wp-json\/wp\/v2\/product_tag?post=721086"}],"curies":[{"name":"wp","href":"https:\/\/api.w.org\/{rel}","templated":true}]}}