{"id":721081,"date":"2025-08-27T18:45:20","date_gmt":"2025-08-27T15:45:20","guid":{"rendered":"https:\/\/roveyayinevi.com.tr\/index.php\/urun\/hancer-telasi\/"},"modified":"2025-11-21T05:40:12","modified_gmt":"2025-11-21T02:40:12","slug":"hancer-telasi","status":"publish","type":"product","link":"https:\/\/roveyayinevi.com.tr\/index.php\/urun\/hancer-telasi\/","title":{"rendered":"Han\u00e7er Tela\u015f\u0131"},"content":{"rendered":"<p>Ve karalara b\u00fcr\u00fcnm\u00fc\u015f bir g\u00fcn Da\u011flardan \u00f6l\u00fcm kervan\u0131 belirir Korku d\u00f6\u015fte h\u0131n\u00e7 Korku g\u00f6zde h\u0131n\u00e7   Kara bulut tela\u015f\u0131                                                                         Bir yang\u0131n Toz bulutu gibi yay\u0131l\u0131r g\u00f6\u011f\u00fcn \u00fcst\u00fcne korku Ve cellat g\u00fcne\u015fi \u00f6rter kinli g\u00f6zleriyle K\u00f6y damlar\u0131 kara duman D\u00fc\u015fte kanl\u0131 dere Zul kokar penceremdeki \u00e7i\u00e7ek Kelebek kanad\u0131n\u0131 g\u00f6mer ate\u015fin demine K\u00fcl m\u00fc \u00f6rter \u00e7\u0131\u011fl\u0131\u011f\u0131n\u0131   Ey Munzur Ey D\u00fczg\u00fcn Duymaz m\u0131s\u0131n Ba\u015fkald\u0131rmaz dizelerim <\/p>\n","protected":false},"excerpt":{"rendered":"<p>Ve karalara b\u00fcr\u00fcnm\u00fc\u015f bir g\u00fcn Da\u011flardan \u00f6l\u00fcm kervan\u0131 belirir Korku d\u00f6\u015fte h\u0131n\u00e7 Korku g\u00f6zde h\u0131n\u00e7 Kara bulut tela\u015f\u0131 Bir yang\u0131n Toz bulutu gibi yay\u0131l\u0131r g\u00f6\u011f\u00fcn \u00fcst\u00fcne<span class=\"excerpt-hellip\"> [\u2026]<\/span><\/p>\n","protected":false},"featured_media":0,"template":"","meta":{"_monsterinsights_skip_tracking":false,"_monsterinsights_sitenote_active":false,"_monsterinsights_sitenote_note":"","_monsterinsights_sitenote_category":0},"product_brand":[],"product_cat":[12291,12509],"product_tag":[],"class_list":{"0":"post-721081","1":"product","2":"type-product","3":"status-publish","5":"product_cat-edebiyat","6":"product_cat-siir","7":"pa_cilt-ciltsiz","8":"pa_tur-kitap","9":"pa_yayinevi-favori-yayinlari","10":"pa_yazar-vedat-icen","12":"first","13":"instock","14":"sale","15":"shipping-taxable","16":"purchasable","17":"product-type-simple"},"_links":{"self":[{"href":"https:\/\/roveyayinevi.com.tr\/index.php\/wp-json\/wp\/v2\/product\/721081","targetHints":{"allow":["GET"]}}],"collection":[{"href":"https:\/\/roveyayinevi.com.tr\/index.php\/wp-json\/wp\/v2\/product"}],"about":[{"href":"https:\/\/roveyayinevi.com.tr\/index.php\/wp-json\/wp\/v2\/types\/product"}],"wp:attachment":[{"href":"https:\/\/roveyayinevi.com.tr\/index.php\/wp-json\/wp\/v2\/media?parent=721081"}],"wp:term":[{"taxonomy":"product_brand","embeddable":true,"href":"https:\/\/roveyayinevi.com.tr\/index.php\/wp-json\/wp\/v2\/product_brand?post=721081"},{"taxonomy":"product_cat","embeddable":true,"href":"https:\/\/roveyayinevi.com.tr\/index.php\/wp-json\/wp\/v2\/product_cat?post=721081"},{"taxonomy":"product_tag","embeddable":true,"href":"https:\/\/roveyayinevi.com.tr\/index.php\/wp-json\/wp\/v2\/product_tag?post=721081"}],"curies":[{"name":"wp","href":"https:\/\/api.w.org\/{rel}","templated":true}]}}