{"id":721079,"date":"2025-08-27T18:45:18","date_gmt":"2025-08-27T15:45:18","guid":{"rendered":"https:\/\/roveyayinevi.com.tr\/index.php\/urun\/halamin-villasi\/"},"modified":"2025-09-29T01:20:20","modified_gmt":"2025-09-28T22:20:20","slug":"halamin-villasi","status":"publish","type":"product","link":"https:\/\/roveyayinevi.com.tr\/index.php\/urun\/halamin-villasi\/","title":{"rendered":"Halam\u0131n Villas\u0131"},"content":{"rendered":"<p>\u0130lk \u00f6p\u00fc\u015fme, ilk kez \u2018\u2018milli\u2019\u2019 olma, ilk hediyeler, ilk kazan\u0131mlar, ilk kay\u0131plar, mart\u0131lara at\u0131lan ilk simit par\u00e7as\u0131 unutulur mu hi\u00e7?Ya ilk ihanetler, ilk terk edilmi\u015flikler?Kre\u015fe ilk ayak basma, huzurevinde yaln\u0131z ge\u00e7irilen ilk gece, mezar ba\u015f\u0131nda d\u00f6k\u00fclen ilk g\u00f6zya\u015flar\u0131\u2026Unutmak ihanettir, an\u0131msamamak ise intihar\u2026<\/p>\n","protected":false},"excerpt":{"rendered":"<p>\u0130lk \u00f6p\u00fc\u015fme, ilk kez \u2018\u2018milli\u2019\u2019 olma, ilk hediyeler, ilk kazan\u0131mlar, ilk kay\u0131plar, mart\u0131lara at\u0131lan ilk simit par\u00e7as\u0131 unutulur mu hi\u00e7?Ya ilk ihanetler, ilk terk edilmi\u015flikler?Kre\u015fe ilk<span class=\"excerpt-hellip\"> [\u2026]<\/span><\/p>\n","protected":false},"featured_media":0,"template":"","meta":{"_monsterinsights_skip_tracking":false,"_monsterinsights_sitenote_active":false,"_monsterinsights_sitenote_note":"","_monsterinsights_sitenote_category":0},"product_brand":[],"product_cat":[18545,12291],"product_tag":[],"class_list":{"0":"post-721079","1":"product","2":"type-product","3":"status-publish","5":"product_cat-anlati","6":"product_cat-edebiyat","7":"pa_cilt-ciltsiz","8":"pa_tur-kitap","9":"pa_yayinevi-favori-yayinlari","10":"pa_yazar-recai-seyhoglu","12":"first","13":"instock","14":"sale","15":"shipping-taxable","16":"purchasable","17":"product-type-simple"},"_links":{"self":[{"href":"https:\/\/roveyayinevi.com.tr\/index.php\/wp-json\/wp\/v2\/product\/721079","targetHints":{"allow":["GET"]}}],"collection":[{"href":"https:\/\/roveyayinevi.com.tr\/index.php\/wp-json\/wp\/v2\/product"}],"about":[{"href":"https:\/\/roveyayinevi.com.tr\/index.php\/wp-json\/wp\/v2\/types\/product"}],"wp:attachment":[{"href":"https:\/\/roveyayinevi.com.tr\/index.php\/wp-json\/wp\/v2\/media?parent=721079"}],"wp:term":[{"taxonomy":"product_brand","embeddable":true,"href":"https:\/\/roveyayinevi.com.tr\/index.php\/wp-json\/wp\/v2\/product_brand?post=721079"},{"taxonomy":"product_cat","embeddable":true,"href":"https:\/\/roveyayinevi.com.tr\/index.php\/wp-json\/wp\/v2\/product_cat?post=721079"},{"taxonomy":"product_tag","embeddable":true,"href":"https:\/\/roveyayinevi.com.tr\/index.php\/wp-json\/wp\/v2\/product_tag?post=721079"}],"curies":[{"name":"wp","href":"https:\/\/api.w.org\/{rel}","templated":true}]}}