{"id":721078,"date":"2025-08-27T18:45:17","date_gmt":"2025-08-27T15:45:17","guid":{"rendered":"https:\/\/roveyayinevi.com.tr\/index.php\/urun\/gitmek-var-icimde\/"},"modified":"2025-11-12T05:40:50","modified_gmt":"2025-11-12T02:40:50","slug":"gitmek-var-icimde","status":"publish","type":"product","link":"https:\/\/roveyayinevi.com.tr\/index.php\/urun\/gitmek-var-icimde\/","title":{"rendered":"Gitmek Var \u0130\u00e7imde"},"content":{"rendered":"<p>GECEDEN KALAN H\u0130K\u00c2YE   Durgun bir nehirde Yol al\u0131yordum denize, G\u00f6zlerim kilitleninceye dek g\u00f6zlerine. Kocaman bir \u00e7ift siyah g\u00f6z; Ruhumu \u00e7ekti bedenimden kendisine. \u0130nip kalkan g\u00f6\u011fs\u00fcm\u00fcn ard\u0131ndan, H\u00fccum etti k\u0131lcallar\u0131ma kan; kabard\u0131 ba\u015f\u0131m g\u00f6\u011fe do\u011fru. Can\u0131m yan\u0131yordu; Uzun t\u0131rnaklar\u0131 kendinden ge\u00e7ip s\u0131rt\u0131m\u0131 kanat\u0131nca, Can \u00e7eki\u015fir gibi inlerken. Tutkunun ve \u015fehvetin avucundayd\u0131k, Savruluyorduk f\u0131rt\u0131nan\u0131n i\u00e7inde bir yaprak gibi.   S\u00f6zc\u00fcklerin hi\u00e7bir h\u00fckm\u00fc yoktu art\u0131k, hi\u00e7bir \u015fey anlatm\u0131yordu s\u00f6zc\u00fckler. S\u00f6zc\u00fcklerin alt\u0131ndaki bo\u015fluktayd\u0131k, oras\u0131 neresiydi acaba; &#8220;mutlak&#8221; dedikleri yer mi? D\u0131\u015far\u0131da kas\u0131rgalar kopsa, depremler olsa bizi asla ilgilendirmeyecekti. Bo\u015falacakt\u0131 arka arkaya biriktirdi\u011fimiz ac\u0131lar, ac\u0131mas\u0131zl\u0131\u011f\u0131n ve ac\u0131n\u0131n kol gezdi\u011fi bu co\u011frafyada. \u00d6l\u00fcm m\u00fc? \u00d6l\u00fcm nedir ki? Ya\u015fad\u0131\u011f\u0131m\u0131z bu denklemin olsa olsa bir kataliz\u00f6r\u00fc olur, bir an \u00f6nce gideriz o do\u011fmadan \u00f6nceki yere, hazla, tutkuyla&#8230;   <\/p>\n","protected":false},"excerpt":{"rendered":"<p>GECEDEN KALAN H\u0130K\u00c2YE Durgun bir nehirde Yol al\u0131yordum denize, G\u00f6zlerim kilitleninceye dek g\u00f6zlerine. Kocaman bir \u00e7ift siyah g\u00f6z; Ruhumu \u00e7ekti bedenimden kendisine. \u0130nip kalkan g\u00f6\u011fs\u00fcm\u00fcn ard\u0131ndan,<span class=\"excerpt-hellip\"> [\u2026]<\/span><\/p>\n","protected":false},"featured_media":0,"template":"","meta":{"_monsterinsights_skip_tracking":false,"_monsterinsights_sitenote_active":false,"_monsterinsights_sitenote_note":"","_monsterinsights_sitenote_category":0},"product_brand":[],"product_cat":[12777,12291],"product_tag":[],"class_list":{"0":"post-721078","1":"product","2":"type-product","3":"status-publish","5":"product_cat-deneme","6":"product_cat-edebiyat","7":"pa_cilt-ciltsiz","8":"pa_tur-kitap","9":"pa_yayinevi-favori-yayinlari","10":"pa_yazar-tuncay-buyukdisli","12":"first","13":"instock","14":"sale","15":"shipping-taxable","16":"purchasable","17":"product-type-simple"},"_links":{"self":[{"href":"https:\/\/roveyayinevi.com.tr\/index.php\/wp-json\/wp\/v2\/product\/721078","targetHints":{"allow":["GET"]}}],"collection":[{"href":"https:\/\/roveyayinevi.com.tr\/index.php\/wp-json\/wp\/v2\/product"}],"about":[{"href":"https:\/\/roveyayinevi.com.tr\/index.php\/wp-json\/wp\/v2\/types\/product"}],"wp:attachment":[{"href":"https:\/\/roveyayinevi.com.tr\/index.php\/wp-json\/wp\/v2\/media?parent=721078"}],"wp:term":[{"taxonomy":"product_brand","embeddable":true,"href":"https:\/\/roveyayinevi.com.tr\/index.php\/wp-json\/wp\/v2\/product_brand?post=721078"},{"taxonomy":"product_cat","embeddable":true,"href":"https:\/\/roveyayinevi.com.tr\/index.php\/wp-json\/wp\/v2\/product_cat?post=721078"},{"taxonomy":"product_tag","embeddable":true,"href":"https:\/\/roveyayinevi.com.tr\/index.php\/wp-json\/wp\/v2\/product_tag?post=721078"}],"curies":[{"name":"wp","href":"https:\/\/api.w.org\/{rel}","templated":true}]}}