{"id":721077,"date":"2025-08-27T18:45:17","date_gmt":"2025-08-27T15:45:17","guid":{"rendered":"https:\/\/roveyayinevi.com.tr\/index.php\/urun\/jon-turk\/"},"modified":"2026-04-16T02:29:15","modified_gmt":"2026-04-15T23:29:15","slug":"jon-turk","status":"publish","type":"product","link":"https:\/\/roveyayinevi.com.tr\/index.php\/urun\/jon-turk\/","title":{"rendered":"J\u00f6n T\u00fcrk"},"content":{"rendered":"<p>J\u00f6n T\u00fcrk roman\u0131 Terc\u00fcman-\u0131 Hakikat gazetesinde tefrika edildikten sonra 1910 y\u0131l\u0131nda kitap olarak bas\u0131lm\u0131\u015ft\u0131r. Roman\u0131n kahramanlar\u0131ndan Nurullah Frans\u0131zcay\u0131 \u00e7ok iyi bildi\u011fi gibi resim, m\u00fczik, felsefe, din\u00ee ilimler konusunda bilgi sahibidir. Bat\u0131\u2019n\u0131n hayat tarz\u0131n\u0131 her \u015feyiyle benimsemi\u015f olan Ceylan ise nik\u00e2hs\u0131z evlili\u011fi dahi savunan gen\u00e7 bir k\u0131zd\u0131r. Ceylan, Nurullah\u2019\u0131n Ahdiye ile evlenmesine engel olmak i\u00e7in akla gelmedik yollara ba\u015fvurur. Bunu yaparken ba\u015fta Nurullah ve babas\u0131 olmak \u00fczere pek \u00e7ok ki\u015finin kaderiyle oynar. T\u00fcrk Klasikleri serisi i\u00e7inde Ahmet Mithat\u2019\u0131n eserlerine g\u00f6sterilen ilgiden hareketle bu eserin de okuyucularca be\u011fenilece\u011fini umut ediyoruz. Ayr\u0131ca Tanzimat d\u00f6neminde s\u0131k i\u015flenen Bat\u0131l\u0131la\u015fma konusuna farkl\u0131 bir yakla\u015f\u0131m i\u00e7inde oldu\u011funu da hat\u0131rlatmak isteriz. <\/p>\n","protected":false},"excerpt":{"rendered":"<p>J\u00f6n T\u00fcrk roman\u0131 Terc\u00fcman-\u0131 Hakikat gazetesinde tefrika edildikten sonra 1910 y\u0131l\u0131nda kitap olarak bas\u0131lm\u0131\u015ft\u0131r. Roman\u0131n kahramanlar\u0131ndan Nurullah Frans\u0131zcay\u0131 \u00e7ok iyi bildi\u011fi gibi resim, m\u00fczik, felsefe, din\u00ee<span class=\"excerpt-hellip\"> [\u2026]<\/span><\/p>\n","protected":false},"featured_media":0,"template":"","meta":{"_monsterinsights_skip_tracking":false,"_monsterinsights_sitenote_active":false,"_monsterinsights_sitenote_note":"","_monsterinsights_sitenote_category":0},"product_brand":[],"product_cat":[12291,12711],"product_tag":[],"class_list":{"0":"post-721077","1":"product","2":"type-product","3":"status-publish","5":"product_cat-edebiyat","6":"product_cat-roman-oyku","7":"pa_cilt-ciltsiz","8":"pa_tur-kitap","9":"pa_yayinevi-bilge-kultur-sanat","10":"pa_yazar-ahmet-mithat","12":"first","13":"instock","14":"sale","15":"shipping-taxable","16":"purchasable","17":"product-type-simple"},"_links":{"self":[{"href":"https:\/\/roveyayinevi.com.tr\/index.php\/wp-json\/wp\/v2\/product\/721077","targetHints":{"allow":["GET"]}}],"collection":[{"href":"https:\/\/roveyayinevi.com.tr\/index.php\/wp-json\/wp\/v2\/product"}],"about":[{"href":"https:\/\/roveyayinevi.com.tr\/index.php\/wp-json\/wp\/v2\/types\/product"}],"wp:attachment":[{"href":"https:\/\/roveyayinevi.com.tr\/index.php\/wp-json\/wp\/v2\/media?parent=721077"}],"wp:term":[{"taxonomy":"product_brand","embeddable":true,"href":"https:\/\/roveyayinevi.com.tr\/index.php\/wp-json\/wp\/v2\/product_brand?post=721077"},{"taxonomy":"product_cat","embeddable":true,"href":"https:\/\/roveyayinevi.com.tr\/index.php\/wp-json\/wp\/v2\/product_cat?post=721077"},{"taxonomy":"product_tag","embeddable":true,"href":"https:\/\/roveyayinevi.com.tr\/index.php\/wp-json\/wp\/v2\/product_tag?post=721077"}],"curies":[{"name":"wp","href":"https:\/\/api.w.org\/{rel}","templated":true}]}}