{"id":721076,"date":"2025-08-27T18:45:16","date_gmt":"2025-08-27T15:45:16","guid":{"rendered":"https:\/\/roveyayinevi.com.tr\/index.php\/urun\/agir-aksak\/"},"modified":"2026-04-16T02:29:15","modified_gmt":"2026-04-15T23:29:15","slug":"agir-aksak","status":"publish","type":"product","link":"https:\/\/roveyayinevi.com.tr\/index.php\/urun\/agir-aksak\/","title":{"rendered":"A\u011f\u0131r Aksak"},"content":{"rendered":"<p>Orman\u0131n en sevilen tembel hayvan\u0131 Aksak, ger\u00e7ekten de \u00e7ok a\u011f\u0131r hareket ediyor! Ne zaman bir yere davet edilse, oraya herkesten saatler sonra var\u0131yor, hep ge\u00e7 kal\u0131yor.Arkada\u015flar\u0131 ona yard\u0131m etmeye can at\u0131yor ama bir tembel hayvan nas\u0131l h\u0131zland\u0131r\u0131l\u0131r?<\/p>\n","protected":false},"excerpt":{"rendered":"<p>Orman\u0131n en sevilen tembel hayvan\u0131 Aksak, ger\u00e7ekten de \u00e7ok a\u011f\u0131r hareket ediyor! Ne zaman bir yere davet edilse, oraya herkesten saatler sonra var\u0131yor, hep ge\u00e7 kal\u0131yor.Arkada\u015flar\u0131<span class=\"excerpt-hellip\"> [\u2026]<\/span><\/p>\n","protected":false},"featured_media":0,"template":"","meta":{"_monsterinsights_skip_tracking":false,"_monsterinsights_sitenote_active":false,"_monsterinsights_sitenote_note":"","_monsterinsights_sitenote_category":0},"product_brand":[],"product_cat":[12913,12274],"product_tag":[],"class_list":{"0":"post-721076","1":"product","2":"type-product","3":"status-publish","5":"product_cat-3-6-yas-kitaplari","6":"product_cat-cocuk-ve-genclik-kitaplari","7":"pa_cilt-ciltsiz","8":"pa_tur-kitap","9":"pa_yayinevi-is-bankasi-kultur-yayinlari","10":"pa_yazar-bethany-christou","12":"first","13":"instock","14":"sale","15":"shipping-taxable","16":"purchasable","17":"product-type-simple"},"_links":{"self":[{"href":"https:\/\/roveyayinevi.com.tr\/index.php\/wp-json\/wp\/v2\/product\/721076","targetHints":{"allow":["GET"]}}],"collection":[{"href":"https:\/\/roveyayinevi.com.tr\/index.php\/wp-json\/wp\/v2\/product"}],"about":[{"href":"https:\/\/roveyayinevi.com.tr\/index.php\/wp-json\/wp\/v2\/types\/product"}],"wp:attachment":[{"href":"https:\/\/roveyayinevi.com.tr\/index.php\/wp-json\/wp\/v2\/media?parent=721076"}],"wp:term":[{"taxonomy":"product_brand","embeddable":true,"href":"https:\/\/roveyayinevi.com.tr\/index.php\/wp-json\/wp\/v2\/product_brand?post=721076"},{"taxonomy":"product_cat","embeddable":true,"href":"https:\/\/roveyayinevi.com.tr\/index.php\/wp-json\/wp\/v2\/product_cat?post=721076"},{"taxonomy":"product_tag","embeddable":true,"href":"https:\/\/roveyayinevi.com.tr\/index.php\/wp-json\/wp\/v2\/product_tag?post=721076"}],"curies":[{"name":"wp","href":"https:\/\/api.w.org\/{rel}","templated":true}]}}