{"id":721075,"date":"2025-08-27T18:45:15","date_gmt":"2025-08-27T15:45:15","guid":{"rendered":"https:\/\/roveyayinevi.com.tr\/index.php\/urun\/kucuk-usta-buci\/"},"modified":"2026-04-16T02:29:15","modified_gmt":"2026-04-15T23:29:15","slug":"kucuk-usta-buci","status":"publish","type":"product","link":"https:\/\/roveyayinevi.com.tr\/index.php\/urun\/kucuk-usta-buci\/","title":{"rendered":"K\u00fc\u00e7\u00fck Usta Buci"},"content":{"rendered":"<p>Robot K\u00fc\u00e7\u00fck Usta Buci,Arkada\u015flar\u0131n\u0131n pe\u015finden her sabah t\u0131rman\u0131r tepeye,Kazan, iten, delen di\u011fer robotlara yard\u0131m etmeye.Ama bug\u00fcn ola\u011fan\u00fcst\u00fc \u015feyler ya\u015fanacak, bu defa arkada\u015flar\u0131 Buci\u2019nin yard\u0131m\u0131na ko\u015facak!Uzayda ge\u00e7en, capcanl\u0131 detaylarla dolu, heyecanl\u0131 bir \u00f6yk\u00fc. K\u00fc\u00e7\u00fck m\u00fchendisler bu \u00f6yk\u00fcye bay\u0131lacak\u2026 Y\u00fcksek sesle okursan daha \u00e7ok e\u011flenirsin!<\/p>\n","protected":false},"excerpt":{"rendered":"<p>Robot K\u00fc\u00e7\u00fck Usta Buci,Arkada\u015flar\u0131n\u0131n pe\u015finden her sabah t\u0131rman\u0131r tepeye,Kazan, iten, delen di\u011fer robotlara yard\u0131m etmeye.Ama bug\u00fcn ola\u011fan\u00fcst\u00fc \u015feyler ya\u015fanacak, bu defa arkada\u015flar\u0131 Buci\u2019nin yard\u0131m\u0131na ko\u015facak!Uzayda ge\u00e7en,<span class=\"excerpt-hellip\"> [\u2026]<\/span><\/p>\n","protected":false},"featured_media":0,"template":"","meta":{"_monsterinsights_skip_tracking":false,"_monsterinsights_sitenote_active":false,"_monsterinsights_sitenote_note":"","_monsterinsights_sitenote_category":0},"product_brand":[],"product_cat":[12274,12518],"product_tag":[],"class_list":{"0":"post-721075","1":"product","2":"type-product","3":"status-publish","5":"product_cat-cocuk-ve-genclik-kitaplari","6":"product_cat-okul-oncesi-kitaplar","7":"pa_cilt-ciltsiz","8":"pa_tur-kitap","9":"pa_yayinevi-is-bankasi-kultur-yayinlari","10":"pa_yazar-john-kelly","12":"first","13":"instock","14":"sale","15":"shipping-taxable","16":"purchasable","17":"product-type-simple"},"_links":{"self":[{"href":"https:\/\/roveyayinevi.com.tr\/index.php\/wp-json\/wp\/v2\/product\/721075","targetHints":{"allow":["GET"]}}],"collection":[{"href":"https:\/\/roveyayinevi.com.tr\/index.php\/wp-json\/wp\/v2\/product"}],"about":[{"href":"https:\/\/roveyayinevi.com.tr\/index.php\/wp-json\/wp\/v2\/types\/product"}],"wp:attachment":[{"href":"https:\/\/roveyayinevi.com.tr\/index.php\/wp-json\/wp\/v2\/media?parent=721075"}],"wp:term":[{"taxonomy":"product_brand","embeddable":true,"href":"https:\/\/roveyayinevi.com.tr\/index.php\/wp-json\/wp\/v2\/product_brand?post=721075"},{"taxonomy":"product_cat","embeddable":true,"href":"https:\/\/roveyayinevi.com.tr\/index.php\/wp-json\/wp\/v2\/product_cat?post=721075"},{"taxonomy":"product_tag","embeddable":true,"href":"https:\/\/roveyayinevi.com.tr\/index.php\/wp-json\/wp\/v2\/product_tag?post=721075"}],"curies":[{"name":"wp","href":"https:\/\/api.w.org\/{rel}","templated":true}]}}