{"id":721074,"date":"2025-08-27T18:45:15","date_gmt":"2025-08-27T15:45:15","guid":{"rendered":"https:\/\/roveyayinevi.com.tr\/index.php\/urun\/haylaz-ayicik\/"},"modified":"2026-03-16T02:32:55","modified_gmt":"2026-03-15T23:32:55","slug":"haylaz-ayicik","status":"publish","type":"product","link":"https:\/\/roveyayinevi.com.tr\/index.php\/urun\/haylaz-ayicik\/","title":{"rendered":"Haylaz Ay\u0131c\u0131k"},"content":{"rendered":"<p>Koca g\u00f6vdeli haylaz ay\u0131c\u0131k, e\u011flence i\u00e7in ormandaki di\u011fer hayvanlar\u0131 korkutmaya bay\u0131l\u0131yordu. Birinin onu durdurmas\u0131 gerekiyordu ve bunu minik ama \u00e7ok cesur bir tav\u015fan ba\u015faracakt\u0131.Kibarl\u0131\u011f\u0131n g\u00fcc\u00fcne dair \u00f6nemli bir mesaj\u0131 olan b\u00fcy\u00fcleyici bir hik\u00e2ye.<\/p>\n","protected":false},"excerpt":{"rendered":"<p>Koca g\u00f6vdeli haylaz ay\u0131c\u0131k, e\u011flence i\u00e7in ormandaki di\u011fer hayvanlar\u0131 korkutmaya bay\u0131l\u0131yordu. Birinin onu durdurmas\u0131 gerekiyordu ve bunu minik ama \u00e7ok cesur bir tav\u015fan ba\u015faracakt\u0131.Kibarl\u0131\u011f\u0131n g\u00fcc\u00fcne dair<span class=\"excerpt-hellip\"> [\u2026]<\/span><\/p>\n","protected":false},"featured_media":0,"template":"","meta":{"_monsterinsights_skip_tracking":false,"_monsterinsights_sitenote_active":false,"_monsterinsights_sitenote_note":"","_monsterinsights_sitenote_category":0},"product_brand":[],"product_cat":[12274,12518],"product_tag":[],"class_list":{"0":"post-721074","1":"product","2":"type-product","3":"status-publish","5":"product_cat-cocuk-ve-genclik-kitaplari","6":"product_cat-okul-oncesi-kitaplar","7":"pa_cilt-ciltsiz","8":"pa_tur-kitap","9":"pa_yayinevi-is-bankasi-kultur-yayinlari","10":"pa_yazar-ivan-bates","12":"first","13":"instock","14":"sale","15":"shipping-taxable","16":"purchasable","17":"product-type-simple"},"_links":{"self":[{"href":"https:\/\/roveyayinevi.com.tr\/index.php\/wp-json\/wp\/v2\/product\/721074","targetHints":{"allow":["GET"]}}],"collection":[{"href":"https:\/\/roveyayinevi.com.tr\/index.php\/wp-json\/wp\/v2\/product"}],"about":[{"href":"https:\/\/roveyayinevi.com.tr\/index.php\/wp-json\/wp\/v2\/types\/product"}],"wp:attachment":[{"href":"https:\/\/roveyayinevi.com.tr\/index.php\/wp-json\/wp\/v2\/media?parent=721074"}],"wp:term":[{"taxonomy":"product_brand","embeddable":true,"href":"https:\/\/roveyayinevi.com.tr\/index.php\/wp-json\/wp\/v2\/product_brand?post=721074"},{"taxonomy":"product_cat","embeddable":true,"href":"https:\/\/roveyayinevi.com.tr\/index.php\/wp-json\/wp\/v2\/product_cat?post=721074"},{"taxonomy":"product_tag","embeddable":true,"href":"https:\/\/roveyayinevi.com.tr\/index.php\/wp-json\/wp\/v2\/product_tag?post=721074"}],"curies":[{"name":"wp","href":"https:\/\/api.w.org\/{rel}","templated":true}]}}