{"id":721073,"date":"2025-08-27T18:45:14","date_gmt":"2025-08-27T15:45:14","guid":{"rendered":"https:\/\/roveyayinevi.com.tr\/index.php\/urun\/dedektif-zebra-ve-kayip-kurabiyelerin-gizemi\/"},"modified":"2026-04-16T02:29:15","modified_gmt":"2026-04-15T23:29:15","slug":"dedektif-zebra-ve-kayip-kurabiyelerin-gizemi","status":"publish","type":"product","link":"https:\/\/roveyayinevi.com.tr\/index.php\/urun\/dedektif-zebra-ve-kayip-kurabiyelerin-gizemi\/","title":{"rendered":"Dedektif Zebra ve Kay\u0131p Kurabiyelerin Gizemi"},"content":{"rendered":"<p>Dedektif Zebra ve g\u00fcvenilir yard\u0131mc\u0131s\u0131 Nokta\u2019yla tan\u0131\u015fmaya var m\u0131s\u0131n\u0131z? Muhte\u015fem ikili ilk maceralar\u0131nda marmelatl\u0131 kurabiyelerin gizemli \u015fekilde ortadan kaybolmas\u0131n\u0131 ara\u015ft\u0131r\u0131yor.<\/p>\n","protected":false},"excerpt":{"rendered":"<p>Dedektif Zebra ve g\u00fcvenilir yard\u0131mc\u0131s\u0131 Nokta\u2019yla tan\u0131\u015fmaya var m\u0131s\u0131n\u0131z? Muhte\u015fem ikili ilk maceralar\u0131nda marmelatl\u0131 kurabiyelerin gizemli \u015fekilde ortadan kaybolmas\u0131n\u0131 ara\u015ft\u0131r\u0131yor.<\/p>\n","protected":false},"featured_media":0,"template":"","meta":{"_monsterinsights_skip_tracking":false,"_monsterinsights_sitenote_active":false,"_monsterinsights_sitenote_note":"","_monsterinsights_sitenote_category":0},"product_brand":[],"product_cat":[12913,12274],"product_tag":[],"class_list":{"0":"post-721073","1":"product","2":"type-product","3":"status-publish","5":"product_cat-3-6-yas-kitaplari","6":"product_cat-cocuk-ve-genclik-kitaplari","7":"pa_cilt-ciltsiz","8":"pa_tur-kitap","9":"pa_yayinevi-is-bankasi-kultur-yayinlari","10":"pa_yazar-gill-mclean","12":"first","13":"instock","14":"sale","15":"shipping-taxable","16":"purchasable","17":"product-type-simple"},"_links":{"self":[{"href":"https:\/\/roveyayinevi.com.tr\/index.php\/wp-json\/wp\/v2\/product\/721073","targetHints":{"allow":["GET"]}}],"collection":[{"href":"https:\/\/roveyayinevi.com.tr\/index.php\/wp-json\/wp\/v2\/product"}],"about":[{"href":"https:\/\/roveyayinevi.com.tr\/index.php\/wp-json\/wp\/v2\/types\/product"}],"wp:attachment":[{"href":"https:\/\/roveyayinevi.com.tr\/index.php\/wp-json\/wp\/v2\/media?parent=721073"}],"wp:term":[{"taxonomy":"product_brand","embeddable":true,"href":"https:\/\/roveyayinevi.com.tr\/index.php\/wp-json\/wp\/v2\/product_brand?post=721073"},{"taxonomy":"product_cat","embeddable":true,"href":"https:\/\/roveyayinevi.com.tr\/index.php\/wp-json\/wp\/v2\/product_cat?post=721073"},{"taxonomy":"product_tag","embeddable":true,"href":"https:\/\/roveyayinevi.com.tr\/index.php\/wp-json\/wp\/v2\/product_tag?post=721073"}],"curies":[{"name":"wp","href":"https:\/\/api.w.org\/{rel}","templated":true}]}}