{"id":721072,"date":"2025-08-27T18:45:13","date_gmt":"2025-08-27T15:45:13","guid":{"rendered":"https:\/\/roveyayinevi.com.tr\/index.php\/urun\/tarcinin-kaybolan-havuclari\/"},"modified":"2026-04-16T02:29:15","modified_gmt":"2026-04-15T23:29:15","slug":"tarcinin-kaybolan-havuclari","status":"publish","type":"product","link":"https:\/\/roveyayinevi.com.tr\/index.php\/urun\/tarcinin-kaybolan-havuclari\/","title":{"rendered":"Tar\u00e7\u0131n&#8217;\u0131n Kaybolan Havu\u00e7lar\u0131"},"content":{"rendered":"<p>Havu\u00e7lar\u0131 her \u015feyden \u00e7ok seven Tar\u00e7\u0131n, kahvalt\u0131da afiyetle yiyece\u011fi havu\u00e7lar i\u00e7in bir par\u00e7a tuz almaya gitti. D\u00f6nd\u00fc\u011f\u00fcnde ise havu\u00e7lar\u0131n\u0131 b\u0131rakt\u0131\u011f\u0131 yerde bulamad\u0131. Havu\u00e7lar ortadan kaybolmu\u015ftu ama yerde de tuhaf izler vard\u0131. \u0130zleri takip etmeye ba\u015flayan Tar\u00e7\u0131n\u2019\u0131 nas\u0131l bir s\u00fcrpriz bekliyordu acaba?<\/p>\n","protected":false},"excerpt":{"rendered":"<p>Havu\u00e7lar\u0131 her \u015feyden \u00e7ok seven Tar\u00e7\u0131n, kahvalt\u0131da afiyetle yiyece\u011fi havu\u00e7lar i\u00e7in bir par\u00e7a tuz almaya gitti. D\u00f6nd\u00fc\u011f\u00fcnde ise havu\u00e7lar\u0131n\u0131 b\u0131rakt\u0131\u011f\u0131 yerde bulamad\u0131. Havu\u00e7lar ortadan kaybolmu\u015ftu ama<span class=\"excerpt-hellip\"> [\u2026]<\/span><\/p>\n","protected":false},"featured_media":0,"template":"","meta":{"_monsterinsights_skip_tracking":false,"_monsterinsights_sitenote_active":false,"_monsterinsights_sitenote_note":"","_monsterinsights_sitenote_category":0},"product_brand":[],"product_cat":[12913,12274],"product_tag":[],"class_list":{"0":"post-721072","1":"product","2":"type-product","3":"status-publish","5":"product_cat-3-6-yas-kitaplari","6":"product_cat-cocuk-ve-genclik-kitaplari","7":"pa_cilt-ciltsiz","8":"pa_tur-kitap","9":"pa_yayinevi-is-bankasi-kultur-yayinlari","10":"pa_yazar-andreas-konig","12":"first","13":"instock","14":"sale","15":"shipping-taxable","16":"purchasable","17":"product-type-simple"},"_links":{"self":[{"href":"https:\/\/roveyayinevi.com.tr\/index.php\/wp-json\/wp\/v2\/product\/721072","targetHints":{"allow":["GET"]}}],"collection":[{"href":"https:\/\/roveyayinevi.com.tr\/index.php\/wp-json\/wp\/v2\/product"}],"about":[{"href":"https:\/\/roveyayinevi.com.tr\/index.php\/wp-json\/wp\/v2\/types\/product"}],"wp:attachment":[{"href":"https:\/\/roveyayinevi.com.tr\/index.php\/wp-json\/wp\/v2\/media?parent=721072"}],"wp:term":[{"taxonomy":"product_brand","embeddable":true,"href":"https:\/\/roveyayinevi.com.tr\/index.php\/wp-json\/wp\/v2\/product_brand?post=721072"},{"taxonomy":"product_cat","embeddable":true,"href":"https:\/\/roveyayinevi.com.tr\/index.php\/wp-json\/wp\/v2\/product_cat?post=721072"},{"taxonomy":"product_tag","embeddable":true,"href":"https:\/\/roveyayinevi.com.tr\/index.php\/wp-json\/wp\/v2\/product_tag?post=721072"}],"curies":[{"name":"wp","href":"https:\/\/api.w.org\/{rel}","templated":true}]}}