{"id":721069,"date":"2025-08-27T18:45:11","date_gmt":"2025-08-27T15:45:11","guid":{"rendered":"https:\/\/roveyayinevi.com.tr\/index.php\/urun\/ekmegi-buyutmek\/"},"modified":"2025-11-21T05:40:07","modified_gmt":"2025-11-21T02:40:07","slug":"ekmegi-buyutmek","status":"publish","type":"product","link":"https:\/\/roveyayinevi.com.tr\/index.php\/urun\/ekmegi-buyutmek\/","title":{"rendered":"Ekme\u011fi B\u00fcy\u00fctmek"},"content":{"rendered":"<p>Ferhat sustu. Ald\u0131\u011f\u0131 g\u00f6revin, omzundaki k\u0131z\u0131n\u0131n gelece\u011fine de katk\u0131 sa\u011flayaca\u011f\u0131 d\u00fc\u015f\u00fcncesi bir k\u0131v\u0131lc\u0131m gibi yand\u0131 s\u00f6nd\u00fc beyninde. Do\u011fudaki da\u011flar\u0131n \u00fczerinden, g\u00fcne\u015finkinden binlerce kat b\u00fcy\u00fckl\u00fc\u011f\u00fcnde dev bir k\u0131z\u0131ll\u0131k do\u011fdu. K\u0131z\u0131ll\u0131\u011f\u0131n i\u00e7inden bir y\u0131ld\u0131z f\u0131rlad\u0131, ovaya do\u011fru s\u00fcz\u00fcld\u00fc ve giderek kuyruklu y\u0131ld\u0131za, kuyruklu y\u0131ld\u0131z da gen\u00e7 bir k\u0131za d\u00f6n\u00fc\u015ft\u00fc. D\u00f6ne\u2019nin yirmili ya\u015flar\u0131ndaki h\u00e2liydi bu. K\u0131rm\u0131z\u0131 bu\u011fday ba\u015faklar\u0131n\u0131n dalgaland\u0131\u011f\u0131 bir denize d\u00f6n\u00fc\u015fen Ayd\u0131n Ovas\u0131\u2019na, D\u00f6ne\u2019nin g\u00f6zlerinden, sa\u00e7lar\u0131ndan, her yerinden ya\u011fmur gibi \u0131\u015f\u0131n ya\u011f\u0131yordu. T\u00fcm ova bir anda \u0131\u015f\u0131\u011fa kesti. Bir ku\u015f hafifli\u011fi ile dev bu\u011fday ba\u015faklar\u0131n\u0131n ortas\u0131na inen D\u00f6ne, tarlalar\u0131n i\u00e7inden, ba\u015faklar\u0131 yara yara, sa\u00e7lar\u0131n\u0131 r\u00fczg\u00e2rda savurarak, bir ceylan k\u0131vrakl\u0131\u011f\u0131 ile g\u00fcne\u015fin batt\u0131\u011f\u0131 yere do\u011fru ko\u015fuyordu.     <\/p>\n","protected":false},"excerpt":{"rendered":"<p>Ferhat sustu. Ald\u0131\u011f\u0131 g\u00f6revin, omzundaki k\u0131z\u0131n\u0131n gelece\u011fine de katk\u0131 sa\u011flayaca\u011f\u0131 d\u00fc\u015f\u00fcncesi bir k\u0131v\u0131lc\u0131m gibi yand\u0131 s\u00f6nd\u00fc beyninde. Do\u011fudaki da\u011flar\u0131n \u00fczerinden, g\u00fcne\u015finkinden binlerce kat b\u00fcy\u00fckl\u00fc\u011f\u00fcnde dev bir<span class=\"excerpt-hellip\"> [\u2026]<\/span><\/p>\n","protected":false},"featured_media":0,"template":"","meta":{"_monsterinsights_skip_tracking":false,"_monsterinsights_sitenote_active":false,"_monsterinsights_sitenote_note":"","_monsterinsights_sitenote_category":0},"product_brand":[],"product_cat":[12291,12711],"product_tag":[],"class_list":{"0":"post-721069","1":"product","2":"type-product","3":"status-publish","5":"product_cat-edebiyat","6":"product_cat-roman-oyku","7":"pa_cilt-ciltsiz","8":"pa_tur-kitap","9":"pa_yayinevi-favori-yayinlari","10":"pa_yazar-cafer-karatepe","12":"first","13":"instock","14":"sale","15":"shipping-taxable","16":"purchasable","17":"product-type-simple"},"_links":{"self":[{"href":"https:\/\/roveyayinevi.com.tr\/index.php\/wp-json\/wp\/v2\/product\/721069","targetHints":{"allow":["GET"]}}],"collection":[{"href":"https:\/\/roveyayinevi.com.tr\/index.php\/wp-json\/wp\/v2\/product"}],"about":[{"href":"https:\/\/roveyayinevi.com.tr\/index.php\/wp-json\/wp\/v2\/types\/product"}],"wp:attachment":[{"href":"https:\/\/roveyayinevi.com.tr\/index.php\/wp-json\/wp\/v2\/media?parent=721069"}],"wp:term":[{"taxonomy":"product_brand","embeddable":true,"href":"https:\/\/roveyayinevi.com.tr\/index.php\/wp-json\/wp\/v2\/product_brand?post=721069"},{"taxonomy":"product_cat","embeddable":true,"href":"https:\/\/roveyayinevi.com.tr\/index.php\/wp-json\/wp\/v2\/product_cat?post=721069"},{"taxonomy":"product_tag","embeddable":true,"href":"https:\/\/roveyayinevi.com.tr\/index.php\/wp-json\/wp\/v2\/product_tag?post=721069"}],"curies":[{"name":"wp","href":"https:\/\/api.w.org\/{rel}","templated":true}]}}