{"id":721068,"date":"2025-08-27T18:45:11","date_gmt":"2025-08-27T15:45:11","guid":{"rendered":"https:\/\/roveyayinevi.com.tr\/index.php\/urun\/futsol\/"},"modified":"2026-04-16T02:29:15","modified_gmt":"2026-04-15T23:29:15","slug":"futsol","status":"publish","type":"product","link":"https:\/\/roveyayinevi.com.tr\/index.php\/urun\/futsol\/","title":{"rendered":"Futsol"},"content":{"rendered":"<p>Soldan bak\u0131ld\u0131\u011f\u0131nda kar\u015f\u0131m\u0131za farkl\u0131 bir futbol \u00e7\u0131kaca\u011f\u0131n\u0131 anlatan kitab\u0131n yazar\u0131, T\u00fcrkiye Futbol Federasyonu (TFF) eski y\u00f6neticilerinden ve \u00c7evre Avukat\u0131 Remzi Kazmaz.      Futbol, sadece ye\u015fil sahalarda ba\u015flay\u0131p biten bir oyun de\u011fildir. Ma\u00e7lar genellikle 90 dakikada sona erer. Ard\u0131ndan g\u00fcnler boyu s\u00fcrecek \u2018futbolun sadece futbol olmad\u0131\u011f\u0131n\u0131\u2019 kan\u0131tlayan \u00f6yk\u00fcler, yorumlar ve olaylar ba\u015flar.      Bu g\u00f6zle bakarsan\u0131z, oyun i\u00e7inde oyun oldu\u011funu siz de g\u00f6r\u00fcrs\u00fcn\u00fcz.                                                                                                  U\u011fur D\u00fcndar (Ara\u015ft\u0131rmac\u0131 Gazeteci)   Brezilya\u2019n\u0131n efsanevi kaptan\u0131 Socrates, \u2018\u2018Corinthias\u2019\u0131n \u015fampiyon oldu\u011fu bir pazar g\u00fcn\u00fc \u00f6lmek istiyorum\u2019\u2019 diyecek kadar tak\u0131m\u0131n\u0131 \u00e7ok seviyordu. Ger\u00e7ekten de Socrates, Corinthias\u2019\u0131n \u015fampiyon oldu\u011fu bir pazar g\u00fcn\u00fc \u00f6ld\u00fc!                                                                                                           Y\u0131lmaz Vural (Teknik Direkt\u00f6r)    \u2018\u2018Che Guevara, ba\u015fta K\u00fcba Devrimi olmak \u00fczere, d\u00fcnyaya haks\u0131zl\u0131\u011fa ba\u015fkald\u0131rman\u0131n her t\u00fcrl\u00fc \u015feklini g\u00f6steren efsanevi bir devrimciydi. \u0130yi bir kaleci de olan Che\u2019ye g\u00f6re futbol, basit bir oyun de\u011fil, ayn\u0131 zamanda bir devrim silah\u0131yd\u0131!..\u2019\u2019                                                                                Y\u0131ld\u0131r\u0131m Kaya (CHP Genel Ba\u015fkan Yard\u0131mc\u0131s\u0131)   Kimilerine g\u00f6re bir sava\u015f \/ kimilerine g\u00f6re bar\u0131\u015f, kimilerine g\u00f6re e\u011flence \/ kimilerine g\u00f6re s\u00f6m\u00fcr\u00fc, milyonlar\u0131 kontrol etmek i\u00e7in bir ara\u00e7 ya da kapitalizmin k\u00e2rl\u0131 bir oyunca\u011f\u0131\u2026 Bazen halklar\u0131 birle\u015ftirdi, uluslara bayram oldu. Bazen sava\u015f ba\u015flatt\u0131, katliamlara neden oldu. Bir devrimin k\u0131v\u0131lc\u0131m\u0131 oldu ya da fa\u015fizmin bir arac\u0131&#8230; Futbol hi\u00e7 masum bir oyun olmad\u0131. Futbolu kontrol edenler hep kazand\u0131.                                                                                                Arif K\u0131z\u0131lyal\u0131n (Gazeteci \/ Spor Yazar\u0131)     <\/p>\n","protected":false},"excerpt":{"rendered":"<p>Soldan bak\u0131ld\u0131\u011f\u0131nda kar\u015f\u0131m\u0131za farkl\u0131 bir futbol \u00e7\u0131kaca\u011f\u0131n\u0131 anlatan kitab\u0131n yazar\u0131, T\u00fcrkiye Futbol Federasyonu (TFF) eski y\u00f6neticilerinden ve \u00c7evre Avukat\u0131 Remzi Kazmaz. Futbol, sadece ye\u015fil sahalarda ba\u015flay\u0131p<span class=\"excerpt-hellip\"> [\u2026]<\/span><\/p>\n","protected":false},"featured_media":0,"template":"","meta":{"_monsterinsights_skip_tracking":false,"_monsterinsights_sitenote_active":false,"_monsterinsights_sitenote_note":"","_monsterinsights_sitenote_category":0},"product_brand":[],"product_cat":[12370,12304],"product_tag":[],"class_list":{"0":"post-721068","1":"product","2":"type-product","3":"status-publish","5":"product_cat-arastirma-inceleme","6":"product_cat-tarih","7":"pa_cilt-ciltsiz","8":"pa_tur-kitap","9":"pa_yayinevi-favori-yayinlari","10":"pa_yazar-remzi-kazmaz","12":"first","13":"instock","14":"sale","15":"shipping-taxable","16":"purchasable","17":"product-type-simple"},"_links":{"self":[{"href":"https:\/\/roveyayinevi.com.tr\/index.php\/wp-json\/wp\/v2\/product\/721068","targetHints":{"allow":["GET"]}}],"collection":[{"href":"https:\/\/roveyayinevi.com.tr\/index.php\/wp-json\/wp\/v2\/product"}],"about":[{"href":"https:\/\/roveyayinevi.com.tr\/index.php\/wp-json\/wp\/v2\/types\/product"}],"wp:attachment":[{"href":"https:\/\/roveyayinevi.com.tr\/index.php\/wp-json\/wp\/v2\/media?parent=721068"}],"wp:term":[{"taxonomy":"product_brand","embeddable":true,"href":"https:\/\/roveyayinevi.com.tr\/index.php\/wp-json\/wp\/v2\/product_brand?post=721068"},{"taxonomy":"product_cat","embeddable":true,"href":"https:\/\/roveyayinevi.com.tr\/index.php\/wp-json\/wp\/v2\/product_cat?post=721068"},{"taxonomy":"product_tag","embeddable":true,"href":"https:\/\/roveyayinevi.com.tr\/index.php\/wp-json\/wp\/v2\/product_tag?post=721068"}],"curies":[{"name":"wp","href":"https:\/\/api.w.org\/{rel}","templated":true}]}}