{"id":721063,"date":"2025-08-27T18:45:07","date_gmt":"2025-08-27T15:45:07","guid":{"rendered":"https:\/\/roveyayinevi.com.tr\/index.php\/urun\/666\/"},"modified":"2026-04-16T02:29:14","modified_gmt":"2026-04-15T23:29:14","slug":"666","status":"publish","type":"product","link":"https:\/\/roveyayinevi.com.tr\/index.php\/urun\/666\/","title":{"rendered":"666"},"content":{"rendered":"<p>Dirili\u011fimizi nas\u0131l yok edece\u011fimizi, duyarl\u0131l\u0131\u011f\u0131m\u0131z\u0131 nas\u0131l k\u00f6reltebilece\u011fimizi o kadar m\u00fckemmel \u00f6\u011freniyoruz ki, varolmaktan \u00f6te bir yokolmak kayg\u0131s\u0131 sar\u0131yor ruhumuzu.\u0130lk olarak 1994\u2019te y\u0131l\u0131nda bas\u0131lan, daha sonra yasaklanmas\u0131na ra\u011fmen defalarca yeni bask\u0131s\u0131 yap\u0131lan 666, 2019 Temmuz\u2019unda aram\u0131zdan ayr\u0131lan k\u00fc\u00e7\u00fck \u0130skender\u2019in yarat\u0131c\u0131l\u0131\u011f\u0131n\u0131 \u00f6zg\u00fcrce sergiledi\u011fi bir metin-\u015fiir. Alay\u0131n, \u015fehvetin, alacakaranl\u0131\u011f\u0131n, isyan\u0131n i\u00e7inden yaz\u0131lan, hayat kurtarmak i\u00e7in k\u00f6t\u00fcn\u00fcn dilini konu\u015fan, iyiye ula\u015fmak i\u00e7in de \u015feytana kulak veren bu benzersiz ve alabildi\u011fine cesur metin nihayet yeni okurlar\u0131yla bulu\u015fuyor.<\/p>\n","protected":false},"excerpt":{"rendered":"<p>Dirili\u011fimizi nas\u0131l yok edece\u011fimizi, duyarl\u0131l\u0131\u011f\u0131m\u0131z\u0131 nas\u0131l k\u00f6reltebilece\u011fimizi o kadar m\u00fckemmel \u00f6\u011freniyoruz ki, varolmaktan \u00f6te bir yokolmak kayg\u0131s\u0131 sar\u0131yor ruhumuzu.\u0130lk olarak 1994\u2019te y\u0131l\u0131nda bas\u0131lan, daha sonra yasaklanmas\u0131na<span class=\"excerpt-hellip\"> [\u2026]<\/span><\/p>\n","protected":false},"featured_media":0,"template":"","meta":{"_monsterinsights_skip_tracking":false,"_monsterinsights_sitenote_active":false,"_monsterinsights_sitenote_note":"","_monsterinsights_sitenote_category":0},"product_brand":[],"product_cat":[12291,12509],"product_tag":[],"class_list":{"0":"post-721063","1":"product","2":"type-product","3":"status-publish","5":"product_cat-edebiyat","6":"product_cat-siir","7":"pa_cilt-ciltsiz","8":"pa_tur-kitap","9":"pa_yayinevi-can-yayinlari","10":"pa_yazar-kucuk-iskender","12":"first","13":"instock","14":"sale","15":"shipping-taxable","16":"purchasable","17":"product-type-simple"},"_links":{"self":[{"href":"https:\/\/roveyayinevi.com.tr\/index.php\/wp-json\/wp\/v2\/product\/721063","targetHints":{"allow":["GET"]}}],"collection":[{"href":"https:\/\/roveyayinevi.com.tr\/index.php\/wp-json\/wp\/v2\/product"}],"about":[{"href":"https:\/\/roveyayinevi.com.tr\/index.php\/wp-json\/wp\/v2\/types\/product"}],"wp:attachment":[{"href":"https:\/\/roveyayinevi.com.tr\/index.php\/wp-json\/wp\/v2\/media?parent=721063"}],"wp:term":[{"taxonomy":"product_brand","embeddable":true,"href":"https:\/\/roveyayinevi.com.tr\/index.php\/wp-json\/wp\/v2\/product_brand?post=721063"},{"taxonomy":"product_cat","embeddable":true,"href":"https:\/\/roveyayinevi.com.tr\/index.php\/wp-json\/wp\/v2\/product_cat?post=721063"},{"taxonomy":"product_tag","embeddable":true,"href":"https:\/\/roveyayinevi.com.tr\/index.php\/wp-json\/wp\/v2\/product_tag?post=721063"}],"curies":[{"name":"wp","href":"https:\/\/api.w.org\/{rel}","templated":true}]}}