{"id":721062,"date":"2025-08-27T18:45:07","date_gmt":"2025-08-27T15:45:07","guid":{"rendered":"https:\/\/roveyayinevi.com.tr\/index.php\/urun\/gozlerim-sigmiyor-yuzume-ciltli\/"},"modified":"2026-04-16T02:29:14","modified_gmt":"2026-04-15T23:29:14","slug":"gozlerim-sigmiyor-yuzume-ciltli","status":"publish","type":"product","link":"https:\/\/roveyayinevi.com.tr\/index.php\/urun\/gozlerim-sigmiyor-yuzume-ciltli\/","title":{"rendered":"G\u00f6zlerim S\u0131\u011fm\u0131yor Y\u00fcz\u00fcme (Ciltli)"},"content":{"rendered":"<p>bak! \u015fiirler var, mektuplar var, \u00e7ocuklar var, sokaklar var, kediler! inan bana g\u00fcl\u00fcm, \u00f6l\u00fcm yok bir tek! \u00f6l\u00fcm yok bize! \u00f6l\u00fcm inananlar i\u00e7in sessizce kara kapl\u0131 kitaplardan \u00e7\u0131kart\u0131lacak.. g\u00f6receksin g\u00fcl\u00fcm! Bekle! G\u00f6receksin! art\u0131k hi\u00e7bir insan, hi\u00e7bir kavga ve hi\u00e7birimiz bu d\u00fcnyada, yapayaln\u0131z, umars\u0131z kalmayacak!. G\u00f6zlerim S\u0131\u011fm\u0131yor Y\u00fcz\u00fcme, 2019 Temmuz\u2019unda aram\u0131zdan ayr\u0131lan k\u00fc\u00e7\u00fck \u0130skender\u2019in ilk \u015fiir kitab\u0131. \u00d6ncesinde, Adam Sanat dergisinde yay\u0131mlad\u0131\u011f\u0131 \u015fiirleriyle ilgileri \u00fcst\u00fcne \u00e7eken k\u00fc\u00e7\u00fck \u0130skender bu kitab\u0131yla \u201980\u2019lere damga vurmu\u015ftu. \u201cSevgiyi \u00f6nce kendi i\u00e7inde bul, sonra sev; \u00f6nce insan ol, sonra ya\u015fa!\u201d diyen bu gen\u00e7 \u015fair, Memet Fuat taraf\u0131ndan ku\u015fa\u011f\u0131n\u0131n ve yeni \u015fiirin temsilcisi ilan edilmi\u015fti.  <\/p>\n","protected":false},"excerpt":{"rendered":"<p>bak! \u015fiirler var, mektuplar var, \u00e7ocuklar var, sokaklar var, kediler! inan bana g\u00fcl\u00fcm, \u00f6l\u00fcm yok bir tek! \u00f6l\u00fcm yok bize! \u00f6l\u00fcm inananlar i\u00e7in sessizce kara kapl\u0131<span class=\"excerpt-hellip\"> [\u2026]<\/span><\/p>\n","protected":false},"featured_media":0,"template":"","meta":{"_monsterinsights_skip_tracking":false,"_monsterinsights_sitenote_active":false,"_monsterinsights_sitenote_note":"","_monsterinsights_sitenote_category":0},"product_brand":[],"product_cat":[12291,12509],"product_tag":[],"class_list":{"0":"post-721062","1":"product","2":"type-product","3":"status-publish","5":"product_cat-edebiyat","6":"product_cat-siir","7":"pa_cilt-ciltli","8":"pa_tur-kitap","9":"pa_yayinevi-can-yayinlari","10":"pa_yazar-kucuk-iskender","12":"first","13":"instock","14":"sale","15":"shipping-taxable","16":"purchasable","17":"product-type-simple"},"_links":{"self":[{"href":"https:\/\/roveyayinevi.com.tr\/index.php\/wp-json\/wp\/v2\/product\/721062","targetHints":{"allow":["GET"]}}],"collection":[{"href":"https:\/\/roveyayinevi.com.tr\/index.php\/wp-json\/wp\/v2\/product"}],"about":[{"href":"https:\/\/roveyayinevi.com.tr\/index.php\/wp-json\/wp\/v2\/types\/product"}],"wp:attachment":[{"href":"https:\/\/roveyayinevi.com.tr\/index.php\/wp-json\/wp\/v2\/media?parent=721062"}],"wp:term":[{"taxonomy":"product_brand","embeddable":true,"href":"https:\/\/roveyayinevi.com.tr\/index.php\/wp-json\/wp\/v2\/product_brand?post=721062"},{"taxonomy":"product_cat","embeddable":true,"href":"https:\/\/roveyayinevi.com.tr\/index.php\/wp-json\/wp\/v2\/product_cat?post=721062"},{"taxonomy":"product_tag","embeddable":true,"href":"https:\/\/roveyayinevi.com.tr\/index.php\/wp-json\/wp\/v2\/product_tag?post=721062"}],"curies":[{"name":"wp","href":"https:\/\/api.w.org\/{rel}","templated":true}]}}