{"id":721060,"date":"2025-08-27T18:45:05","date_gmt":"2025-08-27T15:45:05","guid":{"rendered":"https:\/\/roveyayinevi.com.tr\/index.php\/urun\/moby-dick-8\/"},"modified":"2026-04-16T02:29:14","modified_gmt":"2026-04-15T23:29:14","slug":"moby-dick-8","status":"publish","type":"product","link":"https:\/\/roveyayinevi.com.tr\/index.php\/urun\/moby-dick-8\/","title":{"rendered":"Moby Dick"},"content":{"rendered":"<p>Hem yaz\u0131n tarihinin ba\u015fyap\u0131tlar\u0131ndan hem de Amerikan edebiyat\u0131n\u0131n en b\u00fcy\u00fck klasiklerinden biri kabul edilen Moby Dick, bir yan\u0131yla \u00e7\u0131lg\u0131nca saplant\u0131l\u0131 bir adam\u0131n deniz kadar b\u00fcy\u00fck, deniz kadar tehlikeli, bir bilinmeze kar\u015f\u0131 y\u00fcr\u00fctt\u00fc\u011f\u00fc k\u00f6t\u00fcc\u00fcl sava\u015f\u0131n hik\u00e2yesidir. Ancak yaln\u0131zca beyaz balina Moby Dick\u2019le Kaptan Ahab\u2019\u0131n m\u00fccadelesini anlatan bir macera roman\u0131, balina avc\u0131l\u0131\u011f\u0131yla ilgili bir bilgi derlemesi de\u011fil, ayn\u0131 zamanda yazar\u0131n ya\u015fam, \u00f6l\u00fcm ve Amerika hakk\u0131nda \u00f6mr\u00fc boyunca geli\u015ftirdi\u011fi d\u00fc\u015f\u00fcncelerinin b\u00fct\u00fcn\u00fcd\u00fcr. \u0130ncelikli bir mizahla mitolojinin i\u00e7 i\u00e7e ge\u00e7ti\u011fi anlat\u0131, ger\u00e7ek\u00e7ili\u011fiyle de insanl\u0131k tarihinin bir d\u00f6neminin belgesi niteli\u011findedir. Epik ve lirik boyutlar\u0131n\u0131n yan\u0131 s\u0131ra psikolojik ve simgesel katmanlar\u0131yla da gittik\u00e7e derinle\u015fen yap\u0131t Melville\u2019i bir sonraki y\u00fczy\u0131l\u0131n modern yazarar\u0131n\u0131n \u00f6nc\u00fcl\u00fc haline getirmi\u015ftir. D\u00fcnya klasiklerinin ba\u015fyap\u0131tlar\u0131ndan biri olan Moby Dick\u2019i, Can \u00d6mer Kalayc\u0131\u2019n\u0131n titiz ara\u015ft\u0131rmalar\u0131yla notland\u0131rd\u0131\u011f\u0131 nitelikli \u00e7evirisiyle okurlar\u0131m\u0131za sunuyoruz. <\/p>\n","protected":false},"excerpt":{"rendered":"<p>Hem yaz\u0131n tarihinin ba\u015fyap\u0131tlar\u0131ndan hem de Amerikan edebiyat\u0131n\u0131n en b\u00fcy\u00fck klasiklerinden biri kabul edilen Moby Dick, bir yan\u0131yla \u00e7\u0131lg\u0131nca saplant\u0131l\u0131 bir adam\u0131n deniz kadar b\u00fcy\u00fck, deniz<span class=\"excerpt-hellip\"> [\u2026]<\/span><\/p>\n","protected":false},"featured_media":0,"template":"","meta":{"_monsterinsights_skip_tracking":false,"_monsterinsights_sitenote_active":false,"_monsterinsights_sitenote_note":"","_monsterinsights_sitenote_category":0},"product_brand":[],"product_cat":[12291,12711],"product_tag":[],"class_list":{"0":"post-721060","1":"product","2":"type-product","3":"status-publish","5":"product_cat-edebiyat","6":"product_cat-roman-oyku","7":"pa_cilt-ciltsiz","8":"pa_tur-kitap","9":"pa_yayinevi-can-yayinlari","10":"pa_yazar-herman-melville","12":"first","13":"instock","14":"sale","15":"shipping-taxable","16":"purchasable","17":"product-type-simple"},"_links":{"self":[{"href":"https:\/\/roveyayinevi.com.tr\/index.php\/wp-json\/wp\/v2\/product\/721060","targetHints":{"allow":["GET"]}}],"collection":[{"href":"https:\/\/roveyayinevi.com.tr\/index.php\/wp-json\/wp\/v2\/product"}],"about":[{"href":"https:\/\/roveyayinevi.com.tr\/index.php\/wp-json\/wp\/v2\/types\/product"}],"wp:attachment":[{"href":"https:\/\/roveyayinevi.com.tr\/index.php\/wp-json\/wp\/v2\/media?parent=721060"}],"wp:term":[{"taxonomy":"product_brand","embeddable":true,"href":"https:\/\/roveyayinevi.com.tr\/index.php\/wp-json\/wp\/v2\/product_brand?post=721060"},{"taxonomy":"product_cat","embeddable":true,"href":"https:\/\/roveyayinevi.com.tr\/index.php\/wp-json\/wp\/v2\/product_cat?post=721060"},{"taxonomy":"product_tag","embeddable":true,"href":"https:\/\/roveyayinevi.com.tr\/index.php\/wp-json\/wp\/v2\/product_tag?post=721060"}],"curies":[{"name":"wp","href":"https:\/\/api.w.org\/{rel}","templated":true}]}}