{"id":721057,"date":"2025-08-27T18:45:03","date_gmt":"2025-08-27T15:45:03","guid":{"rendered":"https:\/\/roveyayinevi.com.tr\/index.php\/urun\/cigerame\/"},"modified":"2025-11-21T05:40:01","modified_gmt":"2025-11-21T02:40:01","slug":"cigerame","status":"publish","type":"product","link":"https:\/\/roveyayinevi.com.tr\/index.php\/urun\/cigerame\/","title":{"rendered":"Cigerame"},"content":{"rendered":"<p>K\u0131rlarda yasemin \u00e7i\u00e7e\u011fimdin Koparmaya k\u0131yamad\u0131m. Maviliklerde g\u00f6kku\u015fa\u011f\u0131md\u0131n Bakmaya doyamad\u0131m. Kimler geldi, kimler ge\u00e7ti Hi\u00e7birini de yerine koyamad\u0131m.   <\/p>\n","protected":false},"excerpt":{"rendered":"<p>K\u0131rlarda yasemin \u00e7i\u00e7e\u011fimdin Koparmaya k\u0131yamad\u0131m. Maviliklerde g\u00f6kku\u015fa\u011f\u0131md\u0131n Bakmaya doyamad\u0131m. Kimler geldi, kimler ge\u00e7ti Hi\u00e7birini de yerine koyamad\u0131m.<\/p>\n","protected":false},"featured_media":0,"template":"","meta":{"_monsterinsights_skip_tracking":false,"_monsterinsights_sitenote_active":false,"_monsterinsights_sitenote_note":"","_monsterinsights_sitenote_category":0},"product_brand":[],"product_cat":[12291,12509],"product_tag":[],"class_list":{"0":"post-721057","1":"product","2":"type-product","3":"status-publish","5":"product_cat-edebiyat","6":"product_cat-siir","7":"pa_cilt-ciltsiz","8":"pa_tur-kitap","9":"pa_yayinevi-favori-yayinlari","10":"pa_yazar-yasar-polat","12":"first","13":"instock","14":"sale","15":"shipping-taxable","16":"purchasable","17":"product-type-simple"},"_links":{"self":[{"href":"https:\/\/roveyayinevi.com.tr\/index.php\/wp-json\/wp\/v2\/product\/721057","targetHints":{"allow":["GET"]}}],"collection":[{"href":"https:\/\/roveyayinevi.com.tr\/index.php\/wp-json\/wp\/v2\/product"}],"about":[{"href":"https:\/\/roveyayinevi.com.tr\/index.php\/wp-json\/wp\/v2\/types\/product"}],"wp:attachment":[{"href":"https:\/\/roveyayinevi.com.tr\/index.php\/wp-json\/wp\/v2\/media?parent=721057"}],"wp:term":[{"taxonomy":"product_brand","embeddable":true,"href":"https:\/\/roveyayinevi.com.tr\/index.php\/wp-json\/wp\/v2\/product_brand?post=721057"},{"taxonomy":"product_cat","embeddable":true,"href":"https:\/\/roveyayinevi.com.tr\/index.php\/wp-json\/wp\/v2\/product_cat?post=721057"},{"taxonomy":"product_tag","embeddable":true,"href":"https:\/\/roveyayinevi.com.tr\/index.php\/wp-json\/wp\/v2\/product_tag?post=721057"}],"curies":[{"name":"wp","href":"https:\/\/api.w.org\/{rel}","templated":true}]}}