{"id":721053,"date":"2025-08-27T18:45:00","date_gmt":"2025-08-27T15:45:00","guid":{"rendered":"https:\/\/roveyayinevi.com.tr\/index.php\/urun\/balkopugu-ile-tatli-bir-macera\/"},"modified":"2026-04-06T12:50:33","modified_gmt":"2026-04-06T09:50:33","slug":"balkopugu-ile-tatli-bir-macera","status":"publish","type":"product","link":"https:\/\/roveyayinevi.com.tr\/index.php\/urun\/balkopugu-ile-tatli-bir-macera\/","title":{"rendered":"Balk\u00f6p\u00fc\u011f\u00fc \u0130le Tatl\u0131 Bir Macera"},"content":{"rendered":"<p>Balk\u00f6p\u00fc\u011f\u00fc yeni bir maceraya at\u0131l\u0131yor. Balk\u00f6p\u00fc\u011f\u00fc, Ay\u2019a y\u00fcr\u00fcteciyle ayak basan ilk \u00e7ocuk oluyor! Bakal\u0131m k\u00f6pe\u011fi Maki ile \u00e7\u0131kt\u0131\u011f\u0131 uzay yolculu\u011funda Balk\u00f6p\u00fc\u011f\u00fc\u2019n\u00fc nas\u0131l bir macera bekliyor. Ceyda D\u00fcvenci, Serebral Palsi\u2019li k\u0131z\u0131 Melisa ve onun gibi fark yaratan kahraman \u00e7ocuklar i\u00e7in kaleme ald\u0131.<\/p>\n","protected":false},"excerpt":{"rendered":"<p>Balk\u00f6p\u00fc\u011f\u00fc yeni bir maceraya at\u0131l\u0131yor. Balk\u00f6p\u00fc\u011f\u00fc, Ay\u2019a y\u00fcr\u00fcteciyle ayak basan ilk \u00e7ocuk oluyor! Bakal\u0131m k\u00f6pe\u011fi Maki ile \u00e7\u0131kt\u0131\u011f\u0131 uzay yolculu\u011funda Balk\u00f6p\u00fc\u011f\u00fc\u2019n\u00fc nas\u0131l bir macera bekliyor. Ceyda<span class=\"excerpt-hellip\"> [\u2026]<\/span><\/p>\n","protected":false},"featured_media":0,"template":"","meta":{"_monsterinsights_skip_tracking":false,"_monsterinsights_sitenote_active":false,"_monsterinsights_sitenote_note":"","_monsterinsights_sitenote_category":0},"product_brand":[],"product_cat":[12274,12284],"product_tag":[],"class_list":{"0":"post-721053","1":"product","2":"type-product","3":"status-publish","5":"product_cat-cocuk-ve-genclik-kitaplari","6":"product_cat-hikayeler","7":"pa_cilt-ciltsiz","8":"pa_tur-kitap","9":"pa_yayinevi-dogan-egmont-yayincilik","10":"pa_yazar-ceyda-duvenci","12":"first","13":"instock","14":"sale","15":"shipping-taxable","16":"purchasable","17":"product-type-simple"},"_links":{"self":[{"href":"https:\/\/roveyayinevi.com.tr\/index.php\/wp-json\/wp\/v2\/product\/721053","targetHints":{"allow":["GET"]}}],"collection":[{"href":"https:\/\/roveyayinevi.com.tr\/index.php\/wp-json\/wp\/v2\/product"}],"about":[{"href":"https:\/\/roveyayinevi.com.tr\/index.php\/wp-json\/wp\/v2\/types\/product"}],"wp:attachment":[{"href":"https:\/\/roveyayinevi.com.tr\/index.php\/wp-json\/wp\/v2\/media?parent=721053"}],"wp:term":[{"taxonomy":"product_brand","embeddable":true,"href":"https:\/\/roveyayinevi.com.tr\/index.php\/wp-json\/wp\/v2\/product_brand?post=721053"},{"taxonomy":"product_cat","embeddable":true,"href":"https:\/\/roveyayinevi.com.tr\/index.php\/wp-json\/wp\/v2\/product_cat?post=721053"},{"taxonomy":"product_tag","embeddable":true,"href":"https:\/\/roveyayinevi.com.tr\/index.php\/wp-json\/wp\/v2\/product_tag?post=721053"}],"curies":[{"name":"wp","href":"https:\/\/api.w.org\/{rel}","templated":true}]}}