{"id":721052,"date":"2025-08-27T18:45:00","date_gmt":"2025-08-27T15:45:00","guid":{"rendered":"https:\/\/roveyayinevi.com.tr\/index.php\/urun\/jupi-ve-manav-abinin-tup-turuncu-rengi\/"},"modified":"2026-04-16T02:29:14","modified_gmt":"2026-04-15T23:29:14","slug":"jupi-ve-manav-abinin-tup-turuncu-rengi","status":"publish","type":"product","link":"https:\/\/roveyayinevi.com.tr\/index.php\/urun\/jupi-ve-manav-abinin-tup-turuncu-rengi\/","title":{"rendered":"Jupi ve Manav Abinin Tup Turuncu Rengi"},"content":{"rendered":"<p>J\u00fcpi yedi ya\u015f\u0131nda. En sevdi\u011fi yemek bezelye. Onlar\u0131 k\u00fc\u00e7\u00fck ye\u015fil gezegenlere benzetiyor. Favori gezegeni en b\u00fcy\u00fc\u011f\u00fc oldu\u011fu i\u00e7in J\u00fcpiter. Uzaya gitmeyi \u00e7ok istiyor. Annesinin ona kitap okumas\u0131ndan \u00e7ok ho\u015flan\u0131yor. M\u00fczik dinlemeye, hayvanlara ve yast\u0131klardan yapt\u0131\u011f\u0131 uzay gemisiyle oynamaya ba y\u0131l\u0131yor. Ha, bir de mahallesini seviyor. Devaml\u0131 evde oturup televizyon seyretmek ona g\u00f6re de\u011fil. Sokaklar daha e\u011flenceli ve maceral\u0131. J\u00fcpi bu maceras\u0131nda, konu\u015fan bir rengin pe\u015fine d\u00fc\u015f\u00fcyor ve hayattaki t\u00fcm renklerin \u00f6nemli olu\u011funu \u00f6\u011freniyor.<\/p>\n","protected":false},"excerpt":{"rendered":"<p>J\u00fcpi yedi ya\u015f\u0131nda. En sevdi\u011fi yemek bezelye. Onlar\u0131 k\u00fc\u00e7\u00fck ye\u015fil gezegenlere benzetiyor. Favori gezegeni en b\u00fcy\u00fc\u011f\u00fc oldu\u011fu i\u00e7in J\u00fcpiter. Uzaya gitmeyi \u00e7ok istiyor. Annesinin ona kitap<span class=\"excerpt-hellip\"> [\u2026]<\/span><\/p>\n","protected":false},"featured_media":0,"template":"","meta":{"_monsterinsights_skip_tracking":false,"_monsterinsights_sitenote_active":false,"_monsterinsights_sitenote_note":"","_monsterinsights_sitenote_category":0},"product_brand":[],"product_cat":[12274,12518],"product_tag":[],"class_list":{"0":"post-721052","1":"product","2":"type-product","3":"status-publish","5":"product_cat-cocuk-ve-genclik-kitaplari","6":"product_cat-okul-oncesi-kitaplar","7":"pa_cilt-ciltsiz","8":"pa_tur-kitap","9":"pa_yayinevi-dogan-egmont-yayincilik","10":"pa_yazar-gupse-ozay","12":"first","13":"instock","14":"sale","15":"shipping-taxable","16":"purchasable","17":"product-type-simple"},"_links":{"self":[{"href":"https:\/\/roveyayinevi.com.tr\/index.php\/wp-json\/wp\/v2\/product\/721052","targetHints":{"allow":["GET"]}}],"collection":[{"href":"https:\/\/roveyayinevi.com.tr\/index.php\/wp-json\/wp\/v2\/product"}],"about":[{"href":"https:\/\/roveyayinevi.com.tr\/index.php\/wp-json\/wp\/v2\/types\/product"}],"wp:attachment":[{"href":"https:\/\/roveyayinevi.com.tr\/index.php\/wp-json\/wp\/v2\/media?parent=721052"}],"wp:term":[{"taxonomy":"product_brand","embeddable":true,"href":"https:\/\/roveyayinevi.com.tr\/index.php\/wp-json\/wp\/v2\/product_brand?post=721052"},{"taxonomy":"product_cat","embeddable":true,"href":"https:\/\/roveyayinevi.com.tr\/index.php\/wp-json\/wp\/v2\/product_cat?post=721052"},{"taxonomy":"product_tag","embeddable":true,"href":"https:\/\/roveyayinevi.com.tr\/index.php\/wp-json\/wp\/v2\/product_tag?post=721052"}],"curies":[{"name":"wp","href":"https:\/\/api.w.org\/{rel}","templated":true}]}}