{"id":721051,"date":"2025-08-27T18:44:59","date_gmt":"2025-08-27T15:44:59","guid":{"rendered":"https:\/\/roveyayinevi.com.tr\/index.php\/urun\/20-yasima-mektup\/"},"modified":"2026-04-16T02:29:14","modified_gmt":"2026-04-15T23:29:14","slug":"20-yasima-mektup","status":"publish","type":"product","link":"https:\/\/roveyayinevi.com.tr\/index.php\/urun\/20-yasima-mektup\/","title":{"rendered":"20 Ya\u015f\u0131ma Mektup"},"content":{"rendered":"<p>Do\u011fan Kitap\u2019\u0131n 20. ya\u015f\u0131nda umudu ve bilgeli\u011fi, gen\u00e7li\u011fi ve tecr\u00fcbeyi bir araya getiren, gelece\u011fe kalacak, zevkle okunacak bir kitap\u2026  20 Ya\u015f\u0131ma Mektup\u2026Ahmet \u00dcmit &#8211; Asl\u0131 Perker &#8211; Bar\u0131\u015f M\u00fcstecapl\u0131o\u011flu &#8211; Canan Tan &#8211; \u00c7a\u011fnam Erkmen &#8211; David Mitchell &#8211; Defne Suman &#8211; Do\u011fan H\u0131zlan &#8211; Elif \u015eafak &#8211; Enver Aysever &#8211; \u00c9ric Emmanuel Schmitt &#8211; G\u00fclseren Buday\u0131c\u0131o\u011flu &#8211; G\u00fcnhan Ku\u015fkanat &#8211; Hakan G\u00fcnday &#8211; Haruki Murakami &#8211; \u0130brahim Y\u0131ld\u0131r\u0131m &#8211; \u0130smail G\u00fczelsoy &#8211; Liz Behmoaras &#8211; Mario Levi &#8211; Mehmet Coral &#8211; Nazl\u0131 Eray &#8211; Nedim G\u00fcrsel &#8211; Nermin Bezmen &#8211; R\u0131za K\u0131ra\u00e7 &#8211; Selim \u0130leri &#8211; Shari Lapena &#8211; \u015eebnem \u0130\u015fig\u00fczel &#8211; Tahir Musa Ceylan &#8211; Tess Gerritsen &#8211; Tuna Kiremit\u00e7i &#8211; \u00dcst\u00fcn D\u00f6kmen &#8211; Yavuz Ekinci &#8211; Z\u00fclf\u00fc LivaneliDo\u011fan Kitap\u2019\u0131n y\u0131ld\u00f6n\u00fcm\u00fc i\u00e7in \u00f6zel olarak 20. ya\u015flar\u0131na birer mektup yazd\u0131lar.<\/p>\n","protected":false},"excerpt":{"rendered":"<p>Do\u011fan Kitap\u2019\u0131n 20. ya\u015f\u0131nda umudu ve bilgeli\u011fi, gen\u00e7li\u011fi ve tecr\u00fcbeyi bir araya getiren, gelece\u011fe kalacak, zevkle okunacak bir kitap\u2026 20 Ya\u015f\u0131ma Mektup\u2026Ahmet \u00dcmit &#8211; Asl\u0131 Perker<span class=\"excerpt-hellip\"> [\u2026]<\/span><\/p>\n","protected":false},"featured_media":0,"template":"","meta":{"_monsterinsights_skip_tracking":false,"_monsterinsights_sitenote_active":false,"_monsterinsights_sitenote_note":"","_monsterinsights_sitenote_category":0},"product_brand":[],"product_cat":[13701,12291],"product_tag":[],"class_list":{"0":"post-721051","1":"product","2":"type-product","3":"status-publish","5":"product_cat-ani-mektup-gunluk","6":"product_cat-edebiyat","7":"pa_cilt-ciltsiz","8":"pa_tur-kitap","9":"pa_yayinevi-dogan-kitap","10":"pa_yazar-kolektif","12":"first","13":"instock","14":"sale","15":"shipping-taxable","16":"purchasable","17":"product-type-simple"},"_links":{"self":[{"href":"https:\/\/roveyayinevi.com.tr\/index.php\/wp-json\/wp\/v2\/product\/721051","targetHints":{"allow":["GET"]}}],"collection":[{"href":"https:\/\/roveyayinevi.com.tr\/index.php\/wp-json\/wp\/v2\/product"}],"about":[{"href":"https:\/\/roveyayinevi.com.tr\/index.php\/wp-json\/wp\/v2\/types\/product"}],"wp:attachment":[{"href":"https:\/\/roveyayinevi.com.tr\/index.php\/wp-json\/wp\/v2\/media?parent=721051"}],"wp:term":[{"taxonomy":"product_brand","embeddable":true,"href":"https:\/\/roveyayinevi.com.tr\/index.php\/wp-json\/wp\/v2\/product_brand?post=721051"},{"taxonomy":"product_cat","embeddable":true,"href":"https:\/\/roveyayinevi.com.tr\/index.php\/wp-json\/wp\/v2\/product_cat?post=721051"},{"taxonomy":"product_tag","embeddable":true,"href":"https:\/\/roveyayinevi.com.tr\/index.php\/wp-json\/wp\/v2\/product_tag?post=721051"}],"curies":[{"name":"wp","href":"https:\/\/api.w.org\/{rel}","templated":true}]}}