{"id":721048,"date":"2025-08-27T18:44:57","date_gmt":"2025-08-27T15:44:57","guid":{"rendered":"https:\/\/roveyayinevi.com.tr\/index.php\/urun\/sifa-veren-masallar\/"},"modified":"2026-04-16T02:29:14","modified_gmt":"2026-04-15T23:29:14","slug":"sifa-veren-masallar","status":"publish","type":"product","link":"https:\/\/roveyayinevi.com.tr\/index.php\/urun\/sifa-veren-masallar\/","title":{"rendered":"\u015eifa Veren Masallar"},"content":{"rendered":"<p>Masal ruhun aynas\u0131d\u0131r. Ba\u015fka t\u00fcrl\u00fc s\u00f6ylenemeyecek olan hakikatler masal\u0131n diliyle konu\u015ftu\u011funda, o masal\u0131n aynas\u0131nda g\u00f6rd\u00fc\u011f\u00fcm\u00fcz ruhumuzun gizli par\u00e7alar\u0131d\u0131r. Masallarla \u015fifalanmaya haz\u0131r m\u0131s\u0131n\u0131z? Ruhunuzun gizli par\u00e7alar\u0131n\u0131 masal\u0131n efsunlu aynas\u0131nda bir bir ke\u015ffetmeye\u2026 \u0130\u00e7inizdeki \u00e7ocu\u011fun sesine kulak vermeye\u2026 Nazl\u0131 \u00c7evik Azazi \u015eifa Veren Masallar\u2019da bizi masallarla \u00f6r\u00fcl\u00fc bir iyile\u015fme yolcu-lu\u011funa davet ediyor. Yaras\u0131n\u0131 masallarla adeta \u201cy\u0131kanarak\u201d iyile\u015ftiren bir kad\u0131nla tan\u0131\u015f\u0131yoruz bu kitapta. Masallar\u0131n kadim evrenine giriyoruz. Orada kendi benli\u011fimizin hakikatiyle bulu\u015fuyoruz. Masal\u0131n d\u00fcnyas\u0131na girerken ge\u00e7ece\u011fimiz Kalp Kap\u0131s\u0131, bize sembollerin ve oyunun diliyle sesleniyor\u2026 Ak\u0131l Kap\u0131s\u0131, masal\u0131n kalbinde ke\u015ffettiklerimizi tefekk\u00fcr yoluyla kendi kalbimize m\u00fch\u00fcrlemeye davet ediyor bizi&#8230; Ve b\u00fct\u00fcn kap\u0131lar ayn\u0131 yere, i\u00e7imizdeki hakikate a\u00e7\u0131l\u0131yor\u2026<\/p>\n","protected":false},"excerpt":{"rendered":"<p>Masal ruhun aynas\u0131d\u0131r. Ba\u015fka t\u00fcrl\u00fc s\u00f6ylenemeyecek olan hakikatler masal\u0131n diliyle konu\u015ftu\u011funda, o masal\u0131n aynas\u0131nda g\u00f6rd\u00fc\u011f\u00fcm\u00fcz ruhumuzun gizli par\u00e7alar\u0131d\u0131r. Masallarla \u015fifalanmaya haz\u0131r m\u0131s\u0131n\u0131z? Ruhunuzun gizli par\u00e7alar\u0131n\u0131 masal\u0131n<span class=\"excerpt-hellip\"> [\u2026]<\/span><\/p>\n","protected":false},"featured_media":0,"template":"","meta":{"_monsterinsights_skip_tracking":false,"_monsterinsights_sitenote_active":false,"_monsterinsights_sitenote_note":"","_monsterinsights_sitenote_category":0},"product_brand":[],"product_cat":[12364,12376],"product_tag":[],"class_list":{"0":"post-721048","1":"product","2":"type-product","3":"status-publish","5":"product_cat-genel-konular","6":"product_cat-kisisel-gelisim","7":"pa_cilt-ciltsiz","8":"pa_tur-kitap","9":"pa_yayinevi-dogan-novus","10":"pa_yazar-nazli-cevik-azazi","12":"first","13":"instock","14":"sale","15":"shipping-taxable","16":"purchasable","17":"product-type-simple"},"_links":{"self":[{"href":"https:\/\/roveyayinevi.com.tr\/index.php\/wp-json\/wp\/v2\/product\/721048","targetHints":{"allow":["GET"]}}],"collection":[{"href":"https:\/\/roveyayinevi.com.tr\/index.php\/wp-json\/wp\/v2\/product"}],"about":[{"href":"https:\/\/roveyayinevi.com.tr\/index.php\/wp-json\/wp\/v2\/types\/product"}],"wp:attachment":[{"href":"https:\/\/roveyayinevi.com.tr\/index.php\/wp-json\/wp\/v2\/media?parent=721048"}],"wp:term":[{"taxonomy":"product_brand","embeddable":true,"href":"https:\/\/roveyayinevi.com.tr\/index.php\/wp-json\/wp\/v2\/product_brand?post=721048"},{"taxonomy":"product_cat","embeddable":true,"href":"https:\/\/roveyayinevi.com.tr\/index.php\/wp-json\/wp\/v2\/product_cat?post=721048"},{"taxonomy":"product_tag","embeddable":true,"href":"https:\/\/roveyayinevi.com.tr\/index.php\/wp-json\/wp\/v2\/product_tag?post=721048"}],"curies":[{"name":"wp","href":"https:\/\/api.w.org\/{rel}","templated":true}]}}