{"id":721046,"date":"2025-08-27T18:44:56","date_gmt":"2025-08-27T15:44:56","guid":{"rendered":"https:\/\/roveyayinevi.com.tr\/index.php\/urun\/dunya-masallari-seckisi\/"},"modified":"2026-04-16T02:29:14","modified_gmt":"2026-04-15T23:29:14","slug":"dunya-masallari-seckisi","status":"publish","type":"product","link":"https:\/\/roveyayinevi.com.tr\/index.php\/urun\/dunya-masallari-seckisi\/","title":{"rendered":"D\u00fcnya Masallar\u0131 Se\u00e7kisi"},"content":{"rendered":"<p>Zamans\u0131zd\u0131r masallar Elimizden tutup bizi hayali diyarlarda gezmeye \u00e7\u0131kar\u0131rlar Bekler orada gizemli insanlar, efsanevi yarat\u0131klar, sihirli olaylar \u00c7e\u015fit \u00e7e\u015fit renkler, duygular   Bu kitap dizisinde d\u00fcnyan\u0131n d\u00f6rt bir yan\u0131ndan en g\u00fczel masallar bir araya geldi. Farkl\u0131 farkl\u0131 \u00e7izerler de hepsini resimledi.   Baba Yaga\u2019n\u0131n Orman\u0131nda: Rusya\u2019dan Masallar So\u011fuk Rusya gecelerinde \u00e7ocuklar\u0131n i\u00e7ini \u0131s\u0131tan masallar anlat\u0131l\u0131rm\u0131\u015f. Bu masallardan baz\u0131lar\u0131 bu kitapta toplanm\u0131\u015f. Cad\u0131 Baba Yaga, kurba\u011fa prenses, oyuncu ay\u0131, o\u011flak \u00e7ocuk ve daha nicesi bakal\u0131m neler yapm\u0131\u015f?   Do\u011fu\u2019dan Bin Bir Masal Evvel zaman i\u00e7inde umutsuz bir \u015fah, iyi kalpli bir k\u0131z ve yeniden hayal kurmak i\u00e7in bir s\u00fcr\u00fc masal varm\u0131\u015f. Bu masallardan baz\u0131lar\u0131 bu kitapta toplanm\u0131\u015f. Denizci Sindbad, Ali Baba, konu\u015fan hayvanlar, Alaaddin ve daha nicesi bakal\u0131m neler yapm\u0131\u015f?   Masallara Buyurun: \u0130talya\u2019dan Sihirli Yiyecekler Bin bir lezzet diyar\u0131 \u0130talya\u2019n\u0131n masallar\u0131 da birbirinden lezizmi\u015f. Bu masallardan baz\u0131lar\u0131 bu kitapta toplanm\u0131\u015f. Tencerecik, sihirli tava, limon k\u0131z, pizza seven \u00e7ocuk ve daha nicesi bakal\u0131m neler yapm\u0131\u015f?   Muka\u015fi Muka\u015fi: Evvel Zaman \u0130\u00e7inde Japonya\u2019da G\u00fcne\u015fin do\u011fdu\u011fu o uzak \u00fclke Japonya\u2019da gizemli ve g\u00fc\u00e7l\u00fc varl\u0131klar\u0131n masallar\u0131 anlat\u0131l\u0131rm\u0131\u015f. Bu masallardan baz\u0131lar\u0131 bu kitapta toplanm\u0131\u015f. Su cini Kappa, parmak ucu boyundaki \u00e7ocuk, turna kad\u0131n, tanuki\u2019yle tilki ve daha nicesi bakal\u0131m neler yapm\u0131\u015f?   Tamtamlar\u0131n Sesi: Afrika\u2019dan On Masal \u0130nsanl\u0131\u011f\u0131n be\u015fi\u011fi Afrika\u2019da anlat\u0131lan masallar \u00e7a\u011flar boyunca herkese yol g\u00f6stermi\u015f. Bu masallardan baz\u0131lar\u0131 bu kitapta toplanm\u0131\u015f. R\u00fczg\u00e2r\u0131n o\u011flu, tav\u015fanlar, sincaplar, leoparlar, \u00e7akallar ve daha nicesi bakal\u0131m neler yapm\u0131\u015f?   Tepeli Akbaban\u0131n Kanatlar\u0131 \u00dcst\u00fcnde: \u015eili\u2019den Masallar Do\u011fas\u0131yla g\u00f6z kama\u015ft\u0131ran \u015eili\u2019de yery\u00fcz\u00fcn\u00fcn ve g\u00f6klerin masallar\u0131 anlat\u0131l\u0131rm\u0131\u015f. Bu masallardan baz\u0131lar\u0131 bu kitapta toplanm\u0131\u015f. Dev y\u0131lanlar, ilk \u00e7ocuk Elal, y\u00fcr\u00fcyen a\u011fa\u00e7, beyaz lama, y\u0131ld\u0131z k\u0131zlar ve daha nicesi bakal\u0131m neler yapm\u0131\u015f? <\/p>\n","protected":false},"excerpt":{"rendered":"<p>Zamans\u0131zd\u0131r masallar Elimizden tutup bizi hayali diyarlarda gezmeye \u00e7\u0131kar\u0131rlar Bekler orada gizemli insanlar, efsanevi yarat\u0131klar, sihirli olaylar \u00c7e\u015fit \u00e7e\u015fit renkler, duygular Bu kitap dizisinde d\u00fcnyan\u0131n d\u00f6rt<span class=\"excerpt-hellip\"> [\u2026]<\/span><\/p>\n","protected":false},"featured_media":0,"template":"","meta":{"_monsterinsights_skip_tracking":false,"_monsterinsights_sitenote_active":false,"_monsterinsights_sitenote_note":"","_monsterinsights_sitenote_category":0},"product_brand":[],"product_cat":[12274,12518],"product_tag":[],"class_list":{"0":"post-721046","1":"product","2":"type-product","3":"status-publish","5":"product_cat-cocuk-ve-genclik-kitaplari","6":"product_cat-okul-oncesi-kitaplar","7":"pa_cilt-ciltsiz","8":"pa_tur-kitap","9":"pa_yayinevi-kolektif-kitap","10":"pa_yazar-kolektif","12":"first","13":"instock","14":"sale","15":"shipping-taxable","16":"purchasable","17":"product-type-simple"},"_links":{"self":[{"href":"https:\/\/roveyayinevi.com.tr\/index.php\/wp-json\/wp\/v2\/product\/721046","targetHints":{"allow":["GET"]}}],"collection":[{"href":"https:\/\/roveyayinevi.com.tr\/index.php\/wp-json\/wp\/v2\/product"}],"about":[{"href":"https:\/\/roveyayinevi.com.tr\/index.php\/wp-json\/wp\/v2\/types\/product"}],"wp:attachment":[{"href":"https:\/\/roveyayinevi.com.tr\/index.php\/wp-json\/wp\/v2\/media?parent=721046"}],"wp:term":[{"taxonomy":"product_brand","embeddable":true,"href":"https:\/\/roveyayinevi.com.tr\/index.php\/wp-json\/wp\/v2\/product_brand?post=721046"},{"taxonomy":"product_cat","embeddable":true,"href":"https:\/\/roveyayinevi.com.tr\/index.php\/wp-json\/wp\/v2\/product_cat?post=721046"},{"taxonomy":"product_tag","embeddable":true,"href":"https:\/\/roveyayinevi.com.tr\/index.php\/wp-json\/wp\/v2\/product_tag?post=721046"}],"curies":[{"name":"wp","href":"https:\/\/api.w.org\/{rel}","templated":true}]}}