{"id":721045,"date":"2025-08-27T18:44:55","date_gmt":"2025-08-27T15:44:55","guid":{"rendered":"https:\/\/roveyayinevi.com.tr\/index.php\/urun\/duygu-navigasyonu\/"},"modified":"2026-04-16T02:29:14","modified_gmt":"2026-04-15T23:29:14","slug":"duygu-navigasyonu","status":"publish","type":"product","link":"https:\/\/roveyayinevi.com.tr\/index.php\/urun\/duygu-navigasyonu\/","title":{"rendered":"Duygu Navigasyonu"},"content":{"rendered":"<p>Mila\u015foki dostlar! Yanl\u0131\u015f okumad\u0131n\u0131z. Evet, mika\u015foki. Duyguca dilinde Merhaba demek. Duyguca, kitab\u0131m\u0131n kahraman\u0131 Duygu\u2019nun kendince uydurdu\u011fu, kimsenin anlamad\u0131\u011f\u0131 ama onu \u00e7ok e\u011flendiren bir dil. Duygu, \u00e7o\u011fu zaman insanlarla konu\u015fmak istemiyor. Konu\u015ftu\u011funda da i\u00e7inden kendi dilinde bir \u015feyler s\u00f6yl\u00fcyor. Mesela \u00e7ok k\u0131z\u0131nca surikita  diyor. Sevinince kirasitomba durum komikse bukiri\u015ftok demek onu rahatlat\u0131yor. \u00c7\u00fcnk\u00fc Duygu\u2019nun kafas\u0131 duygular konusunda biraz kar\u0131\u015f\u0131k\u2026Ama art\u0131k de\u011fi\u015fim zaman\u0131. Duygu\u2019nun dedesi bir mucit ve torunu i\u00e7in bir \u00e7\u00f6z\u00fcm \u00fcretiyor: Duygu Navigasyonu.Navigasyon konu\u015fuyor ve Duygu\u2019yu y\u00f6nlendiriyor. \u0130\u015fte komik ve \u015fa\u015f\u0131rt\u0131c\u0131 olaylar da bu \u015fekilde ba\u015fl\u0131yor. Bakal\u0131m Duygu, duygu navigasyonu ile neler yapacak?<\/p>\n","protected":false},"excerpt":{"rendered":"<p>Mila\u015foki dostlar! Yanl\u0131\u015f okumad\u0131n\u0131z. Evet, mika\u015foki. Duyguca dilinde Merhaba demek. Duyguca, kitab\u0131m\u0131n kahraman\u0131 Duygu\u2019nun kendince uydurdu\u011fu, kimsenin anlamad\u0131\u011f\u0131 ama onu \u00e7ok e\u011flendiren bir dil. Duygu, \u00e7o\u011fu<span class=\"excerpt-hellip\"> [\u2026]<\/span><\/p>\n","protected":false},"featured_media":0,"template":"","meta":{"_monsterinsights_skip_tracking":false,"_monsterinsights_sitenote_active":false,"_monsterinsights_sitenote_note":"","_monsterinsights_sitenote_category":0},"product_brand":[],"product_cat":[12274,12284],"product_tag":[],"class_list":{"0":"post-721045","1":"product","2":"type-product","3":"status-publish","5":"product_cat-cocuk-ve-genclik-kitaplari","6":"product_cat-hikayeler","7":"pa_cilt-ciltsiz","8":"pa_tur-kitap","9":"pa_yayinevi-mandolin-yayinlari","10":"pa_yazar-sefa-ceran-ozturk","12":"first","13":"instock","14":"sale","15":"shipping-taxable","16":"purchasable","17":"product-type-simple"},"_links":{"self":[{"href":"https:\/\/roveyayinevi.com.tr\/index.php\/wp-json\/wp\/v2\/product\/721045","targetHints":{"allow":["GET"]}}],"collection":[{"href":"https:\/\/roveyayinevi.com.tr\/index.php\/wp-json\/wp\/v2\/product"}],"about":[{"href":"https:\/\/roveyayinevi.com.tr\/index.php\/wp-json\/wp\/v2\/types\/product"}],"wp:attachment":[{"href":"https:\/\/roveyayinevi.com.tr\/index.php\/wp-json\/wp\/v2\/media?parent=721045"}],"wp:term":[{"taxonomy":"product_brand","embeddable":true,"href":"https:\/\/roveyayinevi.com.tr\/index.php\/wp-json\/wp\/v2\/product_brand?post=721045"},{"taxonomy":"product_cat","embeddable":true,"href":"https:\/\/roveyayinevi.com.tr\/index.php\/wp-json\/wp\/v2\/product_cat?post=721045"},{"taxonomy":"product_tag","embeddable":true,"href":"https:\/\/roveyayinevi.com.tr\/index.php\/wp-json\/wp\/v2\/product_tag?post=721045"}],"curies":[{"name":"wp","href":"https:\/\/api.w.org\/{rel}","templated":true}]}}