{"id":721040,"date":"2025-08-27T18:44:51","date_gmt":"2025-08-27T15:44:51","guid":{"rendered":"https:\/\/roveyayinevi.com.tr\/index.php\/urun\/ataturk-ve-sihirli-gozluk\/"},"modified":"2026-04-16T02:29:14","modified_gmt":"2026-04-15T23:29:14","slug":"ataturk-ve-sihirli-gozluk","status":"publish","type":"product","link":"https:\/\/roveyayinevi.com.tr\/index.php\/urun\/ataturk-ve-sihirli-gozluk\/","title":{"rendered":"Atat\u00fcrk ve Sihirli G\u00f6zl\u00fck"},"content":{"rendered":"<p>Maya, babaannesi Nil\u00fcfer Han\u0131m\u2019dan hikayeler dinlemeye bay\u0131l\u0131rd\u0131. O ak\u015fam da babaannesinden Mustafa Kemal Atat\u00fcrk hakk\u0131nda bir hikaye anlatmas\u0131n\u0131 rica etti. \u00c7ocukken Atat\u00fcrk i\u00e7in yazd\u0131\u011f\u0131 \u015fiiri torunu Maya\u2019ya okuyan Nil\u00fcfer Han\u0131m\u2019\u0131n g\u00f6zleri doldu. Camlar\u0131n\u0131 silmek istedi\u011fi g\u00f6zl\u00fck elinden d\u00fc\u015f\u00fcnce ortal\u0131k bir anda sis bulutuyla kaplan\u0131verdi. R\u00fcya gibi bir ser\u00fcvenin kap\u0131lar\u0131n\u0131n aralanmas\u0131yla birlikte, Maya da Selanik sokaklar\u0131ndan \u00e7iftli\u011fe, Y\u00fcr\u00fcyen K\u00f6\u015fk\u2019ten ilk TBMM\u2019ye uzanan bir gezintiye \u00e7\u0131kt\u0131. \u00dcstelik bu yolculukta yaln\u0131z da de\u011fildi, \u00e7ok \u00f6nemli biri onunla birlikteydi&#8230;<\/p>\n","protected":false},"excerpt":{"rendered":"<p>Maya, babaannesi Nil\u00fcfer Han\u0131m\u2019dan hikayeler dinlemeye bay\u0131l\u0131rd\u0131. O ak\u015fam da babaannesinden Mustafa Kemal Atat\u00fcrk hakk\u0131nda bir hikaye anlatmas\u0131n\u0131 rica etti. \u00c7ocukken Atat\u00fcrk i\u00e7in yazd\u0131\u011f\u0131 \u015fiiri torunu<span class=\"excerpt-hellip\"> [\u2026]<\/span><\/p>\n","protected":false},"featured_media":0,"template":"","meta":{"_monsterinsights_skip_tracking":false,"_monsterinsights_sitenote_active":false,"_monsterinsights_sitenote_note":"","_monsterinsights_sitenote_category":0},"product_brand":[],"product_cat":[12274,12284],"product_tag":[],"class_list":{"0":"post-721040","1":"product","2":"type-product","3":"status-publish","5":"product_cat-cocuk-ve-genclik-kitaplari","6":"product_cat-hikayeler","7":"pa_cilt-ciltsiz","8":"pa_tur-kitap","9":"pa_yayinevi-kirmizi-kedi-yayinevi","10":"pa_yazar-burcu-bahar","12":"first","13":"instock","14":"sale","15":"shipping-taxable","16":"purchasable","17":"product-type-simple"},"_links":{"self":[{"href":"https:\/\/roveyayinevi.com.tr\/index.php\/wp-json\/wp\/v2\/product\/721040","targetHints":{"allow":["GET"]}}],"collection":[{"href":"https:\/\/roveyayinevi.com.tr\/index.php\/wp-json\/wp\/v2\/product"}],"about":[{"href":"https:\/\/roveyayinevi.com.tr\/index.php\/wp-json\/wp\/v2\/types\/product"}],"wp:attachment":[{"href":"https:\/\/roveyayinevi.com.tr\/index.php\/wp-json\/wp\/v2\/media?parent=721040"}],"wp:term":[{"taxonomy":"product_brand","embeddable":true,"href":"https:\/\/roveyayinevi.com.tr\/index.php\/wp-json\/wp\/v2\/product_brand?post=721040"},{"taxonomy":"product_cat","embeddable":true,"href":"https:\/\/roveyayinevi.com.tr\/index.php\/wp-json\/wp\/v2\/product_cat?post=721040"},{"taxonomy":"product_tag","embeddable":true,"href":"https:\/\/roveyayinevi.com.tr\/index.php\/wp-json\/wp\/v2\/product_tag?post=721040"}],"curies":[{"name":"wp","href":"https:\/\/api.w.org\/{rel}","templated":true}]}}