{"id":721039,"date":"2025-08-27T18:44:51","date_gmt":"2025-08-27T15:44:51","guid":{"rendered":"https:\/\/roveyayinevi.com.tr\/index.php\/urun\/knidoslu-aphrodite\/"},"modified":"2026-04-16T02:29:14","modified_gmt":"2026-04-15T23:29:14","slug":"knidoslu-aphrodite","status":"publish","type":"product","link":"https:\/\/roveyayinevi.com.tr\/index.php\/urun\/knidoslu-aphrodite\/","title":{"rendered":"Knidoslu Aphrodite"},"content":{"rendered":"<p>1983 y\u0131l\u0131nda d\u00f6nemin Felsefe Dergisi i\u00e7in Murat Kato\u011flu, Ordinary\u00fcs Prof. Ekrem Akurgal ile bir araya gelir ve iki g\u00fcn s\u00fcrecek bir s\u00f6yle\u015fi yapar. Her konuya geni\u015f perspektiften yakla\u015fan Akurgal s\u00f6yle\u015fi i\u00e7inde, \u00fcniversite, bilim, sanat\u0131n ulusal ve evrensel de\u011ferleri, laiklik, milli k\u00fclt\u00fcr, \u00fcslup ve orijinalite sorunlar\u0131na da de\u011finir. Geni\u015fletilmi\u015f bu bask\u0131s\u0131nda Knidoslu Aphrodite, 1983\u2019ten bu yana hala tart\u0131\u015f\u0131lan ve tart\u0131\u015f\u0131lmaya devam edecek bir\u00e7ok konuyu i\u00e7eriyor&#8230;<\/p>\n","protected":false},"excerpt":{"rendered":"<p>1983 y\u0131l\u0131nda d\u00f6nemin Felsefe Dergisi i\u00e7in Murat Kato\u011flu, Ordinary\u00fcs Prof. Ekrem Akurgal ile bir araya gelir ve iki g\u00fcn s\u00fcrecek bir s\u00f6yle\u015fi yapar. Her konuya geni\u015f<span class=\"excerpt-hellip\"> [\u2026]<\/span><\/p>\n","protected":false},"featured_media":0,"template":"","meta":{"_monsterinsights_skip_tracking":false,"_monsterinsights_sitenote_active":false,"_monsterinsights_sitenote_note":"","_monsterinsights_sitenote_category":0},"product_brand":[],"product_cat":[12291,12711],"product_tag":[],"class_list":{"0":"post-721039","1":"product","2":"type-product","3":"status-publish","5":"product_cat-edebiyat","6":"product_cat-roman-oyku","7":"pa_cilt-ciltsiz","8":"pa_tur-kitap","9":"pa_yayinevi-kirmizi-kedi-yayinevi","10":"pa_yazar-murat-katoglu","12":"first","13":"instock","14":"sale","15":"shipping-taxable","16":"purchasable","17":"product-type-simple"},"_links":{"self":[{"href":"https:\/\/roveyayinevi.com.tr\/index.php\/wp-json\/wp\/v2\/product\/721039","targetHints":{"allow":["GET"]}}],"collection":[{"href":"https:\/\/roveyayinevi.com.tr\/index.php\/wp-json\/wp\/v2\/product"}],"about":[{"href":"https:\/\/roveyayinevi.com.tr\/index.php\/wp-json\/wp\/v2\/types\/product"}],"wp:attachment":[{"href":"https:\/\/roveyayinevi.com.tr\/index.php\/wp-json\/wp\/v2\/media?parent=721039"}],"wp:term":[{"taxonomy":"product_brand","embeddable":true,"href":"https:\/\/roveyayinevi.com.tr\/index.php\/wp-json\/wp\/v2\/product_brand?post=721039"},{"taxonomy":"product_cat","embeddable":true,"href":"https:\/\/roveyayinevi.com.tr\/index.php\/wp-json\/wp\/v2\/product_cat?post=721039"},{"taxonomy":"product_tag","embeddable":true,"href":"https:\/\/roveyayinevi.com.tr\/index.php\/wp-json\/wp\/v2\/product_tag?post=721039"}],"curies":[{"name":"wp","href":"https:\/\/api.w.org\/{rel}","templated":true}]}}