{"id":721031,"date":"2025-08-27T18:44:44","date_gmt":"2025-08-27T15:44:44","guid":{"rendered":"https:\/\/roveyayinevi.com.tr\/index.php\/urun\/kimsesiz-sarkilar\/"},"modified":"2026-04-16T02:29:14","modified_gmt":"2026-04-15T23:29:14","slug":"kimsesiz-sarkilar","status":"publish","type":"product","link":"https:\/\/roveyayinevi.com.tr\/index.php\/urun\/kimsesiz-sarkilar\/","title":{"rendered":"Kimsesiz \u015eark\u0131lar"},"content":{"rendered":"<p>Bir tabutta do\u011far insane ve as\u0131l g\u00f6zlerini kapat\u0131nca g\u00f6rmeye ba\u015flar.Son nefesi verince b\u0131rak\u0131r cay\u0131r cay\u0131r yanmay\u0131.Toprakla bir olup ya\u015fama kar\u0131\u015f\u0131r.Unuttu\u011fu ne var sahat\u0131rlar.Bu y\u00fczden, bir cenaze de ne yapaca\u011f\u0131n\u0131 cesetten daha iyi bilen yoktur.B\u00fcy\u00fck bir h\u00fczn\u00fc kat\u0131l\u0131mc\u0131lar\u0131n omuzlar\u0131na y\u00fcklemi\u015ftir.Sadece uzan\u0131p durmakt\u0131r orada i\u015fi.Ama geri de kalanlar \u00f6yle mi?\u00c7aresizli\u011fin en \u00fcst noktas\u0131d\u0131r bu. Hi\u00e7bir \u00e7aban\u0131n sonu\u00e7 vermeyece\u011fi bu halin sana g\u00fcc\u00fcn\u00fcn s\u0131n\u0131rlar\u0131n\u0131 hat\u0131rlat\u0131r.\u201d <\/p>\n","protected":false},"excerpt":{"rendered":"<p>Bir tabutta do\u011far insane ve as\u0131l g\u00f6zlerini kapat\u0131nca g\u00f6rmeye ba\u015flar.Son nefesi verince b\u0131rak\u0131r cay\u0131r cay\u0131r yanmay\u0131.Toprakla bir olup ya\u015fama kar\u0131\u015f\u0131r.Unuttu\u011fu ne var sahat\u0131rlar.Bu y\u00fczden, bir cenaze<span class=\"excerpt-hellip\"> [\u2026]<\/span><\/p>\n","protected":false},"featured_media":0,"template":"","meta":{"_monsterinsights_skip_tracking":false,"_monsterinsights_sitenote_active":false,"_monsterinsights_sitenote_note":"","_monsterinsights_sitenote_category":0},"product_brand":[],"product_cat":[12291,12711],"product_tag":[],"class_list":{"0":"post-721031","1":"product","2":"type-product","3":"status-publish","5":"product_cat-edebiyat","6":"product_cat-roman-oyku","7":"pa_cilt-ciltsiz","8":"pa_tur-kitap","9":"pa_yayinevi-inkilap-kitabevi","10":"pa_yazar-gokhan-dagistanli","12":"first","13":"instock","14":"sale","15":"shipping-taxable","16":"purchasable","17":"product-type-simple"},"_links":{"self":[{"href":"https:\/\/roveyayinevi.com.tr\/index.php\/wp-json\/wp\/v2\/product\/721031","targetHints":{"allow":["GET"]}}],"collection":[{"href":"https:\/\/roveyayinevi.com.tr\/index.php\/wp-json\/wp\/v2\/product"}],"about":[{"href":"https:\/\/roveyayinevi.com.tr\/index.php\/wp-json\/wp\/v2\/types\/product"}],"wp:attachment":[{"href":"https:\/\/roveyayinevi.com.tr\/index.php\/wp-json\/wp\/v2\/media?parent=721031"}],"wp:term":[{"taxonomy":"product_brand","embeddable":true,"href":"https:\/\/roveyayinevi.com.tr\/index.php\/wp-json\/wp\/v2\/product_brand?post=721031"},{"taxonomy":"product_cat","embeddable":true,"href":"https:\/\/roveyayinevi.com.tr\/index.php\/wp-json\/wp\/v2\/product_cat?post=721031"},{"taxonomy":"product_tag","embeddable":true,"href":"https:\/\/roveyayinevi.com.tr\/index.php\/wp-json\/wp\/v2\/product_tag?post=721031"}],"curies":[{"name":"wp","href":"https:\/\/api.w.org\/{rel}","templated":true}]}}