{"id":721028,"date":"2025-08-27T18:44:07","date_gmt":"2025-08-27T15:44:07","guid":{"rendered":"https:\/\/roveyayinevi.com.tr\/index.php\/urun\/kanadi-kirik-melekler-evi\/"},"modified":"2026-04-16T02:29:14","modified_gmt":"2026-04-15T23:29:14","slug":"kanadi-kirik-melekler-evi","status":"publish","type":"product","link":"https:\/\/roveyayinevi.com.tr\/index.php\/urun\/kanadi-kirik-melekler-evi\/","title":{"rendered":"Kanad\u0131 K\u0131r\u0131k Melekler Evi"},"content":{"rendered":"<p>Hayat\u0131n\u0131n son g\u00fcnlerini ya\u015fayan MiguelAngel de La Cruz, nam\u0131di\u011fer B\u00fcy\u00fck Angel, son bir do\u011fum g\u00fcn\u00fc partisi yapmaya karar verip t\u00fcm ailesini \u015f\u00f6lene davet eder, fakat parti yakla\u015f\u0131rken annesi hayat\u0131n\u0131 kaybeder. Ayn\u0131 anda hem bir do\u011fum g\u00fcn\u00fc partisi hem de bir cenaze t\u00f6reni d\u00fczenlemek zorunda kalan B\u00fcy\u00fck Angel ve ailesi ac\u0131 tatl\u0131 bir hafta sonu ge\u00e7irecektir. Meksika-ABD s\u0131n\u0131r\u0131n\u0131n her iki taraf\u0131ndan hat\u0131ralar\u0131n y\u00e2d edilece\u011fi, d\u00fc\u015flerin ve hayal k\u0131r\u0131kl\u0131klar\u0131n\u0131n ortaya serilece\u011fi bu hafta sonunda do\u011fum ve \u00f6l\u00fcm, ba\u015flang\u0131\u00e7 ve son aras\u0131nda uzun bir yolculu\u011fa \u00e7\u0131kan ailenin \u00f6yk\u00fcs\u00fc, aranan ger\u00e7ek evin, yurdun da \u00f6yk\u00fcs\u00fcd\u00fcr. Kanad\u0131 K\u0131r\u0131k Melekler Evi, Pulitzer \u00d6d\u00fcl\u00fc finalisti olan LuisAlbertoUrrea\u2019dan, g\u00fcn\u00fcm\u00fcz\u00fcn Amerikan r\u00fcyas\u0131 hakk\u0131nda, bazen h\u00fcz\u00fcn bazen de umut verici bir roman. Ya\u015fam ve \u00f6l\u00fcm hi\u00e7 bu kadar g\u00fc\u00e7l\u00fc bir \u015fekilde i\u00e7 i\u00e7e ge\u00e7memi\u015fti\u2026 <\/p>\n","protected":false},"excerpt":{"rendered":"<p>Hayat\u0131n\u0131n son g\u00fcnlerini ya\u015fayan MiguelAngel de La Cruz, nam\u0131di\u011fer B\u00fcy\u00fck Angel, son bir do\u011fum g\u00fcn\u00fc partisi yapmaya karar verip t\u00fcm ailesini \u015f\u00f6lene davet eder, fakat parti<span class=\"excerpt-hellip\"> [\u2026]<\/span><\/p>\n","protected":false},"featured_media":0,"template":"","meta":{"_monsterinsights_skip_tracking":false,"_monsterinsights_sitenote_active":false,"_monsterinsights_sitenote_note":"","_monsterinsights_sitenote_category":0},"product_brand":[],"product_cat":[12291,12711],"product_tag":[],"class_list":{"0":"post-721028","1":"product","2":"type-product","3":"status-publish","5":"product_cat-edebiyat","6":"product_cat-roman-oyku","7":"pa_cilt-ciltsiz","8":"pa_tur-kitap","9":"pa_yayinevi-cinar-yayinlari","10":"pa_yazar-luis-alberto-urrea","12":"first","13":"instock","14":"sale","15":"shipping-taxable","16":"purchasable","17":"product-type-simple"},"_links":{"self":[{"href":"https:\/\/roveyayinevi.com.tr\/index.php\/wp-json\/wp\/v2\/product\/721028","targetHints":{"allow":["GET"]}}],"collection":[{"href":"https:\/\/roveyayinevi.com.tr\/index.php\/wp-json\/wp\/v2\/product"}],"about":[{"href":"https:\/\/roveyayinevi.com.tr\/index.php\/wp-json\/wp\/v2\/types\/product"}],"wp:attachment":[{"href":"https:\/\/roveyayinevi.com.tr\/index.php\/wp-json\/wp\/v2\/media?parent=721028"}],"wp:term":[{"taxonomy":"product_brand","embeddable":true,"href":"https:\/\/roveyayinevi.com.tr\/index.php\/wp-json\/wp\/v2\/product_brand?post=721028"},{"taxonomy":"product_cat","embeddable":true,"href":"https:\/\/roveyayinevi.com.tr\/index.php\/wp-json\/wp\/v2\/product_cat?post=721028"},{"taxonomy":"product_tag","embeddable":true,"href":"https:\/\/roveyayinevi.com.tr\/index.php\/wp-json\/wp\/v2\/product_tag?post=721028"}],"curies":[{"name":"wp","href":"https:\/\/api.w.org\/{rel}","templated":true}]}}