{"id":721026,"date":"2025-08-27T18:44:06","date_gmt":"2025-08-27T15:44:06","guid":{"rendered":"https:\/\/roveyayinevi.com.tr\/index.php\/urun\/felsefece-egitisim\/"},"modified":"2026-04-16T02:29:14","modified_gmt":"2026-04-15T23:29:14","slug":"felsefece-egitisim","status":"publish","type":"product","link":"https:\/\/roveyayinevi.com.tr\/index.php\/urun\/felsefece-egitisim\/","title":{"rendered":"Felsefece E\u011fiti\u015fim"},"content":{"rendered":"<p>Elinizdeki kitap, e\u011fitim felsefecisi Sabri B\u00fcy\u00fckd\u00fcvenci\u2019nin derledi\u011fi ve \u00e7evirmenli\u011fini yapt\u0131\u011f\u0131, d\u00fcnya e\u011fitim felsefesi yaz\u0131lar\u0131ndan olu\u015fmaktad\u0131r. Van Cleve Morris, Philip G. Smith, Arnold B. Levison, Israel Scheffler, Curt John Ducasse, Charles J. Brauner, Hobert W. Burns, Paul Nash, John S. Brubacher, Theodore Brameld, M. A. B. Degenhardt, bu isimlerden baz\u0131lar\u0131d\u0131r. Ayn\u0131 zamanda Sabri B\u00fcy\u00fckd\u00fcvenci\u2019nin, a\u015fk e\u011fitimi, Atat\u00fcrk\u2019\u00fcn e\u011fitim felsefesi ve hayat boyu e\u011fitime dair yaz\u0131lar\u0131n\u0131 da i\u00e7eren Felsefece E\u011fiti\u015fim\u2019i Saffet Bilhan\u2019\u0131n Sunu\u015fu ile okurlar\u0131m\u0131za takdim ediyoruz.<\/p>\n","protected":false},"excerpt":{"rendered":"<p>Elinizdeki kitap, e\u011fitim felsefecisi Sabri B\u00fcy\u00fckd\u00fcvenci\u2019nin derledi\u011fi ve \u00e7evirmenli\u011fini yapt\u0131\u011f\u0131, d\u00fcnya e\u011fitim felsefesi yaz\u0131lar\u0131ndan olu\u015fmaktad\u0131r. Van Cleve Morris, Philip G. Smith, Arnold B. Levison, Israel Scheffler,<span class=\"excerpt-hellip\"> [\u2026]<\/span><\/p>\n","protected":false},"featured_media":0,"template":"","meta":{"_monsterinsights_skip_tracking":false,"_monsterinsights_sitenote_active":false,"_monsterinsights_sitenote_note":"","_monsterinsights_sitenote_category":0},"product_brand":[],"product_cat":[12389,12388],"product_tag":[],"class_list":{"0":"post-721026","1":"product","2":"type-product","3":"status-publish","5":"product_cat-diger-felsefe","6":"product_cat-felsefe","7":"pa_cilt-ciltsiz","8":"pa_tur-kitap","9":"pa_yayinevi-fol-kitap","10":"pa_yazar-sabri-buyukduvenci","12":"first","13":"instock","14":"sale","15":"shipping-taxable","16":"purchasable","17":"product-type-simple"},"_links":{"self":[{"href":"https:\/\/roveyayinevi.com.tr\/index.php\/wp-json\/wp\/v2\/product\/721026","targetHints":{"allow":["GET"]}}],"collection":[{"href":"https:\/\/roveyayinevi.com.tr\/index.php\/wp-json\/wp\/v2\/product"}],"about":[{"href":"https:\/\/roveyayinevi.com.tr\/index.php\/wp-json\/wp\/v2\/types\/product"}],"wp:attachment":[{"href":"https:\/\/roveyayinevi.com.tr\/index.php\/wp-json\/wp\/v2\/media?parent=721026"}],"wp:term":[{"taxonomy":"product_brand","embeddable":true,"href":"https:\/\/roveyayinevi.com.tr\/index.php\/wp-json\/wp\/v2\/product_brand?post=721026"},{"taxonomy":"product_cat","embeddable":true,"href":"https:\/\/roveyayinevi.com.tr\/index.php\/wp-json\/wp\/v2\/product_cat?post=721026"},{"taxonomy":"product_tag","embeddable":true,"href":"https:\/\/roveyayinevi.com.tr\/index.php\/wp-json\/wp\/v2\/product_tag?post=721026"}],"curies":[{"name":"wp","href":"https:\/\/api.w.org\/{rel}","templated":true}]}}