{"id":721020,"date":"2025-08-27T18:44:03","date_gmt":"2025-08-27T15:44:03","guid":{"rendered":"https:\/\/roveyayinevi.com.tr\/index.php\/urun\/egitim-felsefesine-giris\/"},"modified":"2026-04-16T02:29:14","modified_gmt":"2026-04-15T23:29:14","slug":"egitim-felsefesine-giris","status":"publish","type":"product","link":"https:\/\/roveyayinevi.com.tr\/index.php\/urun\/egitim-felsefesine-giris\/","title":{"rendered":"E\u011fitim Felsefesine Giri\u015f"},"content":{"rendered":"<p>Elinizdeki kitap, herhangi bir e\u011fitim felsefesi kitab\u0131 de\u011fildir; s\u0131navlarda ezberlenmek \u00fczere, ak\u0131mlar ve filozoflar aras\u0131nda madde madde s\u0131ralanm\u0131\u015f karakteristikler bu eserde yer almaz.E\u011fitim felsefecisi Sabri B\u00fcy\u00fckd\u00fcvenci, bu eserinde, e\u011fitim felsefesinin anlam\u0131 ve neli\u011fini sorgulamaktad\u0131r.Bir \u2018metafelsefe\u2019 ile felsefe ak\u0131mlar\u0131, idealizm, realizm, naturalizm, pragmatizm, varolu\u015f\u00e7uluk ve analitik felsefenin mahiyetleri ile birlikte e\u011fitim anlay\u0131\u015flar\u0131n\u0131 ele\u015ftirel bir okuma ile okura sunmaktad\u0131r.<\/p>\n","protected":false},"excerpt":{"rendered":"<p>Elinizdeki kitap, herhangi bir e\u011fitim felsefesi kitab\u0131 de\u011fildir; s\u0131navlarda ezberlenmek \u00fczere, ak\u0131mlar ve filozoflar aras\u0131nda madde madde s\u0131ralanm\u0131\u015f karakteristikler bu eserde yer almaz.E\u011fitim felsefecisi Sabri B\u00fcy\u00fckd\u00fcvenci,<span class=\"excerpt-hellip\"> [\u2026]<\/span><\/p>\n","protected":false},"featured_media":0,"template":"","meta":{"_monsterinsights_skip_tracking":false,"_monsterinsights_sitenote_active":false,"_monsterinsights_sitenote_note":"","_monsterinsights_sitenote_category":0},"product_brand":[],"product_cat":[12389,12388],"product_tag":[],"class_list":{"0":"post-721020","1":"product","2":"type-product","3":"status-publish","5":"product_cat-diger-felsefe","6":"product_cat-felsefe","7":"pa_cilt-ciltsiz","8":"pa_tur-kitap","9":"pa_yayinevi-fol-kitap","10":"pa_yazar-sabri-buyukduvenci","12":"first","13":"instock","14":"sale","15":"shipping-taxable","16":"purchasable","17":"product-type-simple"},"_links":{"self":[{"href":"https:\/\/roveyayinevi.com.tr\/index.php\/wp-json\/wp\/v2\/product\/721020","targetHints":{"allow":["GET"]}}],"collection":[{"href":"https:\/\/roveyayinevi.com.tr\/index.php\/wp-json\/wp\/v2\/product"}],"about":[{"href":"https:\/\/roveyayinevi.com.tr\/index.php\/wp-json\/wp\/v2\/types\/product"}],"wp:attachment":[{"href":"https:\/\/roveyayinevi.com.tr\/index.php\/wp-json\/wp\/v2\/media?parent=721020"}],"wp:term":[{"taxonomy":"product_brand","embeddable":true,"href":"https:\/\/roveyayinevi.com.tr\/index.php\/wp-json\/wp\/v2\/product_brand?post=721020"},{"taxonomy":"product_cat","embeddable":true,"href":"https:\/\/roveyayinevi.com.tr\/index.php\/wp-json\/wp\/v2\/product_cat?post=721020"},{"taxonomy":"product_tag","embeddable":true,"href":"https:\/\/roveyayinevi.com.tr\/index.php\/wp-json\/wp\/v2\/product_tag?post=721020"}],"curies":[{"name":"wp","href":"https:\/\/api.w.org\/{rel}","templated":true}]}}