{"id":721019,"date":"2025-08-27T18:44:02","date_gmt":"2025-08-27T15:44:02","guid":{"rendered":"https:\/\/roveyayinevi.com.tr\/index.php\/urun\/ilk-defa-yayinlanan-belgelerle-hasan-tahsin-gercegi\/"},"modified":"2026-04-16T02:29:14","modified_gmt":"2026-04-15T23:29:14","slug":"ilk-defa-yayinlanan-belgelerle-hasan-tahsin-gercegi","status":"publish","type":"product","link":"https:\/\/roveyayinevi.com.tr\/index.php\/urun\/ilk-defa-yayinlanan-belgelerle-hasan-tahsin-gercegi\/","title":{"rendered":"\u0130lk Defa Yay\u0131nlanan Belgelerle Hasan Tahsin Ger\u00e7e\u011fi"},"content":{"rendered":"<p>Ey\u00fcp \u015eahin ilk defa yay\u0131nlanan belgelerle \u201cHasan Tahsin Efsanesi\u201d yalan\u0131n\u0131 de\u015fifre ediyor. Uzun ara\u015ft\u0131rmalara dayal\u0131 bu eserde, ger\u00e7ek Hasan Tahsin\u2019i, Hasan Tahsin ad\u0131yla suikast d\u00fczenleyen Osman Nevres\u2019i, \u0130zmir\u2019de ilk kur\u015fun olay\u0131n\u0131 ve Cumhuriyet sonras\u0131 y\u00fcr\u00fct\u00fclen alg\u0131 operasyonunu t\u00fcm detaylar\u0131yla bulacaks\u0131n\u0131z.Hasan Tahsin Recep\u2019in ifade edildi\u011fi gibi bir kahraman olmad\u0131\u011f\u0131 ve \u0130zmir\u2019deki ilk kur\u015funu atmad\u0131\u011f\u0131 g\u00f6r\u00fc\u015f\u00fcn\u00fc benimseyen yazarlar\u0131n gazete ve dergilerdeki yaz\u0131lar\u0131, halk\u0131 yeterince etkilemedi\u011finden yanl\u0131\u015f alg\u0131lamaya kar\u015f\u0131 olu\u015fmas\u0131 gereken direncin dayanak noktas\u0131 olu\u015fmad\u0131. Sonu\u00e7ta, gazete ve dergi koleksiyonlar\u0131n\u0131n i\u00e7inde g\u00f6zden uzakta kald\u0131lar. Meydan, d\u00f6nme ve d\u00f6nme severlere kald\u0131. \u0130stedikleri alg\u0131y\u0131 olu\u015fturmak i\u00e7in \u00f6nemli f\u0131rsatlar yakalad\u0131lar ve bu f\u0131rsatlar\u0131 da de\u011ferlendirme ba\u015far\u0131s\u0131n\u0131 g\u00f6sterdiler.Son zamanlarda yap\u0131lan ara\u015ft\u0131rma ve ar\u015fiv taramalar\u0131 sonucunda, elde edilen hat\u0131ralarla yap\u0131lan kar\u015f\u0131la\u015ft\u0131rmalar \u00fczerine, \u0130zmir\u2019de at\u0131lan ilk kur\u015fun mevzusu ayd\u0131nlat\u0131lmaya ba\u015fland\u0131. Bu do\u011frultuda yap\u0131lan ba\u015fka \u00e7al\u0131\u015fmalar\u0131n \u0131\u015f\u0131\u011f\u0131nda, Hasan Tahsin\u2019in ilk kur\u015funu (veya takip eden s\u00fcre\u00e7te herhangi bir kur\u015fun) atmad\u0131\u011f\u0131 a\u00e7\u0131kl\u0131\u011fa kavu\u015fturulmu\u015f oldu. Bu da, 1970\u2019li y\u0131llarda ayyuka \u00e7\u0131kar\u0131lan iddialar\u0131n ortadan kald\u0131r\u0131lmas\u0131na sebebiyet verdi. Yeni \u00e7al\u0131\u015fmalar yap\u0131larak mesele ayd\u0131nl\u0131\u011fa kavu\u015fturuldu. \u00d6yle ki \u0130zmir\u2019de ve Hasan Tahsin ad\u0131na yap\u0131lan \u201c\u0130lk Kur\u015fun An\u0131t\u0131\u201d da tart\u0131\u015f\u0131l\u0131r hale geldi.<\/p>\n","protected":false},"excerpt":{"rendered":"<p>Ey\u00fcp \u015eahin ilk defa yay\u0131nlanan belgelerle \u201cHasan Tahsin Efsanesi\u201d yalan\u0131n\u0131 de\u015fifre ediyor. Uzun ara\u015ft\u0131rmalara dayal\u0131 bu eserde, ger\u00e7ek Hasan Tahsin\u2019i, Hasan Tahsin ad\u0131yla suikast d\u00fczenleyen Osman<span class=\"excerpt-hellip\"> [\u2026]<\/span><\/p>\n","protected":false},"featured_media":0,"template":"","meta":{"_monsterinsights_skip_tracking":false,"_monsterinsights_sitenote_active":false,"_monsterinsights_sitenote_note":"","_monsterinsights_sitenote_category":0},"product_brand":[],"product_cat":[12304,13493],"product_tag":[],"class_list":{"0":"post-721019","1":"product","2":"type-product","3":"status-publish","5":"product_cat-tarih","6":"product_cat-turkiye-ve-cumhuriyet-tarihi","7":"pa_cilt-ciltsiz","8":"pa_tur-kitap","9":"pa_yayinevi-ketebe-yayinlari","10":"pa_yazar-eyup-sahin","12":"first","13":"instock","14":"sale","15":"shipping-taxable","16":"purchasable","17":"product-type-simple"},"_links":{"self":[{"href":"https:\/\/roveyayinevi.com.tr\/index.php\/wp-json\/wp\/v2\/product\/721019","targetHints":{"allow":["GET"]}}],"collection":[{"href":"https:\/\/roveyayinevi.com.tr\/index.php\/wp-json\/wp\/v2\/product"}],"about":[{"href":"https:\/\/roveyayinevi.com.tr\/index.php\/wp-json\/wp\/v2\/types\/product"}],"wp:attachment":[{"href":"https:\/\/roveyayinevi.com.tr\/index.php\/wp-json\/wp\/v2\/media?parent=721019"}],"wp:term":[{"taxonomy":"product_brand","embeddable":true,"href":"https:\/\/roveyayinevi.com.tr\/index.php\/wp-json\/wp\/v2\/product_brand?post=721019"},{"taxonomy":"product_cat","embeddable":true,"href":"https:\/\/roveyayinevi.com.tr\/index.php\/wp-json\/wp\/v2\/product_cat?post=721019"},{"taxonomy":"product_tag","embeddable":true,"href":"https:\/\/roveyayinevi.com.tr\/index.php\/wp-json\/wp\/v2\/product_tag?post=721019"}],"curies":[{"name":"wp","href":"https:\/\/api.w.org\/{rel}","templated":true}]}}