{"id":721018,"date":"2025-08-27T18:44:01","date_gmt":"2025-08-27T15:44:01","guid":{"rendered":"https:\/\/roveyayinevi.com.tr\/index.php\/urun\/ceyizime-bir-kefen\/"},"modified":"2026-03-25T20:03:32","modified_gmt":"2026-03-25T17:03:32","slug":"ceyizime-bir-kefen","status":"publish","type":"product","link":"https:\/\/roveyayinevi.com.tr\/index.php\/urun\/ceyizime-bir-kefen\/","title":{"rendered":"\u00c7eyizime Bir Kefen"},"content":{"rendered":"<p>Bu s\u00fcms\u00fck at\u0131 koval\u0131m ey aziz, bu s\u00fcsl\u00fc krali\u00e7e gibi hal\u0131y\u0131Dizimiz \u00e7\u00fcr\u00fcs\u00fcn, topu\u011fumuz \u015fi\u015fsin, aln\u0131m\u0131z yaralans\u0131nS\u0131rt\u0131m\u0131zda yetimler oynas\u0131n, camide azar\u0131n i\u015fi neB\u00fcrokrasinin can\u0131 cehenneme, aman vermez siyati\u011finOntolojinin, k\u00f6\u015fk maymunu esteti\u011fin, ayya\u015f istatisti\u011finSecdeyi uzun tut biraz, \u00e7\u00f6ks\u00fcn i\u00e7imizdeki kibir iskelesiA\u015fkla al tekbiri, avaz\u0131n\u0131 onar, omzun b\u00f6yle Z\u00fclfik\u00e2r gibiAllah diyelim ey aziz, yatalak anam\u0131z canlans\u0131n evimizdeAllah diyelim kanas\u0131n g\u00f6\u011fs\u00fcm\u00fczde sevgilinin kalbiTerimiz birbirine de\u011fmeyen b\u00fct\u00fcn omuzlar\u0131 yaks\u0131nAllah diyelim, bir elimiz cephede \u015fehit ballar\u0131ndan als\u0131n<\/p>\n","protected":false},"excerpt":{"rendered":"<p>Bu s\u00fcms\u00fck at\u0131 koval\u0131m ey aziz, bu s\u00fcsl\u00fc krali\u00e7e gibi hal\u0131y\u0131Dizimiz \u00e7\u00fcr\u00fcs\u00fcn, topu\u011fumuz \u015fi\u015fsin, aln\u0131m\u0131z yaralans\u0131nS\u0131rt\u0131m\u0131zda yetimler oynas\u0131n, camide azar\u0131n i\u015fi neB\u00fcrokrasinin can\u0131 cehenneme, aman vermez<span class=\"excerpt-hellip\"> [\u2026]<\/span><\/p>\n","protected":false},"featured_media":0,"template":"","meta":{"_monsterinsights_skip_tracking":false,"_monsterinsights_sitenote_active":false,"_monsterinsights_sitenote_note":"","_monsterinsights_sitenote_category":0},"product_brand":[],"product_cat":[12291,12509],"product_tag":[],"class_list":{"0":"post-721018","1":"product","2":"type-product","3":"status-publish","5":"product_cat-edebiyat","6":"product_cat-siir","7":"pa_cilt-ciltsiz","8":"pa_tur-kitap","9":"pa_yayinevi-ketebe-yayinlari","10":"pa_yazar-ali-emre","12":"first","13":"instock","14":"sale","15":"shipping-taxable","16":"purchasable","17":"product-type-simple"},"_links":{"self":[{"href":"https:\/\/roveyayinevi.com.tr\/index.php\/wp-json\/wp\/v2\/product\/721018","targetHints":{"allow":["GET"]}}],"collection":[{"href":"https:\/\/roveyayinevi.com.tr\/index.php\/wp-json\/wp\/v2\/product"}],"about":[{"href":"https:\/\/roveyayinevi.com.tr\/index.php\/wp-json\/wp\/v2\/types\/product"}],"wp:attachment":[{"href":"https:\/\/roveyayinevi.com.tr\/index.php\/wp-json\/wp\/v2\/media?parent=721018"}],"wp:term":[{"taxonomy":"product_brand","embeddable":true,"href":"https:\/\/roveyayinevi.com.tr\/index.php\/wp-json\/wp\/v2\/product_brand?post=721018"},{"taxonomy":"product_cat","embeddable":true,"href":"https:\/\/roveyayinevi.com.tr\/index.php\/wp-json\/wp\/v2\/product_cat?post=721018"},{"taxonomy":"product_tag","embeddable":true,"href":"https:\/\/roveyayinevi.com.tr\/index.php\/wp-json\/wp\/v2\/product_tag?post=721018"}],"curies":[{"name":"wp","href":"https:\/\/api.w.org\/{rel}","templated":true}]}}