{"id":721017,"date":"2025-08-27T18:44:01","date_gmt":"2025-08-27T15:44:01","guid":{"rendered":"https:\/\/roveyayinevi.com.tr\/index.php\/urun\/turkiyede-sehir-ve-toplum\/"},"modified":"2026-04-16T02:29:14","modified_gmt":"2026-04-15T23:29:14","slug":"turkiyede-sehir-ve-toplum","status":"publish","type":"product","link":"https:\/\/roveyayinevi.com.tr\/index.php\/urun\/turkiyede-sehir-ve-toplum\/","title":{"rendered":"T\u00fcrkiye\u2019de \u015eehir ve Toplum"},"content":{"rendered":"<p>G\u00fcndelik hayata etkileri bak\u0131m\u0131ndan de\u011ferlendirilecek olunursa bir mesele olarak \u015fehir, insan hayat\u0131n\u0131 do\u011frudan etkileyen en \u00f6nemli meseledir. \u00c7\u00fcnk\u00fc ne kadar kaliteli \u015fehirlerde ya\u015fad\u0131\u011f\u0131m\u0131z ya da ya\u015fad\u0131\u011f\u0131m\u0131z \u015fehri ne kadar iyi kulland\u0131\u011f\u0131m\u0131z bir tart\u0131\u015fma konusu olsa da n\u00fcfusumuzun \u00e7ok b\u00fcy\u00fck bir k\u0131sm\u0131n\u0131n \u015fehirlerde ya\u015fad\u0131\u011f\u0131 ve kentli olu\u015fumuz tart\u0131\u015fma g\u00f6t\u00fcrmez bir ger\u00e7ektir. Elinizde tuttu\u011funuz bu kitap tam da bu meseleyi tarihsel derinli\u011fiyle ve farkl\u0131 boyutlar\u0131yla ele almaktad\u0131r<\/p>\n","protected":false},"excerpt":{"rendered":"<p>G\u00fcndelik hayata etkileri bak\u0131m\u0131ndan de\u011ferlendirilecek olunursa bir mesele olarak \u015fehir, insan hayat\u0131n\u0131 do\u011frudan etkileyen en \u00f6nemli meseledir. \u00c7\u00fcnk\u00fc ne kadar kaliteli \u015fehirlerde ya\u015fad\u0131\u011f\u0131m\u0131z ya da ya\u015fad\u0131\u011f\u0131m\u0131z<span class=\"excerpt-hellip\"> [\u2026]<\/span><\/p>\n","protected":false},"featured_media":0,"template":"","meta":{"_monsterinsights_skip_tracking":false,"_monsterinsights_sitenote_active":false,"_monsterinsights_sitenote_note":"","_monsterinsights_sitenote_category":0},"product_brand":[],"product_cat":[14787,13488],"product_tag":[],"class_list":{"0":"post-721017","1":"product","2":"type-product","3":"status-publish","5":"product_cat-diger-toplum-ve-insan","6":"product_cat-toplum-ve-insan","7":"pa_cilt-ciltsiz","8":"pa_tur-kitap","9":"pa_yayinevi-ketebe-yayinlari","10":"pa_yazar-mustafa-komurcuoglu","12":"first","13":"instock","14":"sale","15":"shipping-taxable","16":"purchasable","17":"product-type-simple"},"_links":{"self":[{"href":"https:\/\/roveyayinevi.com.tr\/index.php\/wp-json\/wp\/v2\/product\/721017","targetHints":{"allow":["GET"]}}],"collection":[{"href":"https:\/\/roveyayinevi.com.tr\/index.php\/wp-json\/wp\/v2\/product"}],"about":[{"href":"https:\/\/roveyayinevi.com.tr\/index.php\/wp-json\/wp\/v2\/types\/product"}],"wp:attachment":[{"href":"https:\/\/roveyayinevi.com.tr\/index.php\/wp-json\/wp\/v2\/media?parent=721017"}],"wp:term":[{"taxonomy":"product_brand","embeddable":true,"href":"https:\/\/roveyayinevi.com.tr\/index.php\/wp-json\/wp\/v2\/product_brand?post=721017"},{"taxonomy":"product_cat","embeddable":true,"href":"https:\/\/roveyayinevi.com.tr\/index.php\/wp-json\/wp\/v2\/product_cat?post=721017"},{"taxonomy":"product_tag","embeddable":true,"href":"https:\/\/roveyayinevi.com.tr\/index.php\/wp-json\/wp\/v2\/product_tag?post=721017"}],"curies":[{"name":"wp","href":"https:\/\/api.w.org\/{rel}","templated":true}]}}