{"id":721016,"date":"2025-08-27T18:44:00","date_gmt":"2025-08-27T15:44:00","guid":{"rendered":"https:\/\/roveyayinevi.com.tr\/index.php\/urun\/mahalledeki-hayalet\/"},"modified":"2026-04-16T02:29:14","modified_gmt":"2026-04-15T23:29:14","slug":"mahalledeki-hayalet","status":"publish","type":"product","link":"https:\/\/roveyayinevi.com.tr\/index.php\/urun\/mahalledeki-hayalet\/","title":{"rendered":"Mahalledeki Hayalet"},"content":{"rendered":"<p>\u00d6yk\u00fcm\u00fczde bir hayalet dola\u015f\u0131yor: Sait Faik\u2019ten V\u00fcsat O. Bener\u2019e, Ayfer Tun\u00e7\u2019tan Haldun Taner\u2019e, F\u00fcruzan\u2019dan, Mustafa Kutlu\u2019ya, \u015fekil de\u011fi\u015ftirse de \u00f6z\u00fc de\u011fi\u015fmeyen, do\u011fum lekesini and\u0131ran bir sanc\u0131, bir yara, bir s\u0131z\u0131. O, \u0130stanbul\u2019un arka sokaklar\u0131nda, dar kald\u0131r\u0131ml\u0131 s\u0131k\u0131\u015f\u0131k mahallelerde, yoklukla, trajediyle, felaketlerle g\u00f6\u011f\u00fcs g\u00f6\u011f\u00fcse ya\u015fayan \u00e7ocuklar\u0131n, kad\u0131nlar\u0131n, adamlar\u0131n hayaleti. O, \u015fairin deyimiyle \u201cbozuk paralar\u0131n\u201d, \u201csivilcelerin\u201d, \u201cpahal\u0131 zevklerin, ucuz cesaretlerin\u201d insan\u0131n\u0131n, yani b\u00fct\u00fcn halleriyle \u201c\u015fehrin insan\u0131\u201dn\u0131n hayaleti. \u0130rem Ertu\u011frul\u2019un, g\u00f6vdesinde bazen bir cinneti ve kahkahay\u0131, bazen safl\u0131\u011f\u0131 ve cinayeti; ergenli\u011fi ve yeti\u015fkinli\u011fi, k\u00fcsk\u00fcnl\u00fc\u011f\u00fc ve sava\u015f\u0131 ayn\u0131 anda bar\u0131nd\u0131ran anlat\u0131c\u0131larla kurdu\u011fu \u00f6yk\u00fclerinin \u00fczerinde, i\u015fte bu ele avuca s\u0131\u011fmaz hayaletin rengarenk g\u00f6lgesi dola\u015f\u0131yor. Mahalledeki Hayalet\u2019ler, b\u00f6ylece ger\u00e7ekli\u011fin d\u00fcnyas\u0131ndan poetik ve gizemli olan\u0131n d\u00fcnyas\u0131na s\u0131z\u0131yorlar. Kitaptaki \u00f6yk\u00fclerin muhatab\u0131 olabilen okura ise tek bir g\u00f6rev kal\u0131yor: Kendi kay\u0131p hayaletini bulmak. <\/p>\n","protected":false},"excerpt":{"rendered":"<p>\u00d6yk\u00fcm\u00fczde bir hayalet dola\u015f\u0131yor: Sait Faik\u2019ten V\u00fcsat O. Bener\u2019e, Ayfer Tun\u00e7\u2019tan Haldun Taner\u2019e, F\u00fcruzan\u2019dan, Mustafa Kutlu\u2019ya, \u015fekil de\u011fi\u015ftirse de \u00f6z\u00fc de\u011fi\u015fmeyen, do\u011fum lekesini and\u0131ran bir sanc\u0131,<span class=\"excerpt-hellip\"> [\u2026]<\/span><\/p>\n","protected":false},"featured_media":0,"template":"","meta":{"_monsterinsights_skip_tracking":false,"_monsterinsights_sitenote_active":false,"_monsterinsights_sitenote_note":"","_monsterinsights_sitenote_category":0},"product_brand":[],"product_cat":[12291,12711],"product_tag":[],"class_list":{"0":"post-721016","1":"product","2":"type-product","3":"status-publish","5":"product_cat-edebiyat","6":"product_cat-roman-oyku","7":"pa_cilt-ciltsiz","8":"pa_tur-kitap","9":"pa_yayinevi-ketebe-yayinlari","10":"pa_yazar-irem-ertugrul","12":"first","13":"instock","14":"sale","15":"shipping-taxable","16":"purchasable","17":"product-type-simple"},"_links":{"self":[{"href":"https:\/\/roveyayinevi.com.tr\/index.php\/wp-json\/wp\/v2\/product\/721016","targetHints":{"allow":["GET"]}}],"collection":[{"href":"https:\/\/roveyayinevi.com.tr\/index.php\/wp-json\/wp\/v2\/product"}],"about":[{"href":"https:\/\/roveyayinevi.com.tr\/index.php\/wp-json\/wp\/v2\/types\/product"}],"wp:attachment":[{"href":"https:\/\/roveyayinevi.com.tr\/index.php\/wp-json\/wp\/v2\/media?parent=721016"}],"wp:term":[{"taxonomy":"product_brand","embeddable":true,"href":"https:\/\/roveyayinevi.com.tr\/index.php\/wp-json\/wp\/v2\/product_brand?post=721016"},{"taxonomy":"product_cat","embeddable":true,"href":"https:\/\/roveyayinevi.com.tr\/index.php\/wp-json\/wp\/v2\/product_cat?post=721016"},{"taxonomy":"product_tag","embeddable":true,"href":"https:\/\/roveyayinevi.com.tr\/index.php\/wp-json\/wp\/v2\/product_tag?post=721016"}],"curies":[{"name":"wp","href":"https:\/\/api.w.org\/{rel}","templated":true}]}}