{"id":721015,"date":"2025-08-27T18:43:59","date_gmt":"2025-08-27T15:43:59","guid":{"rendered":"https:\/\/roveyayinevi.com.tr\/index.php\/urun\/insanin-dort-hali\/"},"modified":"2026-04-16T02:29:14","modified_gmt":"2026-04-15T23:29:14","slug":"insanin-dort-hali","status":"publish","type":"product","link":"https:\/\/roveyayinevi.com.tr\/index.php\/urun\/insanin-dort-hali\/","title":{"rendered":"\u0130nsan\u0131n D\u00f6rt Hali"},"content":{"rendered":"<p>\u0130nsan\u0131n hayat\u0131 \u00e7e\u015fitli ak\u0131\u015flardan ve evrelerden ge\u00e7erek olgunla\u015f\u0131r. \u0130nsan bu evrelerle beraber insan olur. Burada benli\u011fimizin geli\u015fimi tamamlan\u0131r. Ancak bu salt psikolojik ya da biyolojik bir olgu de\u011fil. Toplum hayat\u0131nda ya\u015fayarak bunu kazan\u0131r\u0131z. \u0130nsan insanlarla beraber ya\u015fayarak kemale erer. Benli\u011fimiz de bedenimiz de sosyal varl\u0131k d\u00fcnyas\u0131nda pi\u015ferek olu\u015fur. Kadir Canatan, y\u0131llar s\u00fcren sosyal bilim seyahatinden sonra bu kez bu konu \u00fczerine e\u011filiyor. Hem sosyoloji hem de psikolojinin bile\u015fiminden olu\u015fan bir perspektifle insan\u0131n hallerine \u0131\u015f\u0131k tutuyor. Hallerimizin tek\u00e2m\u00fcl\u00fcne dikkat \u00e7ekiyor. Bizi haller \u00fczerinden entelekt\u00fcel bir seyahate \u00e7a\u011f\u0131r\u0131yor.Erg\u00fcn Y\u0131ld\u0131r\u0131m<\/p>\n","protected":false},"excerpt":{"rendered":"<p>\u0130nsan\u0131n hayat\u0131 \u00e7e\u015fitli ak\u0131\u015flardan ve evrelerden ge\u00e7erek olgunla\u015f\u0131r. \u0130nsan bu evrelerle beraber insan olur. Burada benli\u011fimizin geli\u015fimi tamamlan\u0131r. Ancak bu salt psikolojik ya da biyolojik bir<span class=\"excerpt-hellip\"> [\u2026]<\/span><\/p>\n","protected":false},"featured_media":0,"template":"","meta":{"_monsterinsights_skip_tracking":false,"_monsterinsights_sitenote_active":false,"_monsterinsights_sitenote_note":"","_monsterinsights_sitenote_category":0},"product_brand":[],"product_cat":[12291,12711],"product_tag":[],"class_list":{"0":"post-721015","1":"product","2":"type-product","3":"status-publish","5":"product_cat-edebiyat","6":"product_cat-roman-oyku","7":"pa_cilt-ciltsiz","8":"pa_tur-kitap","9":"pa_yayinevi-ketebe-yayinlari","10":"pa_yazar-kadir-canatan","12":"first","13":"instock","14":"sale","15":"shipping-taxable","16":"purchasable","17":"product-type-simple"},"_links":{"self":[{"href":"https:\/\/roveyayinevi.com.tr\/index.php\/wp-json\/wp\/v2\/product\/721015","targetHints":{"allow":["GET"]}}],"collection":[{"href":"https:\/\/roveyayinevi.com.tr\/index.php\/wp-json\/wp\/v2\/product"}],"about":[{"href":"https:\/\/roveyayinevi.com.tr\/index.php\/wp-json\/wp\/v2\/types\/product"}],"wp:attachment":[{"href":"https:\/\/roveyayinevi.com.tr\/index.php\/wp-json\/wp\/v2\/media?parent=721015"}],"wp:term":[{"taxonomy":"product_brand","embeddable":true,"href":"https:\/\/roveyayinevi.com.tr\/index.php\/wp-json\/wp\/v2\/product_brand?post=721015"},{"taxonomy":"product_cat","embeddable":true,"href":"https:\/\/roveyayinevi.com.tr\/index.php\/wp-json\/wp\/v2\/product_cat?post=721015"},{"taxonomy":"product_tag","embeddable":true,"href":"https:\/\/roveyayinevi.com.tr\/index.php\/wp-json\/wp\/v2\/product_tag?post=721015"}],"curies":[{"name":"wp","href":"https:\/\/api.w.org\/{rel}","templated":true}]}}