{"id":721014,"date":"2025-08-27T18:43:59","date_gmt":"2025-08-27T15:43:59","guid":{"rendered":"https:\/\/roveyayinevi.com.tr\/index.php\/urun\/cografyamizi-adimlarken-hatirda-kalanlar\/"},"modified":"2026-04-16T02:29:14","modified_gmt":"2026-04-15T23:29:14","slug":"cografyamizi-adimlarken-hatirda-kalanlar","status":"publish","type":"product","link":"https:\/\/roveyayinevi.com.tr\/index.php\/urun\/cografyamizi-adimlarken-hatirda-kalanlar\/","title":{"rendered":"Co\u011frafyam\u0131z\u0131 Ad\u0131mlarken Hat\u0131rda Kalanlar"},"content":{"rendered":"<p>Co\u011frafyam\u0131z\u0131 Ad\u0131mlarken Hat\u0131rda Kalanlar, okuyucular\u0131 yerlerinden kalkmaya ve seyahate te\u015fvik etmek, meraklar\u0131n\u0131 uyand\u0131rmak, yollara d\u00fc\u015fmelerini sa\u011flamak ve asl\u0131nda bunun ne kadar kolay oldu\u011funu g\u00f6stermek i\u00e7in haz\u0131rland\u0131. \u2018Co\u011frafyam\u0131z\u2019daki iyelik vurgusu da, tarih i\u00e7inde M\u00fcsl\u00fcmanlar\u0131n herhangi bir \u015fekilde iz b\u0131rakt\u0131klar\u0131 her yerin, asl\u0131nda \u201cbizim\u201d oldu\u011funu hat\u0131rlatmaya matuf bir se\u00e7im.<\/p>\n","protected":false},"excerpt":{"rendered":"<p>Co\u011frafyam\u0131z\u0131 Ad\u0131mlarken Hat\u0131rda Kalanlar, okuyucular\u0131 yerlerinden kalkmaya ve seyahate te\u015fvik etmek, meraklar\u0131n\u0131 uyand\u0131rmak, yollara d\u00fc\u015fmelerini sa\u011flamak ve asl\u0131nda bunun ne kadar kolay oldu\u011funu g\u00f6stermek i\u00e7in haz\u0131rland\u0131.<span class=\"excerpt-hellip\"> [\u2026]<\/span><\/p>\n","protected":false},"featured_media":0,"template":"","meta":{"_monsterinsights_skip_tracking":false,"_monsterinsights_sitenote_active":false,"_monsterinsights_sitenote_note":"","_monsterinsights_sitenote_category":0},"product_brand":[],"product_cat":[13055,13054],"product_tag":[],"class_list":{"0":"post-721014","1":"product","2":"type-product","3":"status-publish","5":"product_cat-gezi-rehberi","6":"product_cat-gezi-ve-rehber-kitaplari","7":"pa_cilt-ciltsiz","8":"pa_tur-kitap","9":"pa_yayinevi-ketebe-yayinlari","10":"pa_yazar-taha-kilinc","12":"first","13":"instock","14":"sale","15":"shipping-taxable","16":"purchasable","17":"product-type-simple"},"_links":{"self":[{"href":"https:\/\/roveyayinevi.com.tr\/index.php\/wp-json\/wp\/v2\/product\/721014","targetHints":{"allow":["GET"]}}],"collection":[{"href":"https:\/\/roveyayinevi.com.tr\/index.php\/wp-json\/wp\/v2\/product"}],"about":[{"href":"https:\/\/roveyayinevi.com.tr\/index.php\/wp-json\/wp\/v2\/types\/product"}],"wp:attachment":[{"href":"https:\/\/roveyayinevi.com.tr\/index.php\/wp-json\/wp\/v2\/media?parent=721014"}],"wp:term":[{"taxonomy":"product_brand","embeddable":true,"href":"https:\/\/roveyayinevi.com.tr\/index.php\/wp-json\/wp\/v2\/product_brand?post=721014"},{"taxonomy":"product_cat","embeddable":true,"href":"https:\/\/roveyayinevi.com.tr\/index.php\/wp-json\/wp\/v2\/product_cat?post=721014"},{"taxonomy":"product_tag","embeddable":true,"href":"https:\/\/roveyayinevi.com.tr\/index.php\/wp-json\/wp\/v2\/product_tag?post=721014"}],"curies":[{"name":"wp","href":"https:\/\/api.w.org\/{rel}","templated":true}]}}