{"id":721013,"date":"2025-08-27T18:43:58","date_gmt":"2025-08-27T15:43:58","guid":{"rendered":"https:\/\/roveyayinevi.com.tr\/index.php\/urun\/dunyada-ve-turkiyede-neoliberalizm\/"},"modified":"2026-04-16T02:29:14","modified_gmt":"2026-04-15T23:29:14","slug":"dunyada-ve-turkiyede-neoliberalizm","status":"publish","type":"product","link":"https:\/\/roveyayinevi.com.tr\/index.php\/urun\/dunyada-ve-turkiyede-neoliberalizm\/","title":{"rendered":"D\u00fcnyada ve T\u00fcrkiye\u2019de Neoliberalizm"},"content":{"rendered":"<p>E\u011fitimden sa\u011fl\u0131\u011fa, adaletten gelir da\u011f\u0131l\u0131m\u0131na, ekonomiden siyasete her alanda etkilerinin hissedilmesi neoliberalizm hakk\u0131nda az\u0131msanmayacak miktarda ele\u015ftirel bir literat\u00fcr olu\u015fmas\u0131na neden olmu\u015ftur. \u00c7o\u011fu zaman siyasi ve ekonomik krizlerin nedeni olarak bu yafta g\u00f6r\u00fcl\u00fcr. Elinizdeki bu kitap neoliberalizmi ilkeler ba\u011flam\u0131nda, a\u00e7\u0131klay\u0131c\u0131 ve olabildi\u011fince tarafs\u0131z bir \u00fcslupla ele ald\u0131\u011f\u0131ndan di\u011fer yay\u0131nlardan farkl\u0131l\u0131k arz etmektedir. Neoliberalizm, devletin yerine serbest piyasan\u0131n belirleyici oldu\u011fu ve temel ekonomik kararlar\u0131n \u00f6zel sekt\u00f6r taraf\u0131ndan al\u0131nd\u0131\u011f\u0131 bir toplumsal d\u00fczeni savunmaktad\u0131r. Temelini klasik liberalizmden almaktad\u0131r; klasik liberalizmdeki \u00f6zg\u00fcrl\u00fck, e\u015fitlik ve karde\u015flik, neoliberalizmde ancak serbest piyasa \u015fartlar\u0131nda ger\u00e7ekle\u015febilir. \u0130kinci D\u00fcnya Sava\u015f\u0131 sonras\u0131 giderek artan devlet\u00e7i uygulamalara bir tepki olarak ortaya \u00e7\u0131km\u0131\u015ft\u0131r. Neoliberalizmi a\u00e7\u0131klayan bu kitapta tarihsel bir s\u00fcre\u00e7 i\u00e7inde klasik liberalizm ve devlet\u00e7i ekonomik uygulamalara da yer verilmi\u015ftir.<\/p>\n","protected":false},"excerpt":{"rendered":"<p>E\u011fitimden sa\u011fl\u0131\u011fa, adaletten gelir da\u011f\u0131l\u0131m\u0131na, ekonomiden siyasete her alanda etkilerinin hissedilmesi neoliberalizm hakk\u0131nda az\u0131msanmayacak miktarda ele\u015ftirel bir literat\u00fcr olu\u015fmas\u0131na neden olmu\u015ftur. \u00c7o\u011fu zaman siyasi ve ekonomik<span class=\"excerpt-hellip\"> [\u2026]<\/span><\/p>\n","protected":false},"featured_media":0,"template":"","meta":{"_monsterinsights_skip_tracking":false,"_monsterinsights_sitenote_active":false,"_monsterinsights_sitenote_note":"","_monsterinsights_sitenote_category":0},"product_brand":[],"product_cat":[13590,12337],"product_tag":[],"class_list":{"0":"post-721013","1":"product","2":"type-product","3":"status-publish","5":"product_cat-arastirma-inceleme-politika-siyaset","6":"product_cat-politika-siyaset","7":"pa_cilt-ciltsiz","8":"pa_tur-kitap","9":"pa_yayinevi-ketebe-yayinlari","10":"pa_yazar-cengizhan-yildirim","12":"first","13":"instock","14":"sale","15":"shipping-taxable","16":"purchasable","17":"product-type-simple"},"_links":{"self":[{"href":"https:\/\/roveyayinevi.com.tr\/index.php\/wp-json\/wp\/v2\/product\/721013","targetHints":{"allow":["GET"]}}],"collection":[{"href":"https:\/\/roveyayinevi.com.tr\/index.php\/wp-json\/wp\/v2\/product"}],"about":[{"href":"https:\/\/roveyayinevi.com.tr\/index.php\/wp-json\/wp\/v2\/types\/product"}],"wp:attachment":[{"href":"https:\/\/roveyayinevi.com.tr\/index.php\/wp-json\/wp\/v2\/media?parent=721013"}],"wp:term":[{"taxonomy":"product_brand","embeddable":true,"href":"https:\/\/roveyayinevi.com.tr\/index.php\/wp-json\/wp\/v2\/product_brand?post=721013"},{"taxonomy":"product_cat","embeddable":true,"href":"https:\/\/roveyayinevi.com.tr\/index.php\/wp-json\/wp\/v2\/product_cat?post=721013"},{"taxonomy":"product_tag","embeddable":true,"href":"https:\/\/roveyayinevi.com.tr\/index.php\/wp-json\/wp\/v2\/product_tag?post=721013"}],"curies":[{"name":"wp","href":"https:\/\/api.w.org\/{rel}","templated":true}]}}